{"id":1574,"date":"2019-08-03T18:16:01","date_gmt":"2019-08-03T18:16:01","guid":{"rendered":"http:\/\/beachbumcozumel.com\/?page_id=1574"},"modified":"2020-06-17T04:15:22","modified_gmt":"2020-06-17T04:15:22","slug":"deep-sea-fishing-in-cozumel","status":"publish","type":"page","link":"https:\/\/beachbumcozumel.mx\/es\/services\/deep-sea-fishing-in-cozumel\/","title":{"rendered":"Pesca de mar profundo"},"content":{"rendered":"<div id=\"pl-1574\"  class=\"panel-layout\" ><div id=\"pg-1574-0\"  class=\"panel-grid panel-no-style\" ><div id=\"pgc-1574-0-0\"  class=\"panel-grid-cell\" ><div id=\"panel-1574-0-0-0\" class=\"so-panel widget widget_sow-editor panel-first-child\" data-index=\"0\" ><div\n\t\t\t\n\t\t\tclass=\"so-widget-sow-editor so-widget-sow-editor-base\"\n\t\t\t\n\t\t><h3 class=\"widget-title\"><span class=\"widget-title__inline\">Descripci\u00f3n del Tour:<\/span><\/h3>\n<div class=\"siteorigin-widget-tinymce textwidget\">\n\t<p>Zarpar\u00e1 en un flybridge Bertram de fibra de vidrio de 35 'completamente equipado para la pesca y el buceo. En nuestros viajes de pesca en aguas profundas, tendremos un m\u00ednimo de 5 l\u00edneas en el agua en todo momento para maximizar sus posibilidades de capturar peces. Cuando vaya a la pesca en aguas profundas en Cozumel, es m\u00e1s probable que traiga marlin azul y blanco, pez vela, wahoo, mahi mahi, \u00e1mbar y barracuda.<\/p>\n<p>Su barco ser\u00e1 capitaneado por un pescador experto, que lo ayudar\u00e1 a prepararlo en el caso que lo necesite y un excelente primer marinero que se asegurar\u00e1 de que siempre tenga una bebida en la mano. Este recorrido incluye todo lo que necesita para una excursi\u00f3n llena de diversi\u00f3n: ca\u00f1as, carretes, plumas, se\u00f1uelos, plomadas, cebos y anzuelos.<br \/>\nNuestro equipo est\u00e1 formado por expertos capacitados en el uso del equipo de pesca de Penn International y asegurar\u00e1 que su experiencia sea segura y divertida. \u00a1Tambi\u00e9n hacen el mejor \"ceviche de pescado\" con su pesca del dia!<\/p>\n<p>Visita nuestro <a href=\"https:\/\/beachbumcozumel.mx\/es\/blog\/\">Blog<\/a> y aprende m\u00e1s sobre la pesca en aguas profundas en Cozumel!<\/p>\n<\/div>\n<\/div><\/div><div id=\"panel-1574-0-0-1\" class=\"widget_text so-panel widget widget_custom_html panel-last-child\" data-index=\"1\" ><div class=\"textwidget custom-html-widget\"><a class=\"btn  btn-primary  col-xs-12\" href=\"https:\/\/book.peek.com\/s\/b0f5a87f-d1e4-4354-9263-f31778a802a2\/8eBgW\" target=\"_self\"> Reservar<\/a><\/div><\/div><\/div><div id=\"pgc-1574-0-1\"  class=\"panel-grid-cell\" ><div id=\"panel-1574-0-1-0\" class=\"so-panel widget widget_pw_pricing_list widget-pricing-list panel-first-child\" data-index=\"2\" >\n\t<div class=\"pricing-list\">\n\t\t\t\t\t<div class=\"pricing-list__widget-title\">\n\t\t\t\t<h3 class=\"widget-title\"><span class=\"widget-title__inline\">Precios de pesca privada<\/span><\/h3>\t\t\t<\/div>\n\t\t\t\t\t\t\t<div class=\"pricing-list__item\">\n\t\t\t\t\t\t\t\t\t<span class=\"pricing-list__badge\">AM PM<\/span>\n\t\t\t\t\t\t\t\t<span class=\"pricing-list__title\">1-6 personas<\/span>\n\t\t\t\t<span class=\"pricing-list__line\"><\/span>\n\t\t\t\t<span class=\"pricing-list__price\">$415 por grupo<\/span>\n\t\t\t\t\t\t\t\t\t<p class=\"pricing-list__description\">\n\t\t\t\t\t\t4-5 horas\t\t\t\t\t<\/p>\n\t\t\t\t\t\t\t<\/div>\n\t\t\t\t\t<div class=\"pricing-list__item\">\n\t\t\t\t\t\t\t\t<span class=\"pricing-list__title\">Persona adicional<\/span>\n\t\t\t\t<span class=\"pricing-list__line\"><\/span>\n\t\t\t\t<span class=\"pricing-list__price\">$30<\/span>\n\t\t\t\t\t\t\t\t\t<p class=\"pricing-list__description\">\n\t\t\t\t\t\tCapacidad M\u00e1xima: 18 Personas\t\t\t\t\t<\/p>\n\t\t\t\t\t\t\t<\/div>\n\t\t\t\t\t<div class=\"pricing-list__item\">\n\t\t\t\t\t\t\t\t\t<span class=\"pricing-list__badge\">Extras<\/span>\n\t\t\t\t\t\t\t\t<span class=\"pricing-list__title\">Extensi\u00f3n de d\u00eda completo<\/span>\n\t\t\t\t<span class=\"pricing-list__line\"><\/span>\n\t\t\t\t<span class=\"pricing-list__price\">$290<\/span>\n\t\t\t\t\t\t\t\t\t<p class=\"pricing-list__description\">\n\t\t\t\t\t\tHasta 8 horas\t\t\t\t\t<\/p>\n\t\t\t\t\t\t\t<\/div>\n\t\t\t\t\t<div class=\"pricing-list__item\">\n\t\t\t\t\t\t\t\t\t<span class=\"pricing-list__badge\">Extras<\/span>\n\t\t\t\t\t\t\t\t<span class=\"pricing-list__title\">Estuche de 24 variedades de cerveza<\/span>\n\t\t\t\t<span class=\"pricing-list__line\"><\/span>\n\t\t\t\t<span class=\"pricing-list__price\">$50<\/span>\n\t\t\t\t\t\t\t\t\t<p class=\"pricing-list__description\">\n\t\t\t\t\t\tIncluye 4x Tecate, 4 Coronas, 4 Heinekken, 4 Sol, 4 Superior, 4x Dos Equis.\t\t\t\t\t<\/p>\n\t\t\t\t\t\t\t<\/div>\n\t\t\t\t\t<div class=\"pricing-list__item\">\n\t\t\t\t\t\t\t\t\t<span class=\"pricing-list__badge\">Extras<\/span>\n\t\t\t\t\t\t\t\t<span class=\"pricing-list__title\">Paquete de 12 cervezas<\/span>\n\t\t\t\t<span class=\"pricing-list__line\"><\/span>\n\t\t\t\t<span class=\"pricing-list__price\">$30<\/span>\n\t\t\t\t\t\t\t\t\t<p class=\"pricing-list__description\">\n\t\t\t\t\t\tElija entre cualquiera de los siguientes: Corona, Tecate, Heinekken, Superior, Sol, Indio, Modelo, Modelo Dark. Notif\u00edquenos por correo electr\u00f3nico sobre cualquier tipo espec\u00edfico de cerveza que le gustar\u00eda agregar. \t\t\t\t\t<\/p>\n\t\t\t\t\t\t\t<\/div>\n\t\t\t<\/div>\n\n<\/div><div id=\"panel-1574-0-1-1\" class=\"so-panel widget widget_pw_accordion widget-accordion panel-last-child\" data-index=\"3\" >\t<div class=\"accordion panel-group\" id=\"accordion-widget-0-1-1\" role=\"tablist\" aria-multiselectable=\"true\">\n\t\t\t<div class=\"accordion__panel  panel  panel-default\">\n\t\t\t<div class=\"accordion__heading  panel-heading\" role=\"tab\" id=\"heading-widget-0-1-1-1\">\n\t\t\t\t<h4 class=\"panel-title\">\n\t\t\t\t\t<a class=\"collapsed\" role=\"button\" data-toggle=\"collapse\" data-parent=\"#accordion-widget-0-1-1\" href=\"#collapse-widget-0-1-1-1\" aria-expanded=\"false\" aria-controls=\"collapse-widget-0-1-1-1\">\n\t\t\t\t\t\tHora de salida: \t\t\t\t\t<\/a>\n\t\t\t\t<\/h4>\n\t\t\t<\/div>\n\t\t\t<div id=\"collapse-widget-0-1-1-1\" class=\"accordion__content  panel-collapse  collapse\" role=\"tabpanel\" aria-labelledby=\"heading-widget-0-1-1-1\">\n\t\t\t\t<div class=\"panel-body\">\n\t\t\t\t\tSale diariamente a las 7:00 a.m. y a las 12:00 p.m. \t\t\t\t<\/div>\n\t\t\t<\/div>\n\t\t<\/div>\n\t\t\t<div class=\"accordion__panel  panel  panel-default\">\n\t\t\t<div class=\"accordion__heading  panel-heading\" role=\"tab\" id=\"heading-widget-0-1-1-2\">\n\t\t\t\t<h4 class=\"panel-title\">\n\t\t\t\t\t<a class=\"collapsed\" role=\"button\" data-toggle=\"collapse\" data-parent=\"#accordion-widget-0-1-1\" href=\"#collapse-widget-0-1-1-2\" aria-expanded=\"false\" aria-controls=\"collapse-widget-0-1-1-2\">\n\t\t\t\t\t\tInstrucciones de reuni\u00f3n: \t\t\t\t\t<\/a>\n\t\t\t\t<\/h4>\n\t\t\t<\/div>\n\t\t\t<div id=\"collapse-widget-0-1-1-2\" class=\"accordion__content  panel-collapse  collapse\" role=\"tabpanel\" aria-labelledby=\"heading-widget-0-1-1-2\">\n\t\t\t\t<div class=\"panel-body\">\n\t\t\t\t\tSu pesca en alta mar en Cozumel parte de la tienda Beach Bum Cozumel ubicada en Main Ocean Road, junto a la tienda de alquiler Eagle Rider Harley Davidson, a unas 2 cuadras al norte del Park Royal Resort. Una vez que se registre, abordaremos justo al otro lado de la calle en un puerto deportivo privado en la playa. \n\n\t\t\t\t<\/div>\n\t\t\t<\/div>\n\t\t<\/div>\n\t\t\t<div class=\"accordion__panel  panel  panel-default\">\n\t\t\t<div class=\"accordion__heading  panel-heading\" role=\"tab\" id=\"heading-widget-0-1-1-3\">\n\t\t\t\t<h4 class=\"panel-title\">\n\t\t\t\t\t<a class=\"collapsed\" role=\"button\" data-toggle=\"collapse\" data-parent=\"#accordion-widget-0-1-1\" href=\"#collapse-widget-0-1-1-3\" aria-expanded=\"false\" aria-controls=\"collapse-widget-0-1-1-3\">\n\t\t\t\t\t\tRestricciones: \t\t\t\t\t<\/a>\n\t\t\t\t<\/h4>\n\t\t\t<\/div>\n\t\t\t<div id=\"collapse-widget-0-1-1-3\" class=\"accordion__content  panel-collapse  collapse\" role=\"tabpanel\" aria-labelledby=\"heading-widget-0-1-1-3\">\n\t\t\t\t<div class=\"panel-body\">\n\t\t\t\t\tEste recorrido es muy agradable y sencillo. Aunque nuestros barcos no viajan a velocidades excesivas, este recorrido no se recomienda para personas con problemas card\u00edacos o respiratorios. Todos los menores deben estar acompa\u00f1ados por un adulto en todo momento para participar en la actividad. Este recorrido no puede acomodar a hu\u00e9spedes con problemas de espalda, rodilla u otros problemas de movilidad. El tour puede cancelarse debido al mal tiempo. Nuestros tours generalmente operan con lluvia ligera y otras condiciones clim\u00e1ticas moderadas; sin embargo, el tour puede cancelarse en caso de condiciones clim\u00e1ticas adversas o inseguras. \n\n\n\t\t\t\t<\/div>\n\t\t\t<\/div>\n\t\t<\/div>\n\t\t\t<div class=\"accordion__panel  panel  panel-default\">\n\t\t\t<div class=\"accordion__heading  panel-heading\" role=\"tab\" id=\"heading-widget-0-1-1-4\">\n\t\t\t\t<h4 class=\"panel-title\">\n\t\t\t\t\t<a class=\"collapsed\" role=\"button\" data-toggle=\"collapse\" data-parent=\"#accordion-widget-0-1-1\" href=\"#collapse-widget-0-1-1-4\" aria-expanded=\"false\" aria-controls=\"collapse-widget-0-1-1-4\">\n\t\t\t\t\t\tPolitica de reembolso:\t\t\t\t\t<\/a>\n\t\t\t\t<\/h4>\n\t\t\t<\/div>\n\t\t\t<div id=\"collapse-widget-0-1-1-4\" class=\"accordion__content  panel-collapse  collapse\" role=\"tabpanel\" aria-labelledby=\"heading-widget-0-1-1-4\">\n\t\t\t\t<div class=\"panel-body\">\n\t\t\t\t\tPara cancelar su actividad, se debe enviar una notificaci\u00f3n por escrito a info@beachbumcozumel.com. Para obtener un reembolso completo, cancele hasta 7 d\u00edas antes de la salida programada. Las cancelaciones recibidas entre 6 y 4 d\u00edas antes de la fecha de salida programada incurrir\u00e1n en una tarifa de cancelaci\u00f3n 20%. Las cancelaciones 3 d\u00edas antes de la salida del tour incurrir\u00e1n en una tarifa de cancelaci\u00f3n 50%. Las cancelaciones o &quot;no presentaciones&quot; en el mismo d\u00eda no son reembolsables 100%. \t\t\t\t<\/div>\n\t\t\t<\/div>\n\t\t<\/div>\n\t\t\t<\/div>\n\n<\/div><\/div><\/div><\/div>","protected":false},"excerpt":{"rendered":"<p>Rel\u00e1jese y disfrute de una divertida pesca en alta mar en la costa de Cozumel. Durante todo el a\u00f1o, Cozumel es el para\u00edso de los pescadores. Siempre es una aventura, \u00a1nunca sabes lo que vas a atrapar!<\/p>","protected":false},"author":2,"featured_media":2721,"parent":19,"menu_order":0,"comment_status":"closed","ping_status":"closed","template":"template-tour.php","meta":{"_acf_changed":false,"footnotes":""},"yst_prominent_words":[182,188,94,190,178,177,155,175,183,185,163,176,184,187,181,179,189,128,186,180],"class_list":["post-1574","page","type-page","status-publish","has-post-thumbnail","hentry","clearfix"],"acf":[],"yoast_head":"<!-- This site is optimized with the Yoast SEO Premium plugin v14.5 - https:\/\/yoast.com\/wordpress\/plugins\/seo\/ -->\n<title>Deep-Sea Fishing | Beach Bum Cozumel<\/title>\n<meta name=\"description\" content=\"Deep-Sea Fishing in Cozumel. Looking for the best fishing trips in Cozumel. Visit us and book a deep sea fishing trip in Cozumel for the best price!\" \/>\n<meta name=\"robots\" content=\"index, follow\" \/>\n<meta name=\"googlebot\" content=\"index, follow, max-snippet:-1, max-image-preview:large, max-video-preview:-1\" \/>\n<meta name=\"bingbot\" content=\"index, follow, max-snippet:-1, max-image-preview:large, max-video-preview:-1\" \/>\n<link rel=\"canonical\" href=\"https:\/\/beachbumcozumel.mx\/es\/services\/deep-sea-fishing-in-cozumel\/\" \/>\n<meta property=\"og:locale\" content=\"es_MX\" \/>\n<meta property=\"og:type\" content=\"article\" \/>\n<meta property=\"og:title\" content=\"Deep-Sea Fishing | Beach Bum Cozumel\" \/>\n<meta property=\"og:description\" content=\"Deep-Sea Fishing in Cozumel. Looking for the best fishing trips in Cozumel. Visit us and book a deep sea fishing trip in Cozumel for the best price!\" \/>\n<meta property=\"og:url\" content=\"https:\/\/beachbumcozumel.mx\/es\/services\/deep-sea-fishing-in-cozumel\/\" \/>\n<meta property=\"og:site_name\" content=\"Beach Bum Cozumel\" \/>\n<meta property=\"article:publisher\" content=\"https:\/\/www.facebook.com\/bbcozumelofficial\" \/>\n<meta property=\"article:modified_time\" content=\"2020-06-17T04:15:22+00:00\" \/>\n<meta property=\"og:image\" content=\"https:\/\/beachbumcozumel.mx\/wp-content\/uploads\/2019\/09\/IMG_5295-1-e1592367277798.jpg\" \/>\n\t<meta property=\"og:image:width\" content=\"1417\" \/>\n\t<meta property=\"og:image:height\" content=\"712\" \/>\n<meta name=\"twitter:card\" content=\"summary_large_image\" \/>\n<script type=\"application\/ld+json\" class=\"yoast-schema-graph\">{\"@context\":\"https:\/\/schema.org\",\"@graph\":[{\"@type\":[\"Organization\",\"Place\"],\"@id\":\"https:\/\/beachbumcozumel.mx\/es\/#organization\",\"name\":\"Beach Bum Cozumel\",\"url\":\"https:\/\/beachbumcozumel.mx\/es\/\",\"sameAs\":[\"https:\/\/www.facebook.com\/bbcozumelofficial\",\"https:\/\/www.instagram.com\/beachbumbikescozumel\/\",\"https:\/\/www.youtube.com\/channel\/UCrIoFe5BInnVhMxbcGbjpXQ\"],\"logo\":{\"@type\":\"ImageObject\",\"@id\":\"https:\/\/beachbumcozumel.mx\/es\/#logo\",\"inLanguage\":\"es\",\"url\":\"https:\/\/beachbumcozumel.mx\/wp-content\/uploads\/2019\/08\/Logo-Beach-Bum-cozumel-3-700.png\",\"width\":700,\"height\":189,\"caption\":\"Beach Bum Cozumel\"},\"image\":{\"@id\":\"https:\/\/beachbumcozumel.mx\/es\/#logo\"},\"location\":{\"@id\":\"https:\/\/beachbumcozumel.mx\/services\/deep-sea-fishing-in-cozumel\/#local-place\"},\"address\":{\"@id\":\"https:\/\/beachbumcozumel.mx\/services\/deep-sea-fishing-in-cozumel\/#local-place-address\"}},{\"@type\":\"WebSite\",\"@id\":\"https:\/\/beachbumcozumel.mx\/es\/#website\",\"url\":\"https:\/\/beachbumcozumel.mx\/es\/\",\"name\":\"Beach Bum Cozumel\",\"description\":\"Best things to do in Cozumel\",\"publisher\":{\"@id\":\"https:\/\/beachbumcozumel.mx\/es\/#organization\"},\"potentialAction\":[{\"@type\":\"SearchAction\",\"target\":\"https:\/\/beachbumcozumel.mx\/es\/?s={search_term_string}\",\"query-input\":\"required name=search_term_string\"}],\"inLanguage\":\"es\"},{\"@type\":\"ImageObject\",\"@id\":\"https:\/\/beachbumcozumel.mx\/services\/deep-sea-fishing-in-cozumel\/#primaryimage\",\"inLanguage\":\"es\",\"url\":\"https:\/\/beachbumcozumel.mx\/wp-content\/uploads\/2019\/09\/IMG_5295-1-e1592367277798.jpg\",\"width\":1417,\"height\":712,\"caption\":\"man deep sea fishing in Cozumel\"},{\"@type\":\"WebPage\",\"@id\":\"https:\/\/beachbumcozumel.mx\/services\/deep-sea-fishing-in-cozumel\/#webpage\",\"url\":\"https:\/\/beachbumcozumel.mx\/services\/deep-sea-fishing-in-cozumel\/\",\"name\":\"Deep-Sea Fishing | Beach Bum Cozumel\",\"isPartOf\":{\"@id\":\"https:\/\/beachbumcozumel.mx\/es\/#website\"},\"primaryImageOfPage\":{\"@id\":\"https:\/\/beachbumcozumel.mx\/services\/deep-sea-fishing-in-cozumel\/#primaryimage\"},\"datePublished\":\"2019-08-03T18:16:01+00:00\",\"dateModified\":\"2020-06-17T04:15:22+00:00\",\"description\":\"Deep-Sea Fishing in Cozumel. Looking for the best fishing trips in Cozumel. Visit us and book a deep sea fishing trip in Cozumel for the best price!\",\"inLanguage\":\"es\",\"potentialAction\":[{\"@type\":\"ReadAction\",\"target\":[\"https:\/\/beachbumcozumel.mx\/services\/deep-sea-fishing-in-cozumel\/\"]}]},{\"@type\":\"Place\",\"@id\":\"https:\/\/beachbumcozumel.mx\/services\/deep-sea-fishing-in-cozumel\/#local-place\",\"address\":{\"@type\":\"PostalAddress\",\"@id\":\"https:\/\/beachbumcozumel.mx\/services\/deep-sea-fishing-in-cozumel\/#local-place-address\",\"streetAddress\":\"\",\"addressLocality\":\"\",\"postalCode\":\"\",\"addressRegion\":\"\",\"addressCountry\":\"\"},\"geo\":{\"@type\":\"GeoCoordinates\",\"latitude\":\"\",\"longitude\":\"\"},\"openingHoursSpecification\":[{\"@type\":\"OpeningHoursSpecification\",\"dayOfWeek\":[\"Monday\",\"Tuesday\",\"Wednesday\",\"Thursday\",\"Friday\",\"Saturday\",\"Sunday\"],\"opens\":\"09:00\",\"closes\":\"17:00\"}]}]}<\/script>\n<!-- \/ Yoast SEO Premium plugin. -->","_links":{"self":[{"href":"https:\/\/beachbumcozumel.mx\/es\/wp-json\/wp\/v2\/pages\/1574","targetHints":{"allow":["GET"]}}],"collection":[{"href":"https:\/\/beachbumcozumel.mx\/es\/wp-json\/wp\/v2\/pages"}],"about":[{"href":"https:\/\/beachbumcozumel.mx\/es\/wp-json\/wp\/v2\/types\/page"}],"author":[{"embeddable":true,"href":"https:\/\/beachbumcozumel.mx\/es\/wp-json\/wp\/v2\/users\/2"}],"replies":[{"embeddable":true,"href":"https:\/\/beachbumcozumel.mx\/es\/wp-json\/wp\/v2\/comments?post=1574"}],"version-history":[{"count":168,"href":"https:\/\/beachbumcozumel.mx\/es\/wp-json\/wp\/v2\/pages\/1574\/revisions"}],"predecessor-version":[{"id":3333,"href":"https:\/\/beachbumcozumel.mx\/es\/wp-json\/wp\/v2\/pages\/1574\/revisions\/3333"}],"up":[{"embeddable":true,"href":"https:\/\/beachbumcozumel.mx\/es\/wp-json\/wp\/v2\/pages\/19"}],"wp:featuredmedia":[{"embeddable":true,"href":"https:\/\/beachbumcozumel.mx\/es\/wp-json\/wp\/v2\/media\/2721"}],"wp:attachment":[{"href":"https:\/\/beachbumcozumel.mx\/es\/wp-json\/wp\/v2\/media?parent=1574"}],"wp:term":[{"taxonomy":"yst_prominent_words","embeddable":true,"href":"https:\/\/beachbumcozumel.mx\/es\/wp-json\/wp\/v2\/yst_prominent_words?post=1574"}],"curies":[{"name":"wp","href":"https:\/\/api.w.org\/{rel}","templated":true}]}}