{"id":1590,"date":"2019-08-03T18:20:17","date_gmt":"2019-08-03T18:20:17","guid":{"rendered":"http:\/\/beachbumcozumel.com\/?page_id=1590"},"modified":"2019-11-06T21:19:32","modified_gmt":"2019-11-06T21:19:32","slug":"diving-courses","status":"publish","type":"page","link":"https:\/\/beachbumcozumel.mx\/es\/services\/scuba-diving\/diving-courses\/","title":{"rendered":"Cursos de buceo"},"content":{"rendered":"<div id=\"pl-1590\"  class=\"panel-layout\" ><div id=\"pg-1590-0\"  class=\"panel-grid panel-no-style\" ><div id=\"pgc-1590-0-0\"  class=\"panel-grid-cell\" ><div id=\"panel-1590-0-0-0\" class=\"so-panel widget widget_media_image panel-first-child panel-last-child\" data-index=\"0\" ><img decoding=\"async\" width=\"1920\" height=\"960\" src=\"https:\/\/beachbumcozumel.mx\/wp-content\/uploads\/2019\/09\/DSC_3058-1.jpg\" class=\"image wp-image-2652  attachment-full size-full\" alt=\"\" style=\"max-width: 100%; height: auto;\" srcset=\"https:\/\/beachbumcozumel.mx\/wp-content\/uploads\/2019\/09\/DSC_3058-1.jpg 1920w, https:\/\/beachbumcozumel.mx\/wp-content\/uploads\/2019\/09\/DSC_3058-1-300x150.jpg 300w, https:\/\/beachbumcozumel.mx\/wp-content\/uploads\/2019\/09\/DSC_3058-1-768x384.jpg 768w, https:\/\/beachbumcozumel.mx\/wp-content\/uploads\/2019\/09\/DSC_3058-1-1024x512.jpg 1024w, https:\/\/beachbumcozumel.mx\/wp-content\/uploads\/2019\/09\/DSC_3058-1-540x270.jpg 540w\" sizes=\"(max-width: 1920px) 100vw, 1920px\" \/><\/div><\/div><\/div><div id=\"pg-1590-1\"  class=\"panel-grid panel-no-style\" ><div id=\"pgc-1590-1-0\"  class=\"panel-grid-cell\" ><div id=\"panel-1590-1-0-0\" class=\"so-panel widget widget_sow-editor panel-first-child\" data-index=\"1\" ><div\n\t\t\t\n\t\t\tclass=\"so-widget-sow-editor so-widget-sow-editor-base\"\n\t\t\t\n\t\t><h3 class=\"widget-title\"><span class=\"widget-title__inline\">Descubre el buceo<\/span><\/h3>\n<div class=\"siteorigin-widget-tinymce textwidget\">\n\t<p>Aprenda habilidades b\u00e1sicas de buceo y una inmersi\u00f3n en bote de 2 tanques<\/p>\n<h5>$120,00 - 4 horas<\/h5>\n<p><a class=\"btn  btn-primary\" href=\"https:\/\/book.peek.com\/s\/b0f5a87f-d1e4-4354-9263-f31778a802a2\/xqED4\" target=\"_self\"> Reservar<\/a><\/p>\n<p>____________________________________________________________________________________________________<\/p>\n<\/div>\n<\/div><\/div><div id=\"panel-1590-1-0-1\" class=\"so-panel widget widget_sow-editor\" data-index=\"2\" ><div\n\t\t\t\n\t\t\tclass=\"so-widget-sow-editor so-widget-sow-editor-base\"\n\t\t\t\n\t\t><h3 class=\"widget-title\"><span class=\"widget-title__inline\">Certificaci\u00f3n de aguas abiertas<\/span><\/h3>\n<div class=\"siteorigin-widget-tinymce textwidget\">\n\t<p>Todo el proceso de certificaci\u00f3n. Entrenamiento acad\u00e9mico, de buceo en la playa y en bote: un total de 7 inmersiones, 5 inmersiones desde la playa y 2 inmersiones desde el barco.<\/p>\n<h5>$440,00 - 4 d\u00edas<\/h5>\n<p class=\"p1\"><a class=\"btn  btn-primary\" href=\"https:\/\/book.peek.com\/s\/b0f5a87f-d1e4-4354-9263-f31778a802a2\/kxp7X\" target=\"_self\"> Reservar<\/a><\/p>\n<p>____________________________________________________________________________________________________<\/p>\n<\/div>\n<\/div><\/div><div id=\"panel-1590-1-0-2\" class=\"so-panel widget widget_sow-editor\" data-index=\"3\" ><div\n\t\t\t\n\t\t\tclass=\"so-widget-sow-editor so-widget-sow-editor-base\"\n\t\t\t\n\t\t><h3 class=\"widget-title\"><span class=\"widget-title__inline\">Certificaci\u00f3n avanzada en aguas abiertas<\/span><\/h3>\n<div class=\"siteorigin-widget-tinymce textwidget\">\n\t<p>Mejora las habilidades en aguas abiertas: 5 inmersiones en total. 2 inmersiones requeridas y 3 inmersiones de elecci\u00f3n.<br \/>\nLas inmersiones principales incluidas en el curso avanzado son navegaci\u00f3n y inmersiones profundas m\u00e1s 3 inmersiones optativas. Junto con su instructor, usted decide qu\u00e9 inmersiones desea tomar: buceo nocturno, flotabilidad de alto rendimiento, b\u00fasqueda y recuperaci\u00f3n, buceo a la deriva.<\/p>\n<h5>$295,00 - 2 a 3 d\u00edas<\/h5>\n<p class=\"p1\"><a class=\"btn  btn-primary\" href=\"https:\/\/book.peek.com\/s\/b0f5a87f-d1e4-4354-9263-f31778a802a2\/ZrV4K\" target=\"_self\"> Reservar<\/a><\/p>\n<p>____________________________________________________________________________________________________<\/p>\n<\/div>\n<\/div><\/div><div id=\"panel-1590-1-0-3\" class=\"so-panel widget widget_sow-editor\" data-index=\"4\" ><div\n\t\t\t\n\t\t\tclass=\"so-widget-sow-editor so-widget-sow-editor-base\"\n\t\t\t\n\t\t><h3 class=\"widget-title\"><span class=\"widget-title__inline\">Buzo de rescate<\/span><\/h3>\n<div class=\"siteorigin-widget-tinymce textwidget\">\n\t<p>Habilidades de emergencia y rescate: desde la playa<\/p>\n<h5>$400,00 - 2 a 3 d\u00edas<\/h5>\n<p class=\"p1\"><a class=\"btn  btn-primary\" href=\"https:\/\/book.peek.com\/s\/b0f5a87f-d1e4-4354-9263-f31778a802a2\/1vYE0\" target=\"_self\"> Reservar<\/a><\/p>\n<p>____________________________________________________________________________________________________<\/p>\n<\/div>\n<\/div><\/div><div id=\"panel-1590-1-0-4\" class=\"so-panel widget widget_sow-editor\" data-index=\"5\" ><div\n\t\t\t\n\t\t\tclass=\"so-widget-sow-editor so-widget-sow-editor-base\"\n\t\t\t\n\t\t><h3 class=\"widget-title\"><span class=\"widget-title__inline\">Especialidad Nitrox<\/span><\/h3>\n<div class=\"siteorigin-widget-tinymce textwidget\">\n\t<p>Califica para bucear con tanques Nitrox con hasta 40% de ox\u00edgeno - incluye una inmersi\u00f3n en bote de 2 tanques<\/p>\n<h5>$250,00 - 2 d\u00edas<\/h5>\n<p class=\"p1\"><a class=\"btn  btn-primary\" href=\"https:\/\/book.peek.com\/s\/b0f5a87f-d1e4-4354-9263-f31778a802a2\/jop7Z\" target=\"_self\"> Reservar<\/a><\/p>\n<p>____________________________________________________________________________________________________<\/p>\n<\/div>\n<\/div><\/div><div id=\"panel-1590-1-0-5\" class=\"so-panel widget widget_sow-editor\" data-index=\"6\" ><div\n\t\t\t\n\t\t\tclass=\"so-widget-sow-editor so-widget-sow-editor-base\"\n\t\t\t\n\t\t><h3 class=\"widget-title\"><span class=\"widget-title__inline\">Nota:<\/span><\/h3>\n<div class=\"siteorigin-widget-tinymce textwidget\">\n\t<p>Todos nuestros cursos de instrucci\u00f3n (excepto el curso de referencia) incluyen todo el equipo necesario, manuales de capacitaci\u00f3n, etc.<\/p>\n<\/div>\n<\/div><\/div><\/div><\/div><\/div>","protected":false},"excerpt":{"rendered":"<p>From a novice to expert continual education and training is a great way to expand your abilities and knowledge of the sport we all love. At Beach Bum Diving we are committed to safety, proper training and of course fun!<\/p>","protected":false},"author":2,"featured_media":2652,"parent":2200,"menu_order":0,"comment_status":"closed","ping_status":"closed","template":"","meta":{"_acf_changed":false,"footnotes":""},"yst_prominent_words":[293,298,311,256,165,289,132,70,306,160,294,161,302,291,287,300,310,308,304,296],"class_list":["post-1590","page","type-page","status-publish","has-post-thumbnail","hentry","clearfix"],"acf":[],"yoast_head":"<!-- This site is optimized with the Yoast SEO Premium plugin v14.5 - https:\/\/yoast.com\/wordpress\/plugins\/seo\/ -->\n<title>Diving Courses in Cozumel | Beach Bum Cozumel<\/title>\n<meta name=\"description\" content=\"From a novice to expert diving courses is a great way to expand your abilities and knowledge of the sport we all sure love.\" \/>\n<meta name=\"robots\" content=\"index, follow\" \/>\n<meta name=\"googlebot\" content=\"index, follow, max-snippet:-1, max-image-preview:large, max-video-preview:-1\" \/>\n<meta name=\"bingbot\" content=\"index, follow, max-snippet:-1, max-image-preview:large, max-video-preview:-1\" \/>\n<link rel=\"canonical\" href=\"https:\/\/beachbumcozumel.mx\/es\/services\/scuba-diving\/diving-courses\/\" \/>\n<meta property=\"og:locale\" content=\"es_MX\" \/>\n<meta property=\"og:type\" content=\"article\" \/>\n<meta property=\"og:title\" content=\"Diving Courses in Cozumel | Beach Bum Cozumel\" \/>\n<meta property=\"og:description\" content=\"From a novice to expert diving courses is a great way to expand your abilities and knowledge of the sport we all sure love.\" \/>\n<meta property=\"og:url\" content=\"https:\/\/beachbumcozumel.mx\/es\/services\/scuba-diving\/diving-courses\/\" \/>\n<meta property=\"og:site_name\" content=\"Beach Bum Cozumel\" \/>\n<meta property=\"article:publisher\" content=\"https:\/\/www.facebook.com\/bbcozumelofficial\" \/>\n<meta property=\"article:modified_time\" content=\"2019-11-06T21:19:32+00:00\" \/>\n<meta property=\"og:image\" content=\"https:\/\/beachbumcozumel.mx\/wp-content\/uploads\/2019\/09\/DSC_3058-1.jpg\" \/>\n\t<meta property=\"og:image:width\" content=\"1920\" \/>\n\t<meta property=\"og:image:height\" content=\"960\" \/>\n<meta name=\"twitter:card\" content=\"summary_large_image\" \/>\n<script type=\"application\/ld+json\" class=\"yoast-schema-graph\">{\"@context\":\"https:\/\/schema.org\",\"@graph\":[{\"@type\":[\"Organization\",\"Place\"],\"@id\":\"https:\/\/beachbumcozumel.mx\/es\/#organization\",\"name\":\"Beach Bum Cozumel\",\"url\":\"https:\/\/beachbumcozumel.mx\/es\/\",\"sameAs\":[\"https:\/\/www.facebook.com\/bbcozumelofficial\",\"https:\/\/www.instagram.com\/beachbumbikescozumel\/\",\"https:\/\/www.youtube.com\/channel\/UCrIoFe5BInnVhMxbcGbjpXQ\"],\"logo\":{\"@type\":\"ImageObject\",\"@id\":\"https:\/\/beachbumcozumel.mx\/es\/#logo\",\"inLanguage\":\"es\",\"url\":\"https:\/\/beachbumcozumel.mx\/wp-content\/uploads\/2019\/08\/Logo-Beach-Bum-cozumel-3-700.png\",\"width\":700,\"height\":189,\"caption\":\"Beach Bum Cozumel\"},\"image\":{\"@id\":\"https:\/\/beachbumcozumel.mx\/es\/#logo\"},\"location\":{\"@id\":\"https:\/\/beachbumcozumel.mx\/services\/scuba-diving\/diving-courses\/#local-place\"},\"address\":{\"@id\":\"https:\/\/beachbumcozumel.mx\/services\/scuba-diving\/diving-courses\/#local-place-address\"}},{\"@type\":\"WebSite\",\"@id\":\"https:\/\/beachbumcozumel.mx\/es\/#website\",\"url\":\"https:\/\/beachbumcozumel.mx\/es\/\",\"name\":\"Beach Bum Cozumel\",\"description\":\"Best things to do in Cozumel\",\"publisher\":{\"@id\":\"https:\/\/beachbumcozumel.mx\/es\/#organization\"},\"potentialAction\":[{\"@type\":\"SearchAction\",\"target\":\"https:\/\/beachbumcozumel.mx\/es\/?s={search_term_string}\",\"query-input\":\"required name=search_term_string\"}],\"inLanguage\":\"es\"},{\"@type\":\"ImageObject\",\"@id\":\"https:\/\/beachbumcozumel.mx\/services\/scuba-diving\/diving-courses\/#primaryimage\",\"inLanguage\":\"es\",\"url\":\"https:\/\/beachbumcozumel.mx\/wp-content\/uploads\/2019\/09\/DSC_3058-1.jpg\",\"width\":1920,\"height\":960},{\"@type\":\"WebPage\",\"@id\":\"https:\/\/beachbumcozumel.mx\/services\/scuba-diving\/diving-courses\/#webpage\",\"url\":\"https:\/\/beachbumcozumel.mx\/services\/scuba-diving\/diving-courses\/\",\"name\":\"Diving Courses in Cozumel | Beach Bum Cozumel\",\"isPartOf\":{\"@id\":\"https:\/\/beachbumcozumel.mx\/es\/#website\"},\"primaryImageOfPage\":{\"@id\":\"https:\/\/beachbumcozumel.mx\/services\/scuba-diving\/diving-courses\/#primaryimage\"},\"datePublished\":\"2019-08-03T18:20:17+00:00\",\"dateModified\":\"2019-11-06T21:19:32+00:00\",\"description\":\"From a novice to expert diving courses is a great way to expand your abilities and knowledge of the sport we all sure love.\",\"inLanguage\":\"es\",\"potentialAction\":[{\"@type\":\"ReadAction\",\"target\":[\"https:\/\/beachbumcozumel.mx\/services\/scuba-diving\/diving-courses\/\"]}]},{\"@type\":\"Place\",\"@id\":\"https:\/\/beachbumcozumel.mx\/services\/scuba-diving\/diving-courses\/#local-place\",\"address\":{\"@type\":\"PostalAddress\",\"@id\":\"https:\/\/beachbumcozumel.mx\/services\/scuba-diving\/diving-courses\/#local-place-address\",\"streetAddress\":\"\",\"addressLocality\":\"\",\"postalCode\":\"\",\"addressRegion\":\"\",\"addressCountry\":\"\"},\"geo\":{\"@type\":\"GeoCoordinates\",\"latitude\":\"\",\"longitude\":\"\"},\"openingHoursSpecification\":[{\"@type\":\"OpeningHoursSpecification\",\"dayOfWeek\":[\"Monday\",\"Tuesday\",\"Wednesday\",\"Thursday\",\"Friday\",\"Saturday\",\"Sunday\"],\"opens\":\"09:00\",\"closes\":\"17:00\"}]}]}<\/script>\n<!-- \/ Yoast SEO Premium plugin. -->","_links":{"self":[{"href":"https:\/\/beachbumcozumel.mx\/es\/wp-json\/wp\/v2\/pages\/1590","targetHints":{"allow":["GET"]}}],"collection":[{"href":"https:\/\/beachbumcozumel.mx\/es\/wp-json\/wp\/v2\/pages"}],"about":[{"href":"https:\/\/beachbumcozumel.mx\/es\/wp-json\/wp\/v2\/types\/page"}],"author":[{"embeddable":true,"href":"https:\/\/beachbumcozumel.mx\/es\/wp-json\/wp\/v2\/users\/2"}],"replies":[{"embeddable":true,"href":"https:\/\/beachbumcozumel.mx\/es\/wp-json\/wp\/v2\/comments?post=1590"}],"version-history":[{"count":38,"href":"https:\/\/beachbumcozumel.mx\/es\/wp-json\/wp\/v2\/pages\/1590\/revisions"}],"predecessor-version":[{"id":3044,"href":"https:\/\/beachbumcozumel.mx\/es\/wp-json\/wp\/v2\/pages\/1590\/revisions\/3044"}],"up":[{"embeddable":true,"href":"https:\/\/beachbumcozumel.mx\/es\/wp-json\/wp\/v2\/pages\/2200"}],"wp:featuredmedia":[{"embeddable":true,"href":"https:\/\/beachbumcozumel.mx\/es\/wp-json\/wp\/v2\/media\/2652"}],"wp:attachment":[{"href":"https:\/\/beachbumcozumel.mx\/es\/wp-json\/wp\/v2\/media?parent=1590"}],"wp:term":[{"taxonomy":"yst_prominent_words","embeddable":true,"href":"https:\/\/beachbumcozumel.mx\/es\/wp-json\/wp\/v2\/yst_prominent_words?post=1590"}],"curies":[{"name":"wp","href":"https:\/\/api.w.org\/{rel}","templated":true}]}}