{"id":1627,"date":"2019-08-03T19:49:56","date_gmt":"2019-08-03T19:49:56","guid":{"rendered":"http:\/\/beachbumcozumel.com\/?page_id=1627"},"modified":"2020-06-30T21:05:29","modified_gmt":"2020-06-30T21:05:29","slug":"bike-tours-cozumel","status":"publish","type":"page","link":"https:\/\/beachbumcozumel.mx\/es\/bike-tours-cozumel\/","title":{"rendered":"TOURS EN BICI"},"content":{"rendered":"<div id=\"pl-1627\"  class=\"panel-layout\" ><div id=\"pg-1627-0\"  class=\"panel-grid panel-no-style\" ><div id=\"pgc-1627-0-0\"  class=\"panel-grid-cell\" ><div id=\"panel-1627-0-0-0\" class=\"so-panel widget widget_sow-editor panel-first-child panel-last-child\" data-index=\"0\" ><div\n\t\t\t\n\t\t\tclass=\"so-widget-sow-editor so-widget-sow-editor-base\"\n\t\t\t\n\t\t><h3 class=\"widget-title\"><span class=\"widget-title__inline\">Tours en bicicleta en Cozumel<\/span><\/h3>\n<div class=\"siteorigin-widget-tinymce textwidget\">\n\t<p>\u00bfQu\u00e9 hace que nuestros recorridos en bicicleta sean \u00fanicos? En primer lugar, hemos elegido la mejor marca de bicicletas para nuestros recorridos: \u00a1bicicletas el\u00e9ctricas Pedego! Con estas bicicletas, nuestros clientes pueden pedalear o deslizarse sin esfuerzo. Te llevamos a los lugares m\u00e1s impresionantes de la isla y combinamos tu recorrido con diferentes actividades como <a href=\"https:\/\/beachbumcozumel.mx\/es\/bike-tours-cozumel\/west-coast-ride-n-snorkel\/\">bucear en los arrecifes<\/a>, <a href=\"https:\/\/beachbumcozumel.mx\/es\/bike-tours-cozumel\/punta-sur-eco-park-cozumel\/\">degustaci\u00f3n de comida local<\/a>o visitando los <a href=\"https:\/\/beachbumcozumel.mx\/es\/bike-tours-cozumel\/cozumel-highlights-city-tour\/\">sitios m\u00e1s emblem\u00e1ticos de la ciudad. <\/a>\u00a1\u00danete a los mejores tours en bicicleta en Cozumel!<\/p>\n<\/div>\n<\/div><\/div><\/div><\/div><div id=\"pg-1627-1\"  class=\"panel-grid panel-no-style\" ><div id=\"pgc-1627-1-0\"  class=\"panel-grid-cell\" ><div id=\"panel-1627-1-0-0\" class=\"so-panel widget widget_pw_featured_page widget-featured-page panel-first-child panel-last-child\" data-index=\"1\" >\n\t<div class=\"page-box  page-box--block\">\n\t\t\t\t\t\t<a class=\"page-box__picture\" href=\"https:\/\/beachbumcozumel.mx\/es\/bike-tours-cozumel\/cozumel-highlights-city-tour\/\">\n\t\t\t\t\t<img decoding=\"async\" src=\"https:\/\/beachbumcozumel.mx\/wp-content\/uploads\/2019\/09\/IMG_4605-1-352x198.jpg\" width=\"352\" height=\"198\" srcset=\"https:\/\/beachbumcozumel.mx\/wp-content\/uploads\/2019\/09\/IMG_4605-1-352x198.jpg 352w, https:\/\/beachbumcozumel.mx\/wp-content\/uploads\/2019\/09\/IMG_4605-1.jpg 1991w\" sizes=\"(min-width: 1200px) 349px, (min-width: 992px) 282px, (min-width: 768px) 690px, calc(100vw - 30px)\" class=\"wp-post-image\" alt=\"Recorrido por la ciudad de Cozumel\">\n\t\t\t\t\t\t\t\t\t<\/a>\n\t\t\t\t\t\t\t\t<div class=\"page-box__content\">\n\t\t\t<h4 class=\"page-box__title\"><a href=\"https:\/\/beachbumcozumel.mx\/es\/bike-tours-cozumel\/cozumel-highlights-city-tour\/\">Recorrido por la ciudad de Cozumel<\/a><\/h4>\n\t\t\t<p class=\"page-box__text\">Viaja a los lugares m\u00e1s emblem\u00e1ticos de Cozumel en este fant\u00e1stico recorrido de 3 horas en una bicicleta el\u00e9ctrica Pedego. Andar en bicicleta el\u00e9ctrica y disfrutar de impresionantes vistas,\u2026<\/p>\n\t\t\t\t\t\t\t<a href=\"https:\/\/beachbumcozumel.mx\/es\/bike-tours-cozumel\/cozumel-highlights-city-tour\/\" class=\"page-box__more-link btn btn-primary btn-block btn-sm\">Reservar<\/a>\n\t\t\t\t\t<\/div>\n\t<\/div>\n\n<\/div><\/div><div id=\"pgc-1627-1-1\"  class=\"panel-grid-cell\" ><div id=\"panel-1627-1-1-0\" class=\"so-panel widget widget_pw_featured_page widget-featured-page panel-first-child panel-last-child\" data-index=\"2\" >\n\t<div class=\"page-box  page-box--block\">\n\t\t\t\t\t\t<a class=\"page-box__picture\" href=\"https:\/\/beachbumcozumel.mx\/es\/bike-tours-cozumel\/east-coast-scenic-cruise\/\">\n\t\t\t\t\t<img decoding=\"async\" src=\"https:\/\/beachbumcozumel.mx\/wp-content\/uploads\/2019\/09\/DSC_0101-1-352x198.jpg\" width=\"352\" height=\"198\" srcset=\"https:\/\/beachbumcozumel.mx\/wp-content\/uploads\/2019\/09\/DSC_0101-1-352x198.jpg 352w, https:\/\/beachbumcozumel.mx\/wp-content\/uploads\/2019\/09\/DSC_0101-1.jpg 1866w\" sizes=\"(min-width: 1200px) 349px, (min-width: 992px) 282px, (min-width: 768px) 690px, calc(100vw - 30px)\" class=\"wp-post-image\" alt=\"Tour de crucero panor\u00e1mico por la costa este\">\n\t\t\t\t\t\t\t\t\t<\/a>\n\t\t\t\t\t\t\t\t<div class=\"page-box__content\">\n\t\t\t<h4 class=\"page-box__title\"><a href=\"https:\/\/beachbumcozumel.mx\/es\/bike-tours-cozumel\/east-coast-scenic-cruise\/\">Tour de crucero panor\u00e1mico por la costa este<\/a><\/h4>\n\t\t\t<p class=\"page-box__text\">Haga un recorrido fuera del circuito tur\u00edstico y explore el lado salvaje de la isla. Viaja por el lado este no desarrollado de Cozumel en un medio d\u00eda de electricidad ...<\/p>\n\t\t\t\t\t\t\t<a href=\"https:\/\/beachbumcozumel.mx\/es\/bike-tours-cozumel\/east-coast-scenic-cruise\/\" class=\"page-box__more-link btn btn-primary btn-block btn-sm\">Reservar<\/a>\n\t\t\t\t\t<\/div>\n\t<\/div>\n\n<\/div><\/div><div id=\"pgc-1627-1-2\"  class=\"panel-grid-cell\" ><div id=\"panel-1627-1-2-0\" class=\"so-panel widget widget_pw_featured_page widget-featured-page panel-first-child panel-last-child\" data-index=\"3\" >\n\t<div class=\"page-box  page-box--block\">\n\t\t\t\t\t\t<a class=\"page-box__picture\" href=\"https:\/\/beachbumcozumel.mx\/es\/bike-tours-cozumel\/punta-sur-eco-park-cozumel\/\">\n\t\t\t\t\t<img decoding=\"async\" src=\"https:\/\/beachbumcozumel.mx\/wp-content\/uploads\/2019\/09\/DSC_0192-1-352x198.jpg\" width=\"352\" height=\"198\" srcset=\"https:\/\/beachbumcozumel.mx\/wp-content\/uploads\/2019\/09\/DSC_0192-1-352x198.jpg 352w, https:\/\/beachbumcozumel.mx\/wp-content\/uploads\/2019\/09\/DSC_0192-1.jpg 2048w\" sizes=\"(min-width: 1200px) 349px, (min-width: 992px) 282px, (min-width: 768px) 690px, calc(100vw - 30px)\" class=\"wp-post-image\" alt=\"Ecoparque Punta Sur Aventura\">\n\t\t\t\t\t\t\t\t\t<\/a>\n\t\t\t\t\t\t\t\t<div class=\"page-box__content\">\n\t\t\t<h4 class=\"page-box__title\"><a href=\"https:\/\/beachbumcozumel.mx\/es\/bike-tours-cozumel\/punta-sur-eco-park-cozumel\/\">Ecoparque Punta Sur Aventura<\/a><\/h4>\n\t\t\t<p class=\"page-box__text\">Explore Punta Sur Eco Beach Park a bordo de una bicicleta Pedego todo terreno, recorra en bicicleta caminos de arena que lo llevar\u00e1n a lo largo de playas, una laguna y ...<\/p>\n\t\t\t\t\t\t\t<a href=\"https:\/\/beachbumcozumel.mx\/es\/bike-tours-cozumel\/punta-sur-eco-park-cozumel\/\" class=\"page-box__more-link btn btn-primary btn-block btn-sm\">Reservar<\/a>\n\t\t\t\t\t<\/div>\n\t<\/div>\n\n<\/div><\/div><\/div><div id=\"pg-1627-2\"  class=\"panel-grid panel-no-style\" ><div id=\"pgc-1627-2-0\"  class=\"panel-grid-cell\" ><div id=\"panel-1627-2-0-0\" class=\"so-panel widget widget_pw_featured_page widget-featured-page panel-first-child panel-last-child\" data-index=\"4\" >\n\t<div class=\"page-box  page-box--block\">\n\t\t\t\t\t\t<a class=\"page-box__picture\" href=\"https:\/\/beachbumcozumel.mx\/es\/bike-tours-cozumel\/west-coast-ride-n-snorkel\/\">\n\t\t\t\t\t<img decoding=\"async\" src=\"https:\/\/beachbumcozumel.mx\/wp-content\/uploads\/2019\/09\/DSC_0053-copy-1-352x198.jpg\" width=\"352\" height=\"198\" srcset=\"https:\/\/beachbumcozumel.mx\/wp-content\/uploads\/2019\/09\/DSC_0053-copy-1-352x198.jpg 352w, https:\/\/beachbumcozumel.mx\/wp-content\/uploads\/2019\/09\/DSC_0053-copy-1.jpg 1920w\" sizes=\"(min-width: 1200px) 349px, (min-width: 992px) 282px, (min-width: 768px) 690px, calc(100vw - 30px)\" class=\"wp-post-image\" alt=\"West Coast Ride N &amp; #039; Tubo respirador\">\n\t\t\t\t\t\t\t\t\t<\/a>\n\t\t\t\t\t\t\t\t<div class=\"page-box__content\">\n\t\t\t<h4 class=\"page-box__title\"><a href=\"https:\/\/beachbumcozumel.mx\/es\/bike-tours-cozumel\/west-coast-ride-n-snorkel\/\">Paseo por la costa oeste &amp; Snorkel<\/a><\/h4>\n\t\t\t<p class=\"page-box__text\">Pedalea por la isla de Cozumel sin sudar en esta visita guiada de 3 horas en bicicleta el\u00e9ctrica Pedego. Disfruta del esn\u00f3rquel en Cozumel ...<\/p>\n\t\t\t\t\t\t\t<a href=\"https:\/\/beachbumcozumel.mx\/es\/bike-tours-cozumel\/west-coast-ride-n-snorkel\/\" class=\"page-box__more-link btn btn-primary btn-block btn-sm\">Lee mas<\/a>\n\t\t\t\t\t<\/div>\n\t<\/div>\n\n<\/div><\/div><div id=\"pgc-1627-2-1\"  class=\"panel-grid-cell panel-grid-cell-empty panel-grid-cell-mobile-last\" ><\/div><div id=\"pgc-1627-2-2\"  class=\"panel-grid-cell panel-grid-cell-empty\" ><\/div><\/div><\/div>","protected":false},"excerpt":{"rendered":"<p>Enjoy our guided Electric Bike Tours in Cozumel and explore the island on the most advanced and user-friendly electric bikes on the market &#8211; the Pedego Electric Bike. Docking on a cruise, looking for a unique shore excursion in Cozumel? Try our e-bike tours to Punta Sur and enjoy endless miles of unpaved roads along the most beautiful beachside of the island. Adventure Begins at the End of Your Comfort Zone.<\/p>","protected":false},"author":2,"featured_media":2709,"parent":0,"menu_order":0,"comment_status":"closed","ping_status":"closed","template":"","meta":{"_acf_changed":false,"footnotes":""},"yst_prominent_words":[133,154,72,150,152,145,132,70,131,151,99,146,130,139,127,129,149,128,141,153],"class_list":["post-1627","page","type-page","status-publish","has-post-thumbnail","hentry","clearfix"],"acf":[],"yoast_head":"<!-- This site is optimized with the Yoast SEO Premium plugin v14.5 - https:\/\/yoast.com\/wordpress\/plugins\/seo\/ -->\n<title>Bike tours Cozumel | Pedego electric bicycles | Beach Bum Cozumel<\/title>\n<meta name=\"description\" content=\"The best Bike tours in Cozumel. Ranked in the top #5 Best Tours and Activities to do in Cozumel! Join our guided e-bike tours and explore Cozumel.\" \/>\n<meta name=\"robots\" content=\"index, follow\" \/>\n<meta name=\"googlebot\" content=\"index, follow, max-snippet:-1, max-image-preview:large, max-video-preview:-1\" \/>\n<meta name=\"bingbot\" content=\"index, follow, max-snippet:-1, max-image-preview:large, max-video-preview:-1\" \/>\n<link rel=\"canonical\" href=\"https:\/\/beachbumcozumel.mx\/es\/bike-tours-cozumel\/\" \/>\n<meta property=\"og:locale\" content=\"es_MX\" \/>\n<meta property=\"og:type\" content=\"article\" \/>\n<meta property=\"og:title\" content=\"Bike tours Cozumel | Pedego electric bicycles | Beach Bum Cozumel\" \/>\n<meta property=\"og:description\" content=\"The best Bike tours in Cozumel. Ranked in the top #5 Best Tours and Activities to do in Cozumel! Join our guided e-bike tours and explore Cozumel.\" \/>\n<meta property=\"og:url\" content=\"https:\/\/beachbumcozumel.mx\/es\/bike-tours-cozumel\/\" \/>\n<meta property=\"og:site_name\" content=\"Beach Bum Cozumel\" \/>\n<meta property=\"article:publisher\" content=\"https:\/\/www.facebook.com\/bbcozumelofficial\" \/>\n<meta property=\"article:modified_time\" content=\"2020-06-30T21:05:29+00:00\" \/>\n<meta property=\"og:image\" content=\"https:\/\/beachbumcozumel.mx\/wp-content\/uploads\/2019\/09\/DSC_0077.jpg\" \/>\n\t<meta property=\"og:image:width\" content=\"2048\" \/>\n\t<meta property=\"og:image:height\" content=\"1365\" \/>\n<meta name=\"twitter:card\" content=\"summary_large_image\" \/>\n<script type=\"application\/ld+json\" class=\"yoast-schema-graph\">{\"@context\":\"https:\/\/schema.org\",\"@graph\":[{\"@type\":[\"Organization\",\"Place\"],\"@id\":\"https:\/\/beachbumcozumel.mx\/es\/#organization\",\"name\":\"Beach Bum Cozumel\",\"url\":\"https:\/\/beachbumcozumel.mx\/es\/\",\"sameAs\":[\"https:\/\/www.facebook.com\/bbcozumelofficial\",\"https:\/\/www.instagram.com\/beachbumbikescozumel\/\",\"https:\/\/www.youtube.com\/channel\/UCrIoFe5BInnVhMxbcGbjpXQ\"],\"logo\":{\"@type\":\"ImageObject\",\"@id\":\"https:\/\/beachbumcozumel.mx\/es\/#logo\",\"inLanguage\":\"es\",\"url\":\"https:\/\/beachbumcozumel.mx\/wp-content\/uploads\/2019\/08\/Logo-Beach-Bum-cozumel-3-700.png\",\"width\":700,\"height\":189,\"caption\":\"Beach Bum Cozumel\"},\"image\":{\"@id\":\"https:\/\/beachbumcozumel.mx\/es\/#logo\"},\"location\":{\"@id\":\"https:\/\/beachbumcozumel.mx\/bike-tours-cozumel\/#local-place\"},\"address\":{\"@id\":\"https:\/\/beachbumcozumel.mx\/bike-tours-cozumel\/#local-place-address\"}},{\"@type\":\"WebSite\",\"@id\":\"https:\/\/beachbumcozumel.mx\/es\/#website\",\"url\":\"https:\/\/beachbumcozumel.mx\/es\/\",\"name\":\"Beach Bum Cozumel\",\"description\":\"Best things to do in Cozumel\",\"publisher\":{\"@id\":\"https:\/\/beachbumcozumel.mx\/es\/#organization\"},\"potentialAction\":[{\"@type\":\"SearchAction\",\"target\":\"https:\/\/beachbumcozumel.mx\/es\/?s={search_term_string}\",\"query-input\":\"required name=search_term_string\"}],\"inLanguage\":\"es\"},{\"@type\":\"ImageObject\",\"@id\":\"https:\/\/beachbumcozumel.mx\/bike-tours-cozumel\/#primaryimage\",\"inLanguage\":\"es\",\"url\":\"https:\/\/beachbumcozumel.mx\/wp-content\/uploads\/2019\/09\/DSC_0077.jpg\",\"width\":2048,\"height\":1365},{\"@type\":\"WebPage\",\"@id\":\"https:\/\/beachbumcozumel.mx\/bike-tours-cozumel\/#webpage\",\"url\":\"https:\/\/beachbumcozumel.mx\/bike-tours-cozumel\/\",\"name\":\"Bike tours Cozumel | Pedego electric bicycles | Beach Bum Cozumel\",\"isPartOf\":{\"@id\":\"https:\/\/beachbumcozumel.mx\/es\/#website\"},\"primaryImageOfPage\":{\"@id\":\"https:\/\/beachbumcozumel.mx\/bike-tours-cozumel\/#primaryimage\"},\"datePublished\":\"2019-08-03T19:49:56+00:00\",\"dateModified\":\"2020-06-30T21:05:29+00:00\",\"description\":\"The best Bike tours in Cozumel. Ranked in the top #5 Best Tours and Activities to do in Cozumel! Join our guided e-bike tours and explore Cozumel.\",\"inLanguage\":\"es\",\"potentialAction\":[{\"@type\":\"ReadAction\",\"target\":[\"https:\/\/beachbumcozumel.mx\/bike-tours-cozumel\/\"]}]},{\"@type\":\"Place\",\"@id\":\"https:\/\/beachbumcozumel.mx\/bike-tours-cozumel\/#local-place\",\"address\":{\"@type\":\"PostalAddress\",\"@id\":\"https:\/\/beachbumcozumel.mx\/bike-tours-cozumel\/#local-place-address\",\"streetAddress\":\"\",\"addressLocality\":\"\",\"postalCode\":\"\",\"addressRegion\":\"\",\"addressCountry\":\"\"},\"geo\":{\"@type\":\"GeoCoordinates\",\"latitude\":\"\",\"longitude\":\"\"},\"openingHoursSpecification\":[{\"@type\":\"OpeningHoursSpecification\",\"dayOfWeek\":[\"Monday\",\"Tuesday\",\"Wednesday\",\"Thursday\",\"Friday\",\"Saturday\",\"Sunday\"],\"opens\":\"09:00\",\"closes\":\"17:00\"}]}]}<\/script>\n<!-- \/ Yoast SEO Premium plugin. -->","_links":{"self":[{"href":"https:\/\/beachbumcozumel.mx\/es\/wp-json\/wp\/v2\/pages\/1627","targetHints":{"allow":["GET"]}}],"collection":[{"href":"https:\/\/beachbumcozumel.mx\/es\/wp-json\/wp\/v2\/pages"}],"about":[{"href":"https:\/\/beachbumcozumel.mx\/es\/wp-json\/wp\/v2\/types\/page"}],"author":[{"embeddable":true,"href":"https:\/\/beachbumcozumel.mx\/es\/wp-json\/wp\/v2\/users\/2"}],"replies":[{"embeddable":true,"href":"https:\/\/beachbumcozumel.mx\/es\/wp-json\/wp\/v2\/comments?post=1627"}],"version-history":[{"count":32,"href":"https:\/\/beachbumcozumel.mx\/es\/wp-json\/wp\/v2\/pages\/1627\/revisions"}],"predecessor-version":[{"id":3364,"href":"https:\/\/beachbumcozumel.mx\/es\/wp-json\/wp\/v2\/pages\/1627\/revisions\/3364"}],"wp:featuredmedia":[{"embeddable":true,"href":"https:\/\/beachbumcozumel.mx\/es\/wp-json\/wp\/v2\/media\/2709"}],"wp:attachment":[{"href":"https:\/\/beachbumcozumel.mx\/es\/wp-json\/wp\/v2\/media?parent=1627"}],"wp:term":[{"taxonomy":"yst_prominent_words","embeddable":true,"href":"https:\/\/beachbumcozumel.mx\/es\/wp-json\/wp\/v2\/yst_prominent_words?post=1627"}],"curies":[{"name":"wp","href":"https:\/\/api.w.org\/{rel}","templated":true}]}}