{"id":1637,"date":"2019-08-03T19:53:39","date_gmt":"2019-08-03T19:53:39","guid":{"rendered":"http:\/\/beachbumcozumel.com\/?page_id=1637"},"modified":"2020-09-23T16:51:50","modified_gmt":"2020-09-23T16:51:50","slug":"west-coast-ride-n-snorkel","status":"publish","type":"page","link":"https:\/\/beachbumcozumel.mx\/es\/bike-tours-cozumel\/west-coast-ride-n-snorkel\/","title":{"rendered":"Paseo por la costa oeste &amp; Snorkel"},"content":{"rendered":"<div id=\"pl-1637\"  class=\"panel-layout\" ><div id=\"pg-1637-0\"  class=\"panel-grid panel-no-style\" ><div id=\"pgc-1637-0-0\"  class=\"panel-grid-cell\" ><div id=\"panel-1637-0-0-0\" class=\"so-panel widget widget_sow-editor panel-first-child\" data-index=\"0\" ><div\n\t\t\t\n\t\t\tclass=\"so-widget-sow-editor so-widget-sow-editor-base\"\n\t\t\t\n\t\t><h3 class=\"widget-title\"><span class=\"widget-title__inline\">Resumen del recorrido<\/span><\/h3>\n<div class=\"siteorigin-widget-tinymce textwidget\">\n\t<p>Pedalea o desl\u00edzate en una bicicleta el\u00e9ctrica Pedego de \u00faltima generaci\u00f3n en la costa oeste de Cozumel y haz snorkel en el mejor arrecife de la isla.<\/p>\n<p>Nuestro recorrido en bicicleta el\u00e9ctrica por la costa oeste es la mejor opci\u00f3n para los viajeros de cruceros y todos los visitantes con tiempo limitado en la isla. Este recorrido de 3 horas le permite pedalear a trav\u00e9s de caminos sinuosos  frente a la playa hasta nuestro club de playa favorito: The Sky Reef. <span style=\"font-size: calc(var(--rem) * 1px * 1.0625); letter-spacing: 0px;\">P\u00f3ngase el chaleco salvavidas y tome su equipo de snorkel, su recorrido incluye un fabuloso recorrido de snorkel en los arrecifes. <\/span><\/p>\n<p>Alimentos y bebidas de excelente calidad est\u00e1n disponibles para su compra. \u00a1Tendr\u00e1s la opci\u00f3n de regresar con el grupo o quedarte todo el tiempo que quieras y disfrutar de la arena, el sol, el agua, la comida y las bebidas! Es un viaje corto en taxi de regreso a la tienda, terminal de cruceros o ciudad (tarifa de taxi no incluida).<\/p>\n<p>&nbsp;<\/p>\n<div>\n<div class=\"fl-col fl-node-5cfdbf33054ba fl-col-small\" data-node=\"5cfdbf33054ba\">\n<div class=\"fl-col-content fl-node-content vamtam-show-bg-image\">\n<div class=\"fl-module fl-module-rich-text fl-node-5cfdbf33054bc\" data-node=\"5cfdbf33054bc\">\n<div class=\"fl-module-content fl-node-content\">\n<div class=\"fl-rich-text\"><\/div>\n<\/div>\n<\/div>\n<\/div>\n<\/div>\n<\/div>\n<\/div>\n<\/div><\/div><div id=\"panel-1637-0-0-1\" class=\"so-panel widget widget_pw_accordion widget-accordion panel-last-child\" data-index=\"1\" >\t<div class=\"accordion panel-group\" id=\"accordion-widget-0-0-1\" role=\"tablist\" aria-multiselectable=\"true\">\n\t\t\t<div class=\"accordion__panel  panel  panel-default\">\n\t\t\t<div class=\"accordion__heading  panel-heading\" role=\"tab\" id=\"heading-widget-0-0-1-1\">\n\t\t\t\t<h4 class=\"panel-title\">\n\t\t\t\t\t<a class=\"collapsed\" role=\"button\" data-toggle=\"collapse\" data-parent=\"#accordion-widget-0-0-1\" href=\"#collapse-widget-0-0-1-1\" aria-expanded=\"false\" aria-controls=\"collapse-widget-0-0-1-1\">\n\t\t\t\t\t\tSalidas\t\t\t\t\t<\/a>\n\t\t\t\t<\/h4>\n\t\t\t<\/div>\n\t\t\t<div id=\"collapse-widget-0-0-1-1\" class=\"accordion__content  panel-collapse  collapse\" role=\"tabpanel\" aria-labelledby=\"heading-widget-0-0-1-1\">\n\t\t\t\t<div class=\"panel-body\">\n\t\t\t\t\tEste recorrido sale en dos horarios diferentes. Elija 9:15 a.m. o 12:45 p.m.\t\t\t\t<\/div>\n\t\t\t<\/div>\n\t\t<\/div>\n\t\t\t<div class=\"accordion__panel  panel  panel-default\">\n\t\t\t<div class=\"accordion__heading  panel-heading\" role=\"tab\" id=\"heading-widget-0-0-1-2\">\n\t\t\t\t<h4 class=\"panel-title\">\n\t\t\t\t\t<a class=\"collapsed\" role=\"button\" data-toggle=\"collapse\" data-parent=\"#accordion-widget-0-0-1\" href=\"#collapse-widget-0-0-1-2\" aria-expanded=\"false\" aria-controls=\"collapse-widget-0-0-1-2\">\n\t\t\t\t\t\tInstrucciones de reunion\t\t\t\t\t<\/a>\n\t\t\t\t<\/h4>\n\t\t\t<\/div>\n\t\t\t<div id=\"collapse-widget-0-0-1-2\" class=\"accordion__content  panel-collapse  collapse\" role=\"tabpanel\" aria-labelledby=\"heading-widget-0-0-1-2\">\n\t\t\t\t<div class=\"panel-body\">\n\t\t\t\t\tEncu\u00e9ntrenos en la tienda Beach Bum Cozumel ubicada en el centro comercial Palmar Condominiums en Main Ocean Road, junto a la tienda de alquiler Eagle Rider Harley Davidson, a unas 2 cuadras al norte del Park Royal Resort. Se proporcionan m\u00e1s detalles al recibir la confirmaci\u00f3n. \t\t\t\t<\/div>\n\t\t\t<\/div>\n\t\t<\/div>\n\t\t\t<div class=\"accordion__panel  panel  panel-default\">\n\t\t\t<div class=\"accordion__heading  panel-heading\" role=\"tab\" id=\"heading-widget-0-0-1-3\">\n\t\t\t\t<h4 class=\"panel-title\">\n\t\t\t\t\t<a class=\"collapsed\" role=\"button\" data-toggle=\"collapse\" data-parent=\"#accordion-widget-0-0-1\" href=\"#collapse-widget-0-0-1-3\" aria-expanded=\"false\" aria-controls=\"collapse-widget-0-0-1-3\">\n\t\t\t\t\t\tT\u00e9rminos y Condiciones\t\t\t\t\t<\/a>\n\t\t\t\t<\/h4>\n\t\t\t<\/div>\n\t\t\t<div id=\"collapse-widget-0-0-1-3\" class=\"accordion__content  panel-collapse  collapse\" role=\"tabpanel\" aria-labelledby=\"heading-widget-0-0-1-3\">\n\t\t\t\t<div class=\"panel-body\">\n\t\t\t\t\tLos participantes pueden pagar con todas las tarjetas de cr\u00e9dito a trav\u00e9s de nuestro sistema de reservas en l\u00ednea. Para confirmar su reserva, debe enviar el pago completo o el dep\u00f3sito seg\u00fan se le solicite al finalizar la compra. Se requiere un dep\u00f3sito de seguridad de $20 USD por participante. El dep\u00f3sito de seguridad debe pagarse con tarjeta de cr\u00e9dito o en efectivo en la oficina de turismo al registrarse para su recorrido. Este recorrido implica viajar por las calles de la hermosa isla de Cozumel y, a veces, puede requerir viajar junto con otros veh\u00edculos. Este recorrido NO se recomienda para personas que no han montado una bicicleta por m\u00e1s de 6 meses. Los participantes deben tener un m\u00ednimo de 12 a\u00f1os de edad y al menos 5 pies (1,50 cm) de altura. Todos los hu\u00e9spedes deben tener un conocimiento general de la bicicleta y sentirse c\u00f3modos al hacerlo. Los hu\u00e9spedes deben poder subir y bajar de la bicicleta el\u00e9ctrica y andar en bicicleta de forma independiente. Este recorrido no puede acomodar a hu\u00e9spedes con problemas de espalda, rodilla u otros problemas de movilidad. Nuestros tours generalmente operan con lluvia ligera y otras condiciones clim\u00e1ticas moderadas; sin embargo, el recorrido puede cancelarse en caso de condiciones clim\u00e1ticas severas o inseguras, con un reembolso completo. Todos los participantes deben cumplir con los requisitos de edad y peso. Todos los participantes deben tener 12 a\u00f1os o m\u00e1s y no pueden exceder las 280 libras para poder participar. Condiciones clim\u00e1ticas severas: en el caso de una &quot;Bandera Roja&quot;, &quot;Bandera Negra&quot; o &quot;cierre oficial del puerto&quot; emitido por la Administraci\u00f3n de Puertos y Costas, nos reservamos el derecho de desviar, cambiar, reducir o modificar el recorrido sin previo aviso , sujeto a ning\u00fan reembolso parcial o total, ya que no podemos predecir estos eventos naturales y no tenemos control sobre ellos. Solo en caso de mal tiempo que pueda poner en peligro la seguridad del cliente y hacer que el recorrido sea completamente inoperable, el proveedor del tour puede cancelar el recorrido y solo, en este caso, el cliente puede recibir un reembolso menos las tarifas incurridas durante El proceso de reserva. Los hu\u00e9spedes deben seguir nuestro &quot;Protocolo Sanitario&quot; para poder participar en el recorrido. Para m\u00e1s informaci\u00f3n visite: www.beachbumcozumel.com\/covid-19-update\t\t\t\t<\/div>\n\t\t\t<\/div>\n\t\t<\/div>\n\t\t\t<div class=\"accordion__panel  panel  panel-default\">\n\t\t\t<div class=\"accordion__heading  panel-heading\" role=\"tab\" id=\"heading-widget-0-0-1-4\">\n\t\t\t\t<h4 class=\"panel-title\">\n\t\t\t\t\t<a class=\"collapsed\" role=\"button\" data-toggle=\"collapse\" data-parent=\"#accordion-widget-0-0-1\" href=\"#collapse-widget-0-0-1-4\" aria-expanded=\"false\" aria-controls=\"collapse-widget-0-0-1-4\">\n\t\t\t\t\t\tPolitica de reembolso\t\t\t\t\t<\/a>\n\t\t\t\t<\/h4>\n\t\t\t<\/div>\n\t\t\t<div id=\"collapse-widget-0-0-1-4\" class=\"accordion__content  panel-collapse  collapse\" role=\"tabpanel\" aria-labelledby=\"heading-widget-0-0-1-4\">\n\t\t\t\t<div class=\"panel-body\">\n\t\t\t\t\tPara cancelar su actividad, se debe enviar una notificaci\u00f3n por escrito a info@beachbumcozumel.com. Para obtener un reembolso completo, cancele hasta 7 d\u00edas antes de la salida programada. Las cancelaciones recibidas entre 6 y 4 d\u00edas antes de la fecha de salida programada incurrir\u00e1n en una tarifa de cancelaci\u00f3n 20%. Las cancelaciones 3 d\u00edas antes de la salida del tour incurrir\u00e1n en una tarifa de cancelaci\u00f3n 50%. Las cancelaciones o &quot;no presentaciones&quot; en el mismo d\u00eda no son reembolsables 100%.\t\t\t\t<\/div>\n\t\t\t<\/div>\n\t\t<\/div>\n\t\t\t<div class=\"accordion__panel  panel  panel-default\">\n\t\t\t<div class=\"accordion__heading  panel-heading\" role=\"tab\" id=\"heading-widget-0-0-1-5\">\n\t\t\t\t<h4 class=\"panel-title\">\n\t\t\t\t\t<a class=\"collapsed\" role=\"button\" data-toggle=\"collapse\" data-parent=\"#accordion-widget-0-0-1\" href=\"#collapse-widget-0-0-1-5\" aria-expanded=\"false\" aria-controls=\"collapse-widget-0-0-1-5\">\n\t\t\t\t\t\tActualizaci\u00f3n Covid-19\t\t\t\t\t<\/a>\n\t\t\t\t<\/h4>\n\t\t\t<\/div>\n\t\t\t<div id=\"collapse-widget-0-0-1-5\" class=\"accordion__content  panel-collapse  collapse\" role=\"tabpanel\" aria-labelledby=\"heading-widget-0-0-1-5\">\n\t\t\t\t<div class=\"panel-body\">\n\t\t\t\t\tProtocolo sanitario Hemos implementado un protocolo sanitario coherente para mantener un entorno seguro y libre de virus. Nuestras medidas incluyen lo siguiente: Para alquileres y recorridos de bicicletas el\u00e9ctricas: las bicicletas y los cascos se desinfectar\u00e1n diariamente y despu\u00e9s de cada uso con un aerosol desinfectante de grado m\u00e9dico. Todas las superficies de la tienda se desinfectar\u00e1n cada hora y despu\u00e9s de cada visita. Los hu\u00e9spedes recibir\u00e1n un gel antibacteriano (70% a base de alcohol) en la recepci\u00f3n. Como requisito estatal, a todos los hu\u00e9spedes se les debe verificar su temperatura en la recepci\u00f3n para poder participar en el recorrido. El personal debe usar m\u00e1scaras faciales durante la ejecuci\u00f3n del recorrido y dentro del \u00e1rea de trabajo. Hemos actualizado nuestro proceso de registro para garantizar un procedimiento de &quot;contacto cero&quot;.\t\t\t\t<\/div>\n\t\t\t<\/div>\n\t\t<\/div>\n\t\t\t<\/div>\n\n<\/div><\/div><div id=\"pgc-1637-0-1\"  class=\"panel-grid-cell\" ><div id=\"panel-1637-0-1-0\" class=\"so-panel widget widget_media_video panel-first-child\" data-index=\"2\" ><div style=\"width:100%;\" class=\"wp-video\"><video class=\"wp-video-shortcode\" id=\"video-1637-1\" preload=\"metadata\" controls=\"controls\"><source type=\"video\/youtube\" src=\"https:\/\/youtu.be\/fY9rThfta3w?_=1\" \/><a href=\"https:\/\/youtu.be\/fY9rThfta3w\">https:\/\/youtu.be\/fY9rThfta3w<\/a><\/video><\/div><\/div><div id=\"panel-1637-0-1-1\" class=\"widget_text so-panel widget widget_custom_html panel-last-child\" data-index=\"3\" ><div class=\"textwidget custom-html-widget\"><a class=\"btn  btn-primary  col-xs-12\" href=\"https:\/\/book.peek.com\/s\/b0f5a87f-d1e4-4354-9263-f31778a802a2\/wXqMw\" target=\"_self\"> Reservar<\/a><\/div><\/div><\/div><\/div><\/div>","protected":false},"excerpt":{"rendered":"<p>Pedal around the island of Cozumel without breaking into a sweat on this 3-hour guided tour by Pedego electric bicycle. Enjoy snorkeling at Cozumel best close to shore reef!<\/p>","protected":false},"author":2,"featured_media":2495,"parent":1627,"menu_order":0,"comment_status":"closed","ping_status":"closed","template":"template-tour.php","meta":{"_acf_changed":false,"footnotes":""},"yst_prominent_words":[72,182,234,80,199,215,198,225,113,209,206,228,212,181,222,197,231,128,180,218],"class_list":["post-1637","page","type-page","status-publish","has-post-thumbnail","hentry","clearfix"],"acf":[],"yoast_head":"<!-- This site is optimized with the Yoast SEO Premium plugin v14.5 - https:\/\/yoast.com\/wordpress\/plugins\/seo\/ -->\n<title>West Coast Ride N&#039; Snorkel | Beach Bum Cozumel<\/title>\n<meta name=\"description\" content=\"Join an effortless guided electric west coast ride along the west coast of the island and arrive at the shorefront beach club for a snorkeling tour!\" \/>\n<meta name=\"robots\" content=\"index, follow\" \/>\n<meta name=\"googlebot\" content=\"index, follow, max-snippet:-1, max-image-preview:large, max-video-preview:-1\" \/>\n<meta name=\"bingbot\" content=\"index, follow, max-snippet:-1, max-image-preview:large, max-video-preview:-1\" \/>\n<link rel=\"canonical\" href=\"https:\/\/beachbumcozumel.mx\/es\/bike-tours-cozumel\/west-coast-ride-n-snorkel\/\" \/>\n<meta property=\"og:locale\" content=\"es_MX\" \/>\n<meta property=\"og:type\" content=\"article\" \/>\n<meta property=\"og:title\" content=\"West Coast Ride N&#039; Snorkel | Beach Bum Cozumel\" \/>\n<meta property=\"og:description\" content=\"Join an effortless guided electric west coast ride along the west coast of the island and arrive at the shorefront beach club for a snorkeling tour!\" \/>\n<meta property=\"og:url\" content=\"https:\/\/beachbumcozumel.mx\/es\/bike-tours-cozumel\/west-coast-ride-n-snorkel\/\" \/>\n<meta property=\"og:site_name\" content=\"Beach Bum Cozumel\" \/>\n<meta property=\"article:publisher\" content=\"https:\/\/www.facebook.com\/bbcozumelofficial\" \/>\n<meta property=\"article:modified_time\" content=\"2020-09-23T16:51:50+00:00\" \/>\n<meta property=\"og:image\" content=\"https:\/\/beachbumcozumel.mx\/wp-content\/uploads\/2019\/09\/DSC_0053-copy-1.jpg\" \/>\n\t<meta property=\"og:image:width\" content=\"1920\" \/>\n\t<meta property=\"og:image:height\" content=\"1280\" \/>\n<meta name=\"twitter:card\" content=\"summary_large_image\" \/>\n<script type=\"application\/ld+json\" class=\"yoast-schema-graph\">{\"@context\":\"https:\/\/schema.org\",\"@graph\":[{\"@type\":[\"Organization\",\"Place\"],\"@id\":\"https:\/\/beachbumcozumel.mx\/es\/#organization\",\"name\":\"Beach Bum Cozumel\",\"url\":\"https:\/\/beachbumcozumel.mx\/es\/\",\"sameAs\":[\"https:\/\/www.facebook.com\/bbcozumelofficial\",\"https:\/\/www.instagram.com\/beachbumbikescozumel\/\",\"https:\/\/www.youtube.com\/channel\/UCrIoFe5BInnVhMxbcGbjpXQ\"],\"logo\":{\"@type\":\"ImageObject\",\"@id\":\"https:\/\/beachbumcozumel.mx\/es\/#logo\",\"inLanguage\":\"es\",\"url\":\"https:\/\/beachbumcozumel.mx\/wp-content\/uploads\/2019\/08\/Logo-Beach-Bum-cozumel-3-700.png\",\"width\":700,\"height\":189,\"caption\":\"Beach Bum Cozumel\"},\"image\":{\"@id\":\"https:\/\/beachbumcozumel.mx\/es\/#logo\"},\"location\":{\"@id\":\"https:\/\/beachbumcozumel.mx\/bike-tours-cozumel\/west-coast-ride-n-snorkel\/#local-place\"},\"address\":{\"@id\":\"https:\/\/beachbumcozumel.mx\/bike-tours-cozumel\/west-coast-ride-n-snorkel\/#local-place-address\"}},{\"@type\":\"WebSite\",\"@id\":\"https:\/\/beachbumcozumel.mx\/es\/#website\",\"url\":\"https:\/\/beachbumcozumel.mx\/es\/\",\"name\":\"Beach Bum Cozumel\",\"description\":\"Best things to do in Cozumel\",\"publisher\":{\"@id\":\"https:\/\/beachbumcozumel.mx\/es\/#organization\"},\"potentialAction\":[{\"@type\":\"SearchAction\",\"target\":\"https:\/\/beachbumcozumel.mx\/es\/?s={search_term_string}\",\"query-input\":\"required name=search_term_string\"}],\"inLanguage\":\"es\"},{\"@type\":\"ImageObject\",\"@id\":\"https:\/\/beachbumcozumel.mx\/bike-tours-cozumel\/west-coast-ride-n-snorkel\/#primaryimage\",\"inLanguage\":\"es\",\"url\":\"https:\/\/beachbumcozumel.mx\/wp-content\/uploads\/2019\/09\/DSC_0053-copy-1.jpg\",\"width\":1920,\"height\":1280},{\"@type\":\"WebPage\",\"@id\":\"https:\/\/beachbumcozumel.mx\/bike-tours-cozumel\/west-coast-ride-n-snorkel\/#webpage\",\"url\":\"https:\/\/beachbumcozumel.mx\/bike-tours-cozumel\/west-coast-ride-n-snorkel\/\",\"name\":\"West Coast Ride N' Snorkel | Beach Bum Cozumel\",\"isPartOf\":{\"@id\":\"https:\/\/beachbumcozumel.mx\/es\/#website\"},\"primaryImageOfPage\":{\"@id\":\"https:\/\/beachbumcozumel.mx\/bike-tours-cozumel\/west-coast-ride-n-snorkel\/#primaryimage\"},\"datePublished\":\"2019-08-03T19:53:39+00:00\",\"dateModified\":\"2020-09-23T16:51:50+00:00\",\"description\":\"Join an effortless guided electric west coast ride along the west coast of the island and arrive at the shorefront beach club for a snorkeling tour!\",\"inLanguage\":\"es\",\"potentialAction\":[{\"@type\":\"ReadAction\",\"target\":[\"https:\/\/beachbumcozumel.mx\/bike-tours-cozumel\/west-coast-ride-n-snorkel\/\"]}]},{\"@type\":\"Place\",\"@id\":\"https:\/\/beachbumcozumel.mx\/bike-tours-cozumel\/west-coast-ride-n-snorkel\/#local-place\",\"address\":{\"@type\":\"PostalAddress\",\"@id\":\"https:\/\/beachbumcozumel.mx\/bike-tours-cozumel\/west-coast-ride-n-snorkel\/#local-place-address\",\"streetAddress\":\"\",\"addressLocality\":\"\",\"postalCode\":\"\",\"addressRegion\":\"\",\"addressCountry\":\"\"},\"geo\":{\"@type\":\"GeoCoordinates\",\"latitude\":\"\",\"longitude\":\"\"},\"openingHoursSpecification\":[{\"@type\":\"OpeningHoursSpecification\",\"dayOfWeek\":[\"Monday\",\"Tuesday\",\"Wednesday\",\"Thursday\",\"Friday\",\"Saturday\",\"Sunday\"],\"opens\":\"09:00\",\"closes\":\"17:00\"}]}]}<\/script>\n<!-- \/ Yoast SEO Premium plugin. -->","_links":{"self":[{"href":"https:\/\/beachbumcozumel.mx\/es\/wp-json\/wp\/v2\/pages\/1637","targetHints":{"allow":["GET"]}}],"collection":[{"href":"https:\/\/beachbumcozumel.mx\/es\/wp-json\/wp\/v2\/pages"}],"about":[{"href":"https:\/\/beachbumcozumel.mx\/es\/wp-json\/wp\/v2\/types\/page"}],"author":[{"embeddable":true,"href":"https:\/\/beachbumcozumel.mx\/es\/wp-json\/wp\/v2\/users\/2"}],"replies":[{"embeddable":true,"href":"https:\/\/beachbumcozumel.mx\/es\/wp-json\/wp\/v2\/comments?post=1637"}],"version-history":[{"count":56,"href":"https:\/\/beachbumcozumel.mx\/es\/wp-json\/wp\/v2\/pages\/1637\/revisions"}],"predecessor-version":[{"id":3452,"href":"https:\/\/beachbumcozumel.mx\/es\/wp-json\/wp\/v2\/pages\/1637\/revisions\/3452"}],"up":[{"embeddable":true,"href":"https:\/\/beachbumcozumel.mx\/es\/wp-json\/wp\/v2\/pages\/1627"}],"wp:featuredmedia":[{"embeddable":true,"href":"https:\/\/beachbumcozumel.mx\/es\/wp-json\/wp\/v2\/media\/2495"}],"wp:attachment":[{"href":"https:\/\/beachbumcozumel.mx\/es\/wp-json\/wp\/v2\/media?parent=1637"}],"wp:term":[{"taxonomy":"yst_prominent_words","embeddable":true,"href":"https:\/\/beachbumcozumel.mx\/es\/wp-json\/wp\/v2\/yst_prominent_words?post=1637"}],"curies":[{"name":"wp","href":"https:\/\/api.w.org\/{rel}","templated":true}]}}