{"id":1643,"date":"2019-08-03T19:54:29","date_gmt":"2019-08-03T19:54:29","guid":{"rendered":"http:\/\/beachbumcozumel.com\/?page_id=1643"},"modified":"2020-09-23T16:48:32","modified_gmt":"2020-09-23T16:48:32","slug":"east-coast-scenic-cruise","status":"publish","type":"page","link":"https:\/\/beachbumcozumel.mx\/es\/bike-tours-cozumel\/east-coast-scenic-cruise\/","title":{"rendered":"Tour de crucero panor\u00e1mico por la costa este"},"content":{"rendered":"<div id=\"pl-1643\"  class=\"panel-layout\" ><div id=\"pg-1643-0\"  class=\"panel-grid panel-no-style\" ><div id=\"pgc-1643-0-0\"  class=\"panel-grid-cell\" ><div id=\"panel-1643-0-0-0\" class=\"so-panel widget widget_sow-editor panel-first-child\" data-index=\"0\" ><div\n\t\t\t\n\t\t\tclass=\"so-widget-sow-editor so-widget-sow-editor-base\"\n\t\t\t\n\t\t><h3 class=\"widget-title\"><span class=\"widget-title__inline\">Resumen del recorrido<\/span><\/h3>\n<div class=\"siteorigin-widget-tinymce textwidget\">\n\t<p>Con tantas opciones de tours en la isla, prueba algo fuera de lo com\u00fan y lejos de las grandes multitudes! \u00a1Reserve ese tour por el lado este de Cozumel en una bicicleta el\u00e9ctrica Pedego sobre un camino exclusivo para bicicletas!<\/p>\n<p>Recorre el lado este de Cozumel en un tour de medio d\u00eda en bicicleta el\u00e9ctrica dirigido por nuestros gu\u00edas expertos. Andar\u00e1s en caminos exclusivos para bicicletas que recorren un largo de 12 millas (19 km) de la costa, bordeada de formaciones de rocas volc\u00e1nicas, playas de arena blanca y vida marina. La bicicleta el\u00e9ctrica te da la opci\u00f3n de pedalear un poco o mucho, lo que te permite cubrir la distancia con un m\u00ednimo esfuerzo.<\/p>\n<p>Su recorrido incluye un almuerzo ligero con una bebida en el famoso restaurante de San Mart\u00edn, todo el equipo necesario y tiempo para detenerse en hermosos lugares en el camino.<\/p>\n<p>&nbsp;<\/p>\n<\/div>\n<\/div><\/div><div id=\"panel-1643-0-0-1\" class=\"widget_text so-panel widget widget_custom_html panel-last-child\" data-index=\"1\" ><div class=\"textwidget custom-html-widget\"><a class=\"btn  btn-primary  col-xs-12\" href=\"https:\/\/book.peek.com\/s\/b0f5a87f-d1e4-4354-9263-f31778a802a2\/Yw7dm\" target=\"_self\"> Reservar<\/a><\/div><\/div><\/div><div id=\"pgc-1643-0-1\"  class=\"panel-grid-cell\" ><div id=\"panel-1643-0-1-0\" class=\"so-panel widget widget_media_video panel-first-child\" data-index=\"2\" ><div style=\"width:100%;\" class=\"wp-video\"><video class=\"wp-video-shortcode\" id=\"video-1643-1\" preload=\"metadata\" controls=\"controls\"><source type=\"video\/youtube\" src=\"https:\/\/www.youtube.com\/watch?v=rx6q9hVwdJU&#038;_=1\" \/><a href=\"https:\/\/www.youtube.com\/watch?v=rx6q9hVwdJU\">https:\/\/www.youtube.com\/watch?v=rx6q9hVwdJU<\/a><\/video><\/div><\/div><div id=\"panel-1643-0-1-1\" class=\"so-panel widget widget_pw_accordion widget-accordion panel-last-child\" data-index=\"3\" >\t<div class=\"accordion panel-group\" id=\"accordion-widget-0-1-1\" role=\"tablist\" aria-multiselectable=\"true\">\n\t\t\t<div class=\"accordion__panel  panel  panel-default\">\n\t\t\t<div class=\"accordion__heading  panel-heading\" role=\"tab\" id=\"heading-widget-0-1-1-1\">\n\t\t\t\t<h4 class=\"panel-title\">\n\t\t\t\t\t<a class=\"collapsed\" role=\"button\" data-toggle=\"collapse\" data-parent=\"#accordion-widget-0-1-1\" href=\"#collapse-widget-0-1-1-1\" aria-expanded=\"false\" aria-controls=\"collapse-widget-0-1-1-1\">\n\t\t\t\t\t\tHorarios de salida\t\t\t\t\t<\/a>\n\t\t\t\t<\/h4>\n\t\t\t<\/div>\n\t\t\t<div id=\"collapse-widget-0-1-1-1\" class=\"accordion__content  panel-collapse  collapse\" role=\"tabpanel\" aria-labelledby=\"heading-widget-0-1-1-1\">\n\t\t\t\t<div class=\"panel-body\">\n\t\t\t\t\tEste recorrido sale a las 9:15 a.m.\t\t\t\t<\/div>\n\t\t\t<\/div>\n\t\t<\/div>\n\t\t\t<div class=\"accordion__panel  panel  panel-default\">\n\t\t\t<div class=\"accordion__heading  panel-heading\" role=\"tab\" id=\"heading-widget-0-1-1-2\">\n\t\t\t\t<h4 class=\"panel-title\">\n\t\t\t\t\t<a class=\"collapsed\" role=\"button\" data-toggle=\"collapse\" data-parent=\"#accordion-widget-0-1-1\" href=\"#collapse-widget-0-1-1-2\" aria-expanded=\"false\" aria-controls=\"collapse-widget-0-1-1-2\">\n\t\t\t\t\t\tInstrucciones de reunion\t\t\t\t\t<\/a>\n\t\t\t\t<\/h4>\n\t\t\t<\/div>\n\t\t\t<div id=\"collapse-widget-0-1-1-2\" class=\"accordion__content  panel-collapse  collapse\" role=\"tabpanel\" aria-labelledby=\"heading-widget-0-1-1-2\">\n\t\t\t\t<div class=\"panel-body\">\n\t\t\t\t\tTodos los invitados deben estar en el punto de encuentro al menos 15 minutos antes de la hora de salida. Este recorrido sale a las 9:15 a.m.en la tienda Beach Bum Cozumel ubicada en Main Ocean Road frente a los condominios Palmar. Encu\u00e9ntranos justo al lado de la tienda de alquiler Eagle Rider Harley Davidson, a unas 2 cuadras al norte del Park Royal Resort.\t\t\t\t<\/div>\n\t\t\t<\/div>\n\t\t<\/div>\n\t\t\t<div class=\"accordion__panel  panel  panel-default\">\n\t\t\t<div class=\"accordion__heading  panel-heading\" role=\"tab\" id=\"heading-widget-0-1-1-3\">\n\t\t\t\t<h4 class=\"panel-title\">\n\t\t\t\t\t<a class=\"collapsed\" role=\"button\" data-toggle=\"collapse\" data-parent=\"#accordion-widget-0-1-1\" href=\"#collapse-widget-0-1-1-3\" aria-expanded=\"false\" aria-controls=\"collapse-widget-0-1-1-3\">\n\t\t\t\t\t\tT\u00e9rminos y Condiciones:\t\t\t\t\t<\/a>\n\t\t\t\t<\/h4>\n\t\t\t<\/div>\n\t\t\t<div id=\"collapse-widget-0-1-1-3\" class=\"accordion__content  panel-collapse  collapse\" role=\"tabpanel\" aria-labelledby=\"heading-widget-0-1-1-3\">\n\t\t\t\t<div class=\"panel-body\">\n\t\t\t\t\tLos participantes deben tener un m\u00ednimo de 10 a\u00f1os de edad y al menos 4 pies y 7 pulgadas de alto y no pueden exceder las 280 libras para poder participar. Todos los hu\u00e9spedes deben tener un conocimiento general de la bicicleta y sentirse c\u00f3modos al hacerlo. El hu\u00e9sped debe poder subir y bajar de la bicicleta el\u00e9ctrica y andar en bicicleta de forma independiente. Este recorrido no puede acomodar a hu\u00e9spedes con problemas de espalda, rodilla u otros problemas de movilidad. El participante acepta seguir todas las instrucciones proporcionadas por la gu\u00eda; De lo contrario, se cancelar\u00e1 la participaci\u00f3n del hu\u00e9sped y se perder\u00e1n todos los fondos utilizados para reservar el recorrido. Nuestro personal tambi\u00e9n puede cancelar la participaci\u00f3n de los invitados si el cliente no es elegible para continuar montando en la bicicleta el\u00e9ctrica al poner en peligro su seguridad o la de otros invitados, y se le cobrar\u00e1 una tarifa de cancelaci\u00f3n de 100%. El tour puede cancelarse debido al mal tiempo. Nuestros tours generalmente operan con lluvia ligera y otras condiciones clim\u00e1ticas moderadas; sin embargo, el recorrido puede cancelarse en caso de condiciones clim\u00e1ticas severas o inseguras, con un reembolso completo. Todos los participantes deben cumplir con los requisitos de edad y peso.\t\t\t\t<\/div>\n\t\t\t<\/div>\n\t\t<\/div>\n\t\t\t<div class=\"accordion__panel  panel  panel-default\">\n\t\t\t<div class=\"accordion__heading  panel-heading\" role=\"tab\" id=\"heading-widget-0-1-1-4\">\n\t\t\t\t<h4 class=\"panel-title\">\n\t\t\t\t\t<a class=\"collapsed\" role=\"button\" data-toggle=\"collapse\" data-parent=\"#accordion-widget-0-1-1\" href=\"#collapse-widget-0-1-1-4\" aria-expanded=\"false\" aria-controls=\"collapse-widget-0-1-1-4\">\n\t\t\t\t\t\tPolitica de reembolso\t\t\t\t\t<\/a>\n\t\t\t\t<\/h4>\n\t\t\t<\/div>\n\t\t\t<div id=\"collapse-widget-0-1-1-4\" class=\"accordion__content  panel-collapse  collapse\" role=\"tabpanel\" aria-labelledby=\"heading-widget-0-1-1-4\">\n\t\t\t\t<div class=\"panel-body\">\n\t\t\t\t\tPara cancelar su actividad, se debe enviar una notificaci\u00f3n por escrito a info@beachbumcozumel.com. Para obtener un reembolso completo, cancele hasta 7 d\u00edas antes de la salida programada. Las cancelaciones recibidas entre 6 y 4 d\u00edas antes de la fecha de salida programada incurrir\u00e1n en una tarifa de cancelaci\u00f3n 20%. Las cancelaciones 3 d\u00edas antes de la salida del tour incurrir\u00e1n en una tarifa de cancelaci\u00f3n 50%. Las cancelaciones o &quot;no presentaciones&quot; en el mismo d\u00eda no son reembolsables 100%.\t\t\t\t<\/div>\n\t\t\t<\/div>\n\t\t<\/div>\n\t\t\t<\/div>\n\n<\/div><\/div><\/div><\/div>","protected":false},"excerpt":{"rendered":"<p>Take a tour off the beaten path and explore the wild side of the island. Ride along the undeveloped eastern side of Cozumel on a half-day electric bike tour led by a knowledgeable guide.<\/p>","protected":false},"author":2,"featured_media":2704,"parent":1627,"menu_order":0,"comment_status":"closed","ping_status":"closed","template":"template-tour.php","meta":{"_acf_changed":false,"footnotes":""},"yst_prominent_words":[72,132,413,182,94,411,183,131,80,198,225,412,187,129,181,410,128,203,409,180],"class_list":["post-1643","page","type-page","status-publish","has-post-thumbnail","hentry","clearfix"],"acf":[],"yoast_head":"<!-- This site is optimized with the Yoast SEO Premium plugin v14.5 - https:\/\/yoast.com\/wordpress\/plugins\/seo\/ -->\n<title>East Coast Scenic Cruise Tour | Beach Bum Cozumel<\/title>\n<meta name=\"description\" content=\"Discover the stunning natural beauty of the east coast of Cozumel on this 3-hour guided e-bike tour around natural beaches and rocks.\" \/>\n<meta name=\"robots\" content=\"index, follow\" \/>\n<meta name=\"googlebot\" content=\"index, follow, max-snippet:-1, max-image-preview:large, max-video-preview:-1\" \/>\n<meta name=\"bingbot\" content=\"index, follow, max-snippet:-1, max-image-preview:large, max-video-preview:-1\" \/>\n<link rel=\"canonical\" href=\"https:\/\/beachbumcozumel.mx\/es\/bike-tours-cozumel\/east-coast-scenic-cruise\/\" \/>\n<meta property=\"og:locale\" content=\"es_MX\" \/>\n<meta property=\"og:type\" content=\"article\" \/>\n<meta property=\"og:title\" content=\"East Coast Scenic Cruise Tour | Beach Bum Cozumel\" \/>\n<meta property=\"og:description\" content=\"Discover the stunning natural beauty of the east coast of Cozumel on this 3-hour guided e-bike tour around natural beaches and rocks.\" \/>\n<meta property=\"og:url\" content=\"https:\/\/beachbumcozumel.mx\/es\/bike-tours-cozumel\/east-coast-scenic-cruise\/\" \/>\n<meta property=\"og:site_name\" content=\"Beach Bum Cozumel\" \/>\n<meta property=\"article:publisher\" content=\"https:\/\/www.facebook.com\/bbcozumelofficial\" \/>\n<meta property=\"article:modified_time\" content=\"2020-09-23T16:48:32+00:00\" \/>\n<meta property=\"og:image\" content=\"https:\/\/beachbumcozumel.mx\/wp-content\/uploads\/2019\/09\/DSC_0101-1.jpg\" \/>\n\t<meta property=\"og:image:width\" content=\"1866\" \/>\n\t<meta property=\"og:image:height\" content=\"1244\" \/>\n<meta name=\"twitter:card\" content=\"summary_large_image\" \/>\n<script type=\"application\/ld+json\" class=\"yoast-schema-graph\">{\"@context\":\"https:\/\/schema.org\",\"@graph\":[{\"@type\":[\"Organization\",\"Place\"],\"@id\":\"https:\/\/beachbumcozumel.mx\/es\/#organization\",\"name\":\"Beach Bum Cozumel\",\"url\":\"https:\/\/beachbumcozumel.mx\/es\/\",\"sameAs\":[\"https:\/\/www.facebook.com\/bbcozumelofficial\",\"https:\/\/www.instagram.com\/beachbumbikescozumel\/\",\"https:\/\/www.youtube.com\/channel\/UCrIoFe5BInnVhMxbcGbjpXQ\"],\"logo\":{\"@type\":\"ImageObject\",\"@id\":\"https:\/\/beachbumcozumel.mx\/es\/#logo\",\"inLanguage\":\"es\",\"url\":\"https:\/\/beachbumcozumel.mx\/wp-content\/uploads\/2019\/08\/Logo-Beach-Bum-cozumel-3-700.png\",\"width\":700,\"height\":189,\"caption\":\"Beach Bum Cozumel\"},\"image\":{\"@id\":\"https:\/\/beachbumcozumel.mx\/es\/#logo\"},\"location\":{\"@id\":\"https:\/\/beachbumcozumel.mx\/bike-tours-cozumel\/east-coast-scenic-cruise\/#local-place\"},\"address\":{\"@id\":\"https:\/\/beachbumcozumel.mx\/bike-tours-cozumel\/east-coast-scenic-cruise\/#local-place-address\"}},{\"@type\":\"WebSite\",\"@id\":\"https:\/\/beachbumcozumel.mx\/es\/#website\",\"url\":\"https:\/\/beachbumcozumel.mx\/es\/\",\"name\":\"Beach Bum Cozumel\",\"description\":\"Best things to do in Cozumel\",\"publisher\":{\"@id\":\"https:\/\/beachbumcozumel.mx\/es\/#organization\"},\"potentialAction\":[{\"@type\":\"SearchAction\",\"target\":\"https:\/\/beachbumcozumel.mx\/es\/?s={search_term_string}\",\"query-input\":\"required name=search_term_string\"}],\"inLanguage\":\"es\"},{\"@type\":\"ImageObject\",\"@id\":\"https:\/\/beachbumcozumel.mx\/bike-tours-cozumel\/east-coast-scenic-cruise\/#primaryimage\",\"inLanguage\":\"es\",\"url\":\"https:\/\/beachbumcozumel.mx\/wp-content\/uploads\/2019\/09\/DSC_0101-1.jpg\",\"width\":1866,\"height\":1244},{\"@type\":\"WebPage\",\"@id\":\"https:\/\/beachbumcozumel.mx\/bike-tours-cozumel\/east-coast-scenic-cruise\/#webpage\",\"url\":\"https:\/\/beachbumcozumel.mx\/bike-tours-cozumel\/east-coast-scenic-cruise\/\",\"name\":\"East Coast Scenic Cruise Tour | Beach Bum Cozumel\",\"isPartOf\":{\"@id\":\"https:\/\/beachbumcozumel.mx\/es\/#website\"},\"primaryImageOfPage\":{\"@id\":\"https:\/\/beachbumcozumel.mx\/bike-tours-cozumel\/east-coast-scenic-cruise\/#primaryimage\"},\"datePublished\":\"2019-08-03T19:54:29+00:00\",\"dateModified\":\"2020-09-23T16:48:32+00:00\",\"description\":\"Discover the stunning natural beauty of the east coast of Cozumel on this 3-hour guided e-bike tour around natural beaches and rocks.\",\"inLanguage\":\"es\",\"potentialAction\":[{\"@type\":\"ReadAction\",\"target\":[\"https:\/\/beachbumcozumel.mx\/bike-tours-cozumel\/east-coast-scenic-cruise\/\"]}]},{\"@type\":\"Place\",\"@id\":\"https:\/\/beachbumcozumel.mx\/bike-tours-cozumel\/east-coast-scenic-cruise\/#local-place\",\"address\":{\"@type\":\"PostalAddress\",\"@id\":\"https:\/\/beachbumcozumel.mx\/bike-tours-cozumel\/east-coast-scenic-cruise\/#local-place-address\",\"streetAddress\":\"\",\"addressLocality\":\"\",\"postalCode\":\"\",\"addressRegion\":\"\",\"addressCountry\":\"\"},\"geo\":{\"@type\":\"GeoCoordinates\",\"latitude\":\"\",\"longitude\":\"\"},\"openingHoursSpecification\":[{\"@type\":\"OpeningHoursSpecification\",\"dayOfWeek\":[\"Monday\",\"Tuesday\",\"Wednesday\",\"Thursday\",\"Friday\",\"Saturday\",\"Sunday\"],\"opens\":\"09:00\",\"closes\":\"17:00\"}]}]}<\/script>\n<!-- \/ Yoast SEO Premium plugin. -->","_links":{"self":[{"href":"https:\/\/beachbumcozumel.mx\/es\/wp-json\/wp\/v2\/pages\/1643","targetHints":{"allow":["GET"]}}],"collection":[{"href":"https:\/\/beachbumcozumel.mx\/es\/wp-json\/wp\/v2\/pages"}],"about":[{"href":"https:\/\/beachbumcozumel.mx\/es\/wp-json\/wp\/v2\/types\/page"}],"author":[{"embeddable":true,"href":"https:\/\/beachbumcozumel.mx\/es\/wp-json\/wp\/v2\/users\/2"}],"replies":[{"embeddable":true,"href":"https:\/\/beachbumcozumel.mx\/es\/wp-json\/wp\/v2\/comments?post=1643"}],"version-history":[{"count":60,"href":"https:\/\/beachbumcozumel.mx\/es\/wp-json\/wp\/v2\/pages\/1643\/revisions"}],"predecessor-version":[{"id":3448,"href":"https:\/\/beachbumcozumel.mx\/es\/wp-json\/wp\/v2\/pages\/1643\/revisions\/3448"}],"up":[{"embeddable":true,"href":"https:\/\/beachbumcozumel.mx\/es\/wp-json\/wp\/v2\/pages\/1627"}],"wp:featuredmedia":[{"embeddable":true,"href":"https:\/\/beachbumcozumel.mx\/es\/wp-json\/wp\/v2\/media\/2704"}],"wp:attachment":[{"href":"https:\/\/beachbumcozumel.mx\/es\/wp-json\/wp\/v2\/media?parent=1643"}],"wp:term":[{"taxonomy":"yst_prominent_words","embeddable":true,"href":"https:\/\/beachbumcozumel.mx\/es\/wp-json\/wp\/v2\/yst_prominent_words?post=1643"}],"curies":[{"name":"wp","href":"https:\/\/api.w.org\/{rel}","templated":true}]}}