{"id":1648,"date":"2019-08-03T19:56:03","date_gmt":"2019-08-03T19:56:03","guid":{"rendered":"http:\/\/beachbumcozumel.com\/?page_id=1648"},"modified":"2020-09-23T16:46:14","modified_gmt":"2020-09-23T16:46:14","slug":"cozumel-highlights-city-tour","status":"publish","type":"page","link":"https:\/\/beachbumcozumel.mx\/es\/bike-tours-cozumel\/cozumel-highlights-city-tour\/","title":{"rendered":"Recorrido por la ciudad de Cozumel"},"content":{"rendered":"<div id=\"pl-1648\"  class=\"panel-layout\" ><div id=\"pg-1648-0\"  class=\"panel-grid panel-no-style\" ><div id=\"pgc-1648-0-0\"  class=\"panel-grid-cell\" ><div id=\"panel-1648-0-0-0\" class=\"so-panel widget widget_sow-editor panel-first-child\" data-index=\"0\" ><div\n\t\t\t\n\t\t\tclass=\"so-widget-sow-editor so-widget-sow-editor-base\"\n\t\t\t\n\t\t><h3 class=\"widget-title\"><span class=\"widget-title__inline\">Resumen del recorrido<\/span><\/h3>\n<div class=\"siteorigin-widget-tinymce textwidget\">\n\t<p>Disfruta de una aventura \u00fanica en la isla e-bike en el centro de Cozumel y visita los lugares m\u00e1s emblem\u00e1ticos de la costa oeste. Conozca la historia de la isla narrada por nuestros incre\u00edbles gu\u00edas tur\u00edsticos locales y escuche historias divertidas sobre cada lugar que visitar\u00e1 mientras pasea por las calles de Cozumel.<\/p>\n<p>En este recorrido, se detendr\u00e1 en varios monumentos hist\u00f3ricos, edificios de la ciudad, parques y lugares de inter\u00e9s locales, cada uno con una historia incre\u00edble y algo divertido que aprender. Por un costo adicional, agregue la actividad de degustaci\u00f3n de tacos durante el paseo y disfrute de 3 tacos incre\u00edbles y una deliciosa bebida mexicana natural. Elija entre 9 tacos locales diferentes: Al pastor, Cochinita Pibil, Carne Asada, Camarones, \u00a1y m\u00e1s!<\/p>\n<\/div>\n<\/div><\/div><div id=\"panel-1648-0-0-1\" class=\"widget_text so-panel widget widget_custom_html panel-last-child\" data-index=\"1\" ><div class=\"textwidget custom-html-widget\"><a class=\"btn  btn-primary  col-xs-12\" href=\"https:\/\/book.peek.com\/s\/b0f5a87f-d1e4-4354-9263-f31778a802a2\/joaK6\" target=\"_self\"> Reservar<\/a><\/div><\/div><\/div><div id=\"pgc-1648-0-1\"  class=\"panel-grid-cell\" ><div id=\"panel-1648-0-1-0\" class=\"so-panel widget widget_media_video panel-first-child\" data-index=\"2\" ><div style=\"width:100%;\" class=\"wp-video\"><video class=\"wp-video-shortcode\" id=\"video-1648-1\" preload=\"metadata\" controls=\"controls\"><source type=\"video\/mp4\" src=\"https:\/\/beachbumcozumel.mx\/wp-content\/uploads\/2020\/06\/COMERCIAL-CITY-TOUR.mp4?_=1\" \/><source type=\"video\/mp4\" src=\"https:\/\/beachbumcozumel.mx\/wp-content\/uploads\/2020\/06\/COMERCIAL-CITY-TOUR.mp4?_=1\" \/><a href=\"https:\/\/beachbumcozumel.mx\/wp-content\/uploads\/2020\/06\/COMERCIAL-CITY-TOUR.mp4\">https:\/\/beachbumcozumel.mx\/wp-content\/uploads\/2020\/06\/COMERCIAL-CITY-TOUR.mp4<\/a><\/video><\/div><\/div><div id=\"panel-1648-0-1-1\" class=\"so-panel widget widget_pw_accordion widget-accordion panel-last-child\" data-index=\"3\" >\t<div class=\"accordion panel-group\" id=\"accordion-widget-0-1-1\" role=\"tablist\" aria-multiselectable=\"true\">\n\t\t\t<div class=\"accordion__panel  panel  panel-default\">\n\t\t\t<div class=\"accordion__heading  panel-heading\" role=\"tab\" id=\"heading-widget-0-1-1-0\">\n\t\t\t\t<h4 class=\"panel-title\">\n\t\t\t\t\t<a class=\"collapsed\" role=\"button\" data-toggle=\"collapse\" data-parent=\"#accordion-widget-0-1-1\" href=\"#collapse-widget-0-1-1-0\" aria-expanded=\"false\" aria-controls=\"collapse-widget-0-1-1-0\">\n\t\t\t\t\t\tSalidas\t\t\t\t\t<\/a>\n\t\t\t\t<\/h4>\n\t\t\t<\/div>\n\t\t\t<div id=\"collapse-widget-0-1-1-0\" class=\"accordion__content  panel-collapse  collapse\" role=\"tabpanel\" aria-labelledby=\"heading-widget-0-1-1-0\">\n\t\t\t\t<div class=\"panel-body\">\n\t\t\t\t\tEste recorrido sale a las 9:15 a.m. y a las 12:45 p.m.\t\t\t\t<\/div>\n\t\t\t<\/div>\n\t\t<\/div>\n\t\t\t<div class=\"accordion__panel  panel  panel-default\">\n\t\t\t<div class=\"accordion__heading  panel-heading\" role=\"tab\" id=\"heading-widget-0-1-1-1\">\n\t\t\t\t<h4 class=\"panel-title\">\n\t\t\t\t\t<a class=\"collapsed\" role=\"button\" data-toggle=\"collapse\" data-parent=\"#accordion-widget-0-1-1\" href=\"#collapse-widget-0-1-1-1\" aria-expanded=\"false\" aria-controls=\"collapse-widget-0-1-1-1\">\n\t\t\t\t\t\tInstrucciones de reunion\t\t\t\t\t<\/a>\n\t\t\t\t<\/h4>\n\t\t\t<\/div>\n\t\t\t<div id=\"collapse-widget-0-1-1-1\" class=\"accordion__content  panel-collapse  collapse\" role=\"tabpanel\" aria-labelledby=\"heading-widget-0-1-1-1\">\n\t\t\t\t<div class=\"panel-body\">\n\t\t\t\t\tTodos los hu\u00e9spedes deben estar en el punto de encuentro al menos 15 minutos para registrarse antes de la hora de salida. El recorrido parte de la tienda Bum Cozumel ubicada en la carretera principal del oc\u00e9ano frente a los condominios Palmar. Encu\u00e9ntranos justo al lado de la tienda de alquiler Eagle Rider Harley Davidson, a unas 2 cuadras al norte del Park Royal Resort. Las instrucciones detalladas se incluyen en el correo electr\u00f3nico de confirmaci\u00f3n. \t\t\t\t<\/div>\n\t\t\t<\/div>\n\t\t<\/div>\n\t\t\t<div class=\"accordion__panel  panel  panel-default\">\n\t\t\t<div class=\"accordion__heading  panel-heading\" role=\"tab\" id=\"heading-widget-0-1-1-2\">\n\t\t\t\t<h4 class=\"panel-title\">\n\t\t\t\t\t<a class=\"collapsed\" role=\"button\" data-toggle=\"collapse\" data-parent=\"#accordion-widget-0-1-1\" href=\"#collapse-widget-0-1-1-2\" aria-expanded=\"false\" aria-controls=\"collapse-widget-0-1-1-2\">\n\t\t\t\t\t\tT\u00e9rminos y Condiciones\t\t\t\t\t<\/a>\n\t\t\t\t<\/h4>\n\t\t\t<\/div>\n\t\t\t<div id=\"collapse-widget-0-1-1-2\" class=\"accordion__content  panel-collapse  collapse\" role=\"tabpanel\" aria-labelledby=\"heading-widget-0-1-1-2\">\n\t\t\t\t<div class=\"panel-body\">\n\t\t\t\t\tEste recorrido implica viajar por las calles de la hermosa isla de Cozumel y, a veces, puede requerir viajar junto con otros veh\u00edculos. Este recorrido NO se recomienda para personas que no han montado una bicicleta por m\u00e1s de 6 meses. Los participantes deben tener un m\u00ednimo de 12 a\u00f1os de edad y al menos 5 pies de altura. Todos los hu\u00e9spedes deben tener un conocimiento general de la bicicleta y sentirse c\u00f3modos al hacerlo. Los hu\u00e9spedes deben poder subir y bajar de la bicicleta el\u00e9ctrica y andar en bicicleta de forma independiente. Este recorrido no puede acomodar a hu\u00e9spedes con problemas de espalda, rodilla u otros problemas de movilidad. El tour puede cancelarse debido al mal tiempo. Nuestros tours generalmente operan con lluvia ligera y otras condiciones clim\u00e1ticas moderadas; sin embargo, el recorrido puede cancelarse en caso de condiciones clim\u00e1ticas severas o inseguras, con un reembolso completo. Todos los participantes deben cumplir con los requisitos de edad y peso. Todos los participantes deben tener 12 a\u00f1os o m\u00e1s y no pueden exceder las 280 libras para poder participar.\t\t\t\t<\/div>\n\t\t\t<\/div>\n\t\t<\/div>\n\t\t\t<div class=\"accordion__panel  panel  panel-default\">\n\t\t\t<div class=\"accordion__heading  panel-heading\" role=\"tab\" id=\"heading-widget-0-1-1-3\">\n\t\t\t\t<h4 class=\"panel-title\">\n\t\t\t\t\t<a class=\"collapsed\" role=\"button\" data-toggle=\"collapse\" data-parent=\"#accordion-widget-0-1-1\" href=\"#collapse-widget-0-1-1-3\" aria-expanded=\"false\" aria-controls=\"collapse-widget-0-1-1-3\">\n\t\t\t\t\t\tPolitica de reembolso\t\t\t\t\t<\/a>\n\t\t\t\t<\/h4>\n\t\t\t<\/div>\n\t\t\t<div id=\"collapse-widget-0-1-1-3\" class=\"accordion__content  panel-collapse  collapse\" role=\"tabpanel\" aria-labelledby=\"heading-widget-0-1-1-3\">\n\t\t\t\t<div class=\"panel-body\">\n\t\t\t\t\tPara cancelar su actividad, se debe enviar una notificaci\u00f3n por escrito a info@beachbumcozumel.com. Para obtener un reembolso completo, cancele hasta 7 d\u00edas antes de la salida programada. Las cancelaciones recibidas entre 6 y 4 d\u00edas antes de la fecha de salida programada incurrir\u00e1n en una tarifa de cancelaci\u00f3n 20%. Las cancelaciones 3 d\u00edas antes de la salida del tour incurrir\u00e1n en una tarifa de cancelaci\u00f3n 50%. Las cancelaciones o &quot;no presentaciones&quot; en el mismo d\u00eda no son reembolsables 100%.\t\t\t\t<\/div>\n\t\t\t<\/div>\n\t\t<\/div>\n\t\t\t<div class=\"accordion__panel  panel  panel-default\">\n\t\t\t<div class=\"accordion__heading  panel-heading\" role=\"tab\" id=\"heading-widget-0-1-1-4\">\n\t\t\t\t<h4 class=\"panel-title\">\n\t\t\t\t\t<a class=\"collapsed\" role=\"button\" data-toggle=\"collapse\" data-parent=\"#accordion-widget-0-1-1\" href=\"#collapse-widget-0-1-1-4\" aria-expanded=\"false\" aria-controls=\"collapse-widget-0-1-1-4\">\n\t\t\t\t\t\tActualizaci\u00f3n Covid-19\t\t\t\t\t<\/a>\n\t\t\t\t<\/h4>\n\t\t\t<\/div>\n\t\t\t<div id=\"collapse-widget-0-1-1-4\" class=\"accordion__content  panel-collapse  collapse\" role=\"tabpanel\" aria-labelledby=\"heading-widget-0-1-1-4\">\n\t\t\t\t<div class=\"panel-body\">\n\t\t\t\t\tPara alquileres y recorridos de bicicletas el\u00e9ctricas: -Las bicicletas y los cascos se desinfectar\u00e1n diariamente y despu\u00e9s de cada uso con un aerosol desinfectante de grado m\u00e9dico -Todas las superficies de la tienda se desinfectar\u00e1n cada hora y despu\u00e9s de cada visita -Los hu\u00e9spedes recibir\u00e1n un gel antibacteriano (70% a base de alcohol) en la recepci\u00f3n -Como requisito del estado, todos los hu\u00e9spedes deben controlar su temperatura en la recepci\u00f3n para que se les permita en el recorrido -El personal debe usar m\u00e1scaras faciales durante la ejecuci\u00f3n del recorrido y dentro del \u00e1rea de trabajo -Hemos actualizado nuestro cheque -en proceso para garantizar un procedimiento de &quot;contacto cero&quot; Visite www.beachbumcozumel.com\/covid-19-update para obtener m\u00e1s informaci\u00f3n.\t\t\t\t<\/div>\n\t\t\t<\/div>\n\t\t<\/div>\n\t\t\t<\/div>\n\n<\/div><\/div><\/div><\/div>","protected":false},"excerpt":{"rendered":"<p> Ride to the most iconic places of Cozumel on this fantastic 3-hour tour on a Pedego e-bike. Riding electric bikes and enjoying breathtaking views, while listening to a fabulous tour guide, there is no better way to get to know the island!<\/p>","protected":false},"author":2,"featured_media":2694,"parent":1627,"menu_order":0,"comment_status":"closed","ping_status":"closed","template":"template-tour.php","meta":{"_acf_changed":false,"footnotes":""},"yst_prominent_words":[72,182,234,94,183,198,225,99,406,407,408,209,206,220,181,231,128,203,405,180],"class_list":["post-1648","page","type-page","status-publish","has-post-thumbnail","hentry","clearfix"],"acf":[],"yoast_head":"<!-- This site is optimized with the Yoast SEO Premium plugin v14.5 - https:\/\/yoast.com\/wordpress\/plugins\/seo\/ -->\n<title>Cozumel Highlights City Tour | Beach Bum Cozumel<\/title>\n<meta name=\"description\" content=\"Hop on an electric bike and Explore Cozumel city tour! Visit the most iconic landmarks and monuments of the island and enjoy a fun guided tour.\" \/>\n<meta name=\"robots\" content=\"index, follow\" \/>\n<meta name=\"googlebot\" content=\"index, follow, max-snippet:-1, max-image-preview:large, max-video-preview:-1\" \/>\n<meta name=\"bingbot\" content=\"index, follow, max-snippet:-1, max-image-preview:large, max-video-preview:-1\" \/>\n<link rel=\"canonical\" href=\"https:\/\/beachbumcozumel.mx\/es\/bike-tours-cozumel\/cozumel-highlights-city-tour\/\" \/>\n<meta property=\"og:locale\" content=\"es_MX\" \/>\n<meta property=\"og:type\" content=\"article\" \/>\n<meta property=\"og:title\" content=\"Cozumel Highlights City Tour | Beach Bum Cozumel\" \/>\n<meta property=\"og:description\" content=\"Hop on an electric bike and Explore Cozumel city tour! Visit the most iconic landmarks and monuments of the island and enjoy a fun guided tour.\" \/>\n<meta property=\"og:url\" content=\"https:\/\/beachbumcozumel.mx\/es\/bike-tours-cozumel\/cozumel-highlights-city-tour\/\" \/>\n<meta property=\"og:site_name\" content=\"Beach Bum Cozumel\" \/>\n<meta property=\"article:publisher\" content=\"https:\/\/www.facebook.com\/bbcozumelofficial\" \/>\n<meta property=\"article:modified_time\" content=\"2020-09-23T16:46:14+00:00\" \/>\n<meta property=\"og:image\" content=\"https:\/\/beachbumcozumel.mx\/wp-content\/uploads\/2019\/09\/IMG_4605-1.jpg\" \/>\n\t<meta property=\"og:image:width\" content=\"1991\" \/>\n\t<meta property=\"og:image:height\" content=\"1443\" \/>\n<meta name=\"twitter:card\" content=\"summary_large_image\" \/>\n<script type=\"application\/ld+json\" class=\"yoast-schema-graph\">{\"@context\":\"https:\/\/schema.org\",\"@graph\":[{\"@type\":[\"Organization\",\"Place\"],\"@id\":\"https:\/\/beachbumcozumel.mx\/es\/#organization\",\"name\":\"Beach Bum Cozumel\",\"url\":\"https:\/\/beachbumcozumel.mx\/es\/\",\"sameAs\":[\"https:\/\/www.facebook.com\/bbcozumelofficial\",\"https:\/\/www.instagram.com\/beachbumbikescozumel\/\",\"https:\/\/www.youtube.com\/channel\/UCrIoFe5BInnVhMxbcGbjpXQ\"],\"logo\":{\"@type\":\"ImageObject\",\"@id\":\"https:\/\/beachbumcozumel.mx\/es\/#logo\",\"inLanguage\":\"es\",\"url\":\"https:\/\/beachbumcozumel.mx\/wp-content\/uploads\/2019\/08\/Logo-Beach-Bum-cozumel-3-700.png\",\"width\":700,\"height\":189,\"caption\":\"Beach Bum Cozumel\"},\"image\":{\"@id\":\"https:\/\/beachbumcozumel.mx\/es\/#logo\"},\"location\":{\"@id\":\"https:\/\/beachbumcozumel.mx\/bike-tours-cozumel\/cozumel-highlights-city-tour\/#local-place\"},\"address\":{\"@id\":\"https:\/\/beachbumcozumel.mx\/bike-tours-cozumel\/cozumel-highlights-city-tour\/#local-place-address\"}},{\"@type\":\"WebSite\",\"@id\":\"https:\/\/beachbumcozumel.mx\/es\/#website\",\"url\":\"https:\/\/beachbumcozumel.mx\/es\/\",\"name\":\"Beach Bum Cozumel\",\"description\":\"Best things to do in Cozumel\",\"publisher\":{\"@id\":\"https:\/\/beachbumcozumel.mx\/es\/#organization\"},\"potentialAction\":[{\"@type\":\"SearchAction\",\"target\":\"https:\/\/beachbumcozumel.mx\/es\/?s={search_term_string}\",\"query-input\":\"required name=search_term_string\"}],\"inLanguage\":\"es\"},{\"@type\":\"ImageObject\",\"@id\":\"https:\/\/beachbumcozumel.mx\/bike-tours-cozumel\/cozumel-highlights-city-tour\/#primaryimage\",\"inLanguage\":\"es\",\"url\":\"https:\/\/beachbumcozumel.mx\/wp-content\/uploads\/2019\/09\/IMG_4605-1.jpg\",\"width\":1991,\"height\":1443},{\"@type\":\"WebPage\",\"@id\":\"https:\/\/beachbumcozumel.mx\/bike-tours-cozumel\/cozumel-highlights-city-tour\/#webpage\",\"url\":\"https:\/\/beachbumcozumel.mx\/bike-tours-cozumel\/cozumel-highlights-city-tour\/\",\"name\":\"Cozumel Highlights City Tour | Beach Bum Cozumel\",\"isPartOf\":{\"@id\":\"https:\/\/beachbumcozumel.mx\/es\/#website\"},\"primaryImageOfPage\":{\"@id\":\"https:\/\/beachbumcozumel.mx\/bike-tours-cozumel\/cozumel-highlights-city-tour\/#primaryimage\"},\"datePublished\":\"2019-08-03T19:56:03+00:00\",\"dateModified\":\"2020-09-23T16:46:14+00:00\",\"description\":\"Hop on an electric bike and Explore Cozumel city tour! Visit the most iconic landmarks and monuments of the island and enjoy a fun guided tour.\",\"inLanguage\":\"es\",\"potentialAction\":[{\"@type\":\"ReadAction\",\"target\":[\"https:\/\/beachbumcozumel.mx\/bike-tours-cozumel\/cozumel-highlights-city-tour\/\"]}]},{\"@type\":\"Place\",\"@id\":\"https:\/\/beachbumcozumel.mx\/bike-tours-cozumel\/cozumel-highlights-city-tour\/#local-place\",\"address\":{\"@type\":\"PostalAddress\",\"@id\":\"https:\/\/beachbumcozumel.mx\/bike-tours-cozumel\/cozumel-highlights-city-tour\/#local-place-address\",\"streetAddress\":\"\",\"addressLocality\":\"\",\"postalCode\":\"\",\"addressRegion\":\"\",\"addressCountry\":\"\"},\"geo\":{\"@type\":\"GeoCoordinates\",\"latitude\":\"\",\"longitude\":\"\"},\"openingHoursSpecification\":[{\"@type\":\"OpeningHoursSpecification\",\"dayOfWeek\":[\"Monday\",\"Tuesday\",\"Wednesday\",\"Thursday\",\"Friday\",\"Saturday\",\"Sunday\"],\"opens\":\"09:00\",\"closes\":\"17:00\"}]}]}<\/script>\n<!-- \/ Yoast SEO Premium plugin. -->","_links":{"self":[{"href":"https:\/\/beachbumcozumel.mx\/es\/wp-json\/wp\/v2\/pages\/1648","targetHints":{"allow":["GET"]}}],"collection":[{"href":"https:\/\/beachbumcozumel.mx\/es\/wp-json\/wp\/v2\/pages"}],"about":[{"href":"https:\/\/beachbumcozumel.mx\/es\/wp-json\/wp\/v2\/types\/page"}],"author":[{"embeddable":true,"href":"https:\/\/beachbumcozumel.mx\/es\/wp-json\/wp\/v2\/users\/2"}],"replies":[{"embeddable":true,"href":"https:\/\/beachbumcozumel.mx\/es\/wp-json\/wp\/v2\/comments?post=1648"}],"version-history":[{"count":121,"href":"https:\/\/beachbumcozumel.mx\/es\/wp-json\/wp\/v2\/pages\/1648\/revisions"}],"predecessor-version":[{"id":3446,"href":"https:\/\/beachbumcozumel.mx\/es\/wp-json\/wp\/v2\/pages\/1648\/revisions\/3446"}],"up":[{"embeddable":true,"href":"https:\/\/beachbumcozumel.mx\/es\/wp-json\/wp\/v2\/pages\/1627"}],"wp:featuredmedia":[{"embeddable":true,"href":"https:\/\/beachbumcozumel.mx\/es\/wp-json\/wp\/v2\/media\/2694"}],"wp:attachment":[{"href":"https:\/\/beachbumcozumel.mx\/es\/wp-json\/wp\/v2\/media?parent=1648"}],"wp:term":[{"taxonomy":"yst_prominent_words","embeddable":true,"href":"https:\/\/beachbumcozumel.mx\/es\/wp-json\/wp\/v2\/yst_prominent_words?post=1648"}],"curies":[{"name":"wp","href":"https:\/\/api.w.org\/{rel}","templated":true}]}}