{"id":19,"date":"2016-05-18T09:20:03","date_gmt":"2016-05-18T09:20:03","guid":{"rendered":"https:\/\/xml-io.proteusthemes.com\/shaka\/?page_id=19"},"modified":"2019-11-06T20:56:41","modified_gmt":"2019-11-06T20:56:41","slug":"services","status":"publish","type":"page","link":"https:\/\/beachbumcozumel.mx\/es\/services\/","title":{"rendered":"Servicios"},"content":{"rendered":"<div id=\"pl-19\"  class=\"panel-layout\" ><div id=\"pg-19-0\"  class=\"panel-grid panel-no-style\" ><div id=\"pgc-19-0-0\"  class=\"panel-grid-cell\" ><div id=\"panel-19-0-0-0\" class=\"so-panel widget widget_pw_featured_page widget-featured-page panel-first-child panel-last-child\" data-index=\"0\" >\n\t<div class=\"page-box  page-box--block\">\n\t\t\t\t\t\t<a class=\"page-box__picture\" href=\"https:\/\/beachbumcozumel.mx\/es\/bike-tours-cozumel\/\">\n\t\t\t\t\t<img decoding=\"async\" src=\"https:\/\/beachbumcozumel.mx\/wp-content\/uploads\/2019\/09\/DSC_0077-352x198.jpg\" width=\"352\" height=\"198\" srcset=\"https:\/\/beachbumcozumel.mx\/wp-content\/uploads\/2019\/09\/DSC_0077-352x198.jpg 352w, https:\/\/beachbumcozumel.mx\/wp-content\/uploads\/2019\/09\/DSC_0077.jpg 2048w\" sizes=\"(min-width: 1200px) 349px, (min-width: 992px) 282px, (min-width: 768px) 690px, calc(100vw - 30px)\" class=\"wp-post-image\" alt=\"TOURS EN BICI\">\n\t\t\t\t\t\t\t\t\t<\/a>\n\t\t\t\t\t\t\t\t<div class=\"page-box__content\">\n\t\t\t<h4 class=\"page-box__title\"><a href=\"https:\/\/beachbumcozumel.mx\/es\/bike-tours-cozumel\/\">TOURS EN BICI<\/a><\/h4>\n\t\t\t<p class=\"page-box__text\">Disfrute de nuestros recorridos guiados en bicicleta el\u00e9ctrica en Cozumel y explore la isla en las bicicletas el\u00e9ctricas m\u00e1s avanzadas y f\u00e1ciles de usar del mercado ...<\/p>\n\t\t\t\t\t\t\t<a href=\"https:\/\/beachbumcozumel.mx\/es\/bike-tours-cozumel\/\" class=\"page-box__more-link btn btn-primary btn-block btn-sm\">Reservar<\/a>\n\t\t\t\t\t<\/div>\n\t<\/div>\n\n<\/div><\/div><div id=\"pgc-19-0-1\"  class=\"panel-grid-cell\" ><div id=\"panel-19-0-1-0\" class=\"so-panel widget widget_pw_featured_page widget-featured-page panel-first-child panel-last-child\" data-index=\"1\" >\n\t<div class=\"page-box  page-box--block\">\n\t\t\t\t\t\t<a class=\"page-box__picture\" href=\"https:\/\/beachbumcozumel.mx\/es\/services\/scuba-diving\/\">\n\t\t\t\t\t<img decoding=\"async\" src=\"https:\/\/beachbumcozumel.mx\/wp-content\/uploads\/2019\/09\/AdobeStock_28060089-352x198.jpeg\" width=\"352\" height=\"198\" srcset=\"https:\/\/beachbumcozumel.mx\/wp-content\/uploads\/2019\/09\/AdobeStock_28060089-352x198.jpeg 352w, https:\/\/beachbumcozumel.mx\/wp-content\/uploads\/2019\/09\/AdobeStock_28060089.jpeg 2979w\" sizes=\"(min-width: 1200px) 349px, (min-width: 992px) 282px, (min-width: 768px) 690px, calc(100vw - 30px)\" class=\"wp-post-image\" alt=\"Buceo\">\n\t\t\t\t\t\t\t\t\t<\/a>\n\t\t\t\t\t\t\t\t<div class=\"page-box__content\">\n\t\t\t<h4 class=\"page-box__title\"><a href=\"https:\/\/beachbumcozumel.mx\/es\/services\/scuba-diving\/\">Buceo<\/a><\/h4>\n\t\t\t<p class=\"page-box__text\">Durante su inmersi\u00f3n, estar\u00e1 inmerso en la hermosa vida salvaje de Cozumel. Nadar\u00e1s con tortugas amigables, cangrejos vivos, pulpos astutos, hermosas ...<\/p>\n\t\t\t\t\t\t\t<a href=\"https:\/\/beachbumcozumel.mx\/es\/services\/scuba-diving\/\" class=\"page-box__more-link btn btn-primary btn-block btn-sm\">Reservar<\/a>\n\t\t\t\t\t<\/div>\n\t<\/div>\n\n<\/div><\/div><div id=\"pgc-19-0-2\"  class=\"panel-grid-cell\" ><div id=\"panel-19-0-2-0\" class=\"so-panel widget widget_pw_featured_page widget-featured-page panel-first-child panel-last-child\" data-index=\"2\" >\n\t<div class=\"page-box  page-box--block\">\n\t\t\t\t\t\t<a class=\"page-box__picture\" href=\"https:\/\/beachbumcozumel.mx\/es\/services\/deep-sea-fishing-in-cozumel\/\">\n\t\t\t\t\t<img decoding=\"async\" src=\"https:\/\/beachbumcozumel.mx\/wp-content\/uploads\/2019\/09\/IMG_5295-1-e1592367277798-352x198.jpg\" width=\"352\" height=\"198\" srcset=\"https:\/\/beachbumcozumel.mx\/wp-content\/uploads\/2019\/09\/IMG_5295-1-e1592367277798-352x198.jpg 352w, https:\/\/beachbumcozumel.mx\/wp-content\/uploads\/2019\/09\/IMG_5295-1-e1592367277798.jpg 1417w\" sizes=\"(min-width: 1200px) 349px, (min-width: 992px) 282px, (min-width: 768px) 690px, calc(100vw - 30px)\" class=\"wp-post-image\" alt=\"Pesca de mar profundo\">\n\t\t\t\t\t\t\t\t\t<\/a>\n\t\t\t\t\t\t\t\t<div class=\"page-box__content\">\n\t\t\t<h4 class=\"page-box__title\"><a href=\"https:\/\/beachbumcozumel.mx\/es\/services\/deep-sea-fishing-in-cozumel\/\">Pesca de mar profundo<\/a><\/h4>\n\t\t\t<p class=\"page-box__text\">Rel\u00e1jese y disfrute de una divertida pesca en alta mar en la costa de Cozumel. Durante todo el a\u00f1o, Cozumel es el para\u00edso de los pescadores. Siempre es una aventura ...<\/p>\n\t\t\t\t\t\t\t<a href=\"https:\/\/beachbumcozumel.mx\/es\/services\/deep-sea-fishing-in-cozumel\/\" class=\"page-box__more-link btn btn-primary btn-block btn-sm\">Reservar<\/a>\n\t\t\t\t\t<\/div>\n\t<\/div>\n\n<\/div><\/div><\/div><div id=\"pg-19-1\"  class=\"panel-grid panel-no-style\" ><div id=\"pgc-19-1-0\"  class=\"panel-grid-cell\" ><div id=\"panel-19-1-0-0\" class=\"so-panel widget widget_pw_featured_page widget-featured-page panel-first-child panel-last-child\" data-index=\"3\" >\n\t<div class=\"page-box  page-box--block\">\n\t\t\t\t\t\t<a class=\"page-box__picture\" href=\"https:\/\/beachbumcozumel.mx\/es\/services\/snorkeling-trips\/\">\n\t\t\t\t\t<img decoding=\"async\" src=\"https:\/\/beachbumcozumel.mx\/wp-content\/uploads\/2019\/09\/Snorkeling-with-Big-Daddy-Diving-1-352x198.jpg\" width=\"352\" height=\"198\" srcset=\"https:\/\/beachbumcozumel.mx\/wp-content\/uploads\/2019\/09\/Snorkeling-with-Big-Daddy-Diving-1-352x198.jpg 352w, https:\/\/beachbumcozumel.mx\/wp-content\/uploads\/2019\/09\/Snorkeling-with-Big-Daddy-Diving-1.jpg 2500w\" sizes=\"(min-width: 1200px) 349px, (min-width: 992px) 282px, (min-width: 768px) 690px, calc(100vw - 30px)\" class=\"wp-post-image\" alt=\"Viaje privado de snorkel\">\n\t\t\t\t\t\t\t\t\t<\/a>\n\t\t\t\t\t\t\t\t<div class=\"page-box__content\">\n\t\t\t<h4 class=\"page-box__title\"><a href=\"https:\/\/beachbumcozumel.mx\/es\/services\/snorkeling-trips\/\">Viaje privado de snorkel<\/a><\/h4>\n\t\t\t<p class=\"page-box__text\">Nuestros viajes de snorkel son para personas que desean ver y explorar los arrecifes de Cozumel sin bucear. Si el grupo a bordo es de todos los buceadores ...<\/p>\n\t\t\t\t\t\t\t<a href=\"https:\/\/beachbumcozumel.mx\/es\/services\/snorkeling-trips\/\" class=\"page-box__more-link btn btn-primary btn-block btn-sm\">Reservar<\/a>\n\t\t\t\t\t<\/div>\n\t<\/div>\n\n<\/div><\/div><div id=\"pgc-19-1-1\"  class=\"panel-grid-cell\" ><div id=\"panel-19-1-1-0\" class=\"so-panel widget widget_pw_featured_page widget-featured-page panel-first-child panel-last-child\" data-index=\"4\" >\n\t<div class=\"page-box  page-box--block\">\n\t\t\t\t\t\t<a class=\"page-box__picture\" href=\"https:\/\/beachbumcozumel.mx\/es\/boat-charters-in-cozumel\/\">\n\t\t\t\t\t<img decoding=\"async\" src=\"https:\/\/beachbumcozumel.mx\/wp-content\/uploads\/2019\/09\/DSC_2696-1-352x198.jpg\" width=\"352\" height=\"198\" srcset=\"https:\/\/beachbumcozumel.mx\/wp-content\/uploads\/2019\/09\/DSC_2696-1-352x198.jpg 352w, https:\/\/beachbumcozumel.mx\/wp-content\/uploads\/2019\/09\/DSC_2696-1.jpg 1920w\" sizes=\"(min-width: 1200px) 349px, (min-width: 992px) 282px, (min-width: 768px) 690px, calc(100vw - 30px)\" class=\"wp-post-image\" alt=\"Renta de barcos en Cozumel\">\n\t\t\t\t\t\t\t\t\t<\/a>\n\t\t\t\t\t\t\t\t<div class=\"page-box__content\">\n\t\t\t<h4 class=\"page-box__title\"><a href=\"https:\/\/beachbumcozumel.mx\/es\/boat-charters-in-cozumel\/\">Renta de barcos en Cozumel<\/a><\/h4>\n\t\t\t<p class=\"page-box__text\">Rel\u00e1jese y disfrute de una divertida pesca en alta mar en la costa de Cozumel. Durante todo el a\u00f1o, Cozumel es el para\u00edso de los pescadores. Siempre es una aventura ...<\/p>\n\t\t\t\t\t\t\t<a href=\"https:\/\/beachbumcozumel.mx\/es\/boat-charters-in-cozumel\/\" class=\"page-box__more-link btn btn-primary btn-block btn-sm\">Reservar<\/a>\n\t\t\t\t\t<\/div>\n\t<\/div>\n\n<\/div><\/div><div id=\"pgc-19-1-2\"  class=\"panel-grid-cell\" ><div id=\"panel-19-1-2-0\" class=\"so-panel widget widget_pw_featured_page widget-featured-page panel-first-child panel-last-child\" data-index=\"5\" >\n\t<div class=\"page-box  page-box--block\">\n\t\t\t\t\t\t<a class=\"page-box__picture\" href=\"https:\/\/beachbumcozumel.mx\/es\/services\/boat-charters\/trips-to-el-cielo\/\">\n\t\t\t\t\t<img decoding=\"async\" src=\"https:\/\/beachbumcozumel.mx\/wp-content\/uploads\/2019\/09\/G0672404-352x198.jpg\" width=\"352\" height=\"198\" srcset=\"https:\/\/beachbumcozumel.mx\/wp-content\/uploads\/2019\/09\/G0672404-352x198.jpg 352w, https:\/\/beachbumcozumel.mx\/wp-content\/uploads\/2019\/09\/G0672404.jpg 1920w\" sizes=\"(min-width: 1200px) 349px, (min-width: 992px) 282px, (min-width: 768px) 690px, calc(100vw - 30px)\" class=\"wp-post-image\" alt=\"Viajes a &quot;El Cielo&quot;\">\n\t\t\t\t\t\t\t\t\t<\/a>\n\t\t\t\t\t\t\t\t<div class=\"page-box__content\">\n\t\t\t<h4 class=\"page-box__title\"><a href=\"https:\/\/beachbumcozumel.mx\/es\/services\/boat-charters\/trips-to-el-cielo\/\">Viajes a &quot;El Cielo&quot;<\/a><\/h4>\n\t\t\t<p class=\"page-box__text\">RESUMEN Prep\u00e1rate para disfrutar del secreto mejor guardado de Cozumel y disfruta de la piscina natural m\u00e1s pr\u00edstina y transparente de &quot;El Cielo&quot;, que significa ...<\/p>\n\t\t\t\t\t\t\t<a href=\"https:\/\/beachbumcozumel.mx\/es\/services\/boat-charters\/trips-to-el-cielo\/\" class=\"page-box__more-link btn btn-primary btn-block btn-sm\">Reservar<\/a>\n\t\t\t\t\t<\/div>\n\t<\/div>\n\n<\/div><\/div><\/div><\/div>","protected":false},"excerpt":{"rendered":"<p>Bike Tours Enjoy our guided Electric Bike Tours in Cozumel and explore the island on the most advanced and user-friendly electric bikes on the market &#8211; &hellip; Book Now Scuba Diving During your dive, you will be immersed in Cozumel\u2019s beautiful wildlife. You will swim with friendly turtles, vivid crabs, sly octopuses, beautiful &hellip; Book &hellip;<\/p>","protected":false},"author":2,"featured_media":0,"parent":0,"menu_order":0,"comment_status":"closed","ping_status":"closed","template":"","meta":{"_acf_changed":false,"footnotes":""},"yst_prominent_words":[357,150,132,70,94,354,162,155,347,157,356,349,353,350,358,351,348,352,69,355],"class_list":["post-19","page","type-page","status-publish","hentry","clearfix"],"acf":[],"yoast_head":"<!-- This site is optimized with the Yoast SEO Premium plugin v14.5 - https:\/\/yoast.com\/wordpress\/plugins\/seo\/ -->\n<title>Services | Beach Bum Cozumel<\/title>\n<meta name=\"description\" content=\"Traveling to Cozumel? here&#039;s the best things to do in Cozumel; E-Bike tours, snorkeling, fishing, scuba diving and private boat charters.\" \/>\n<meta name=\"robots\" content=\"index, follow\" \/>\n<meta name=\"googlebot\" content=\"index, follow, max-snippet:-1, max-image-preview:large, max-video-preview:-1\" \/>\n<meta name=\"bingbot\" content=\"index, follow, max-snippet:-1, max-image-preview:large, max-video-preview:-1\" \/>\n<link rel=\"canonical\" href=\"https:\/\/beachbumcozumel.mx\/es\/services\/\" \/>\n<meta property=\"og:locale\" content=\"es_MX\" \/>\n<meta property=\"og:type\" content=\"article\" \/>\n<meta property=\"og:title\" content=\"Services | Beach Bum Cozumel\" \/>\n<meta property=\"og:description\" content=\"Traveling to Cozumel? here&#039;s the best things to do in Cozumel; E-Bike tours, snorkeling, fishing, scuba diving and private boat charters.\" \/>\n<meta property=\"og:url\" content=\"https:\/\/beachbumcozumel.mx\/es\/services\/\" \/>\n<meta property=\"og:site_name\" content=\"Beach Bum Cozumel\" \/>\n<meta property=\"article:publisher\" content=\"https:\/\/www.facebook.com\/bbcozumelofficial\" \/>\n<meta property=\"article:modified_time\" content=\"2019-11-06T20:56:41+00:00\" \/>\n<meta name=\"twitter:card\" content=\"summary_large_image\" \/>\n<script type=\"application\/ld+json\" class=\"yoast-schema-graph\">{\"@context\":\"https:\/\/schema.org\",\"@graph\":[{\"@type\":[\"Organization\",\"Place\"],\"@id\":\"https:\/\/beachbumcozumel.mx\/es\/#organization\",\"name\":\"Beach Bum Cozumel\",\"url\":\"https:\/\/beachbumcozumel.mx\/es\/\",\"sameAs\":[\"https:\/\/www.facebook.com\/bbcozumelofficial\",\"https:\/\/www.instagram.com\/beachbumbikescozumel\/\",\"https:\/\/www.youtube.com\/channel\/UCrIoFe5BInnVhMxbcGbjpXQ\"],\"logo\":{\"@type\":\"ImageObject\",\"@id\":\"https:\/\/beachbumcozumel.mx\/es\/#logo\",\"inLanguage\":\"es\",\"url\":\"https:\/\/beachbumcozumel.mx\/wp-content\/uploads\/2019\/08\/Logo-Beach-Bum-cozumel-3-700.png\",\"width\":700,\"height\":189,\"caption\":\"Beach Bum Cozumel\"},\"image\":{\"@id\":\"https:\/\/beachbumcozumel.mx\/es\/#logo\"},\"location\":{\"@id\":\"https:\/\/beachbumcozumel.mx\/services\/#local-place\"},\"address\":{\"@id\":\"https:\/\/beachbumcozumel.mx\/services\/#local-place-address\"}},{\"@type\":\"WebSite\",\"@id\":\"https:\/\/beachbumcozumel.mx\/es\/#website\",\"url\":\"https:\/\/beachbumcozumel.mx\/es\/\",\"name\":\"Beach Bum Cozumel\",\"description\":\"Best things to do in Cozumel\",\"publisher\":{\"@id\":\"https:\/\/beachbumcozumel.mx\/es\/#organization\"},\"potentialAction\":[{\"@type\":\"SearchAction\",\"target\":\"https:\/\/beachbumcozumel.mx\/es\/?s={search_term_string}\",\"query-input\":\"required name=search_term_string\"}],\"inLanguage\":\"es\"},{\"@type\":\"WebPage\",\"@id\":\"https:\/\/beachbumcozumel.mx\/services\/#webpage\",\"url\":\"https:\/\/beachbumcozumel.mx\/services\/\",\"name\":\"Services | Beach Bum Cozumel\",\"isPartOf\":{\"@id\":\"https:\/\/beachbumcozumel.mx\/es\/#website\"},\"datePublished\":\"2016-05-18T09:20:03+00:00\",\"dateModified\":\"2019-11-06T20:56:41+00:00\",\"description\":\"Traveling to Cozumel? here's the best things to do in Cozumel; E-Bike tours, snorkeling, fishing, scuba diving and private boat charters.\",\"inLanguage\":\"es\",\"potentialAction\":[{\"@type\":\"ReadAction\",\"target\":[\"https:\/\/beachbumcozumel.mx\/services\/\"]}]},{\"@type\":\"Place\",\"@id\":\"https:\/\/beachbumcozumel.mx\/services\/#local-place\",\"address\":{\"@type\":\"PostalAddress\",\"@id\":\"https:\/\/beachbumcozumel.mx\/services\/#local-place-address\",\"streetAddress\":\"\",\"addressLocality\":\"\",\"postalCode\":\"\",\"addressRegion\":\"\",\"addressCountry\":\"\"},\"geo\":{\"@type\":\"GeoCoordinates\",\"latitude\":\"\",\"longitude\":\"\"},\"openingHoursSpecification\":[{\"@type\":\"OpeningHoursSpecification\",\"dayOfWeek\":[\"Monday\",\"Tuesday\",\"Wednesday\",\"Thursday\",\"Friday\",\"Saturday\",\"Sunday\"],\"opens\":\"09:00\",\"closes\":\"17:00\"}]}]}<\/script>\n<!-- \/ Yoast SEO Premium plugin. -->","_links":{"self":[{"href":"https:\/\/beachbumcozumel.mx\/es\/wp-json\/wp\/v2\/pages\/19","targetHints":{"allow":["GET"]}}],"collection":[{"href":"https:\/\/beachbumcozumel.mx\/es\/wp-json\/wp\/v2\/pages"}],"about":[{"href":"https:\/\/beachbumcozumel.mx\/es\/wp-json\/wp\/v2\/types\/page"}],"author":[{"embeddable":true,"href":"https:\/\/beachbumcozumel.mx\/es\/wp-json\/wp\/v2\/users\/2"}],"replies":[{"embeddable":true,"href":"https:\/\/beachbumcozumel.mx\/es\/wp-json\/wp\/v2\/comments?post=19"}],"version-history":[{"count":31,"href":"https:\/\/beachbumcozumel.mx\/es\/wp-json\/wp\/v2\/pages\/19\/revisions"}],"predecessor-version":[{"id":2994,"href":"https:\/\/beachbumcozumel.mx\/es\/wp-json\/wp\/v2\/pages\/19\/revisions\/2994"}],"wp:attachment":[{"href":"https:\/\/beachbumcozumel.mx\/es\/wp-json\/wp\/v2\/media?parent=19"}],"wp:term":[{"taxonomy":"yst_prominent_words","embeddable":true,"href":"https:\/\/beachbumcozumel.mx\/es\/wp-json\/wp\/v2\/yst_prominent_words?post=19"}],"curies":[{"name":"wp","href":"https:\/\/api.w.org\/{rel}","templated":true}]}}