{"id":1944,"date":"2019-08-07T02:04:30","date_gmt":"2019-08-07T02:04:30","guid":{"rendered":"http:\/\/beachbumcozumel.com\/?page_id=1944"},"modified":"2020-06-17T04:12:29","modified_gmt":"2020-06-17T04:12:29","slug":"boat-charters","status":"publish","type":"page","link":"https:\/\/beachbumcozumel.mx\/es\/services\/boat-charters\/","title":{"rendered":"CH\u00c1RTER PRIVADO DE BARCOS"},"content":{"rendered":"<div id=\"pl-1944\"  class=\"panel-layout\" ><div id=\"pg-1944-0\"  class=\"panel-grid panel-no-style\" ><div id=\"pgc-1944-0-0\"  class=\"panel-grid-cell\" ><div id=\"panel-1944-0-0-0\" class=\"so-panel widget widget_sow-editor panel-first-child\" data-index=\"0\" ><div\n\t\t\t\n\t\t\tclass=\"so-widget-sow-editor so-widget-sow-editor-base\"\n\t\t\t\n\t\t><h3 class=\"widget-title\"><span class=\"widget-title__inline\">Descripci\u00f3n<\/span><\/h3>\n<div class=\"siteorigin-widget-tinymce textwidget\">\n\t<p>\u00a1Reserve su MEJOR d\u00eda de vacaciones con Beach Bum Cozumel y renta nuestros barcos para su reuni\u00f3n privada en el mar! Nuestros barcos Bertram de 35 'son muy c\u00f3modos, totalmente equipados, barcos de buceo, snorkel y pesca en alta mar. USTED decide si bucear (hasta dos tanques), pescar, bucear o simplemente \"pasar el rato en el cielo\" (Cielo) para flotar en aguas cristalinas, relajarse, comer y beber y disfrutar de la belleza que lo rodea. Ya sea que est\u00e9 buceando con nuestro equipo Scuba Pro de primera l\u00ednea o pescando con nuestros carretes y equipos Penn International, su grupo quedar\u00e1 impresionado con nuestro nivel de calidad y servicio al cliente. Haga clic en \"Reservar ahora\" y reserve directamente en l\u00ednea con nuestro motor de reservas en l\u00ednea sin complicaciones. \u00a1Agregue cualquier extra durante su proceso de pago y adapte su aventura como lo desee!<\/p>\n<\/div>\n<\/div><\/div><div id=\"panel-1944-0-0-1\" class=\"so-panel widget widget_pw_pricing_list widget-pricing-list panel-last-child\" data-index=\"1\" >\n\t<div class=\"pricing-list\">\n\t\t\t\t\t<div class=\"pricing-list__widget-title\">\n\t\t\t\t<h3 class=\"widget-title\"><span class=\"widget-title__inline\">PRECIOS GRUPALES<\/span><\/h3>\t\t\t<\/div>\n\t\t\t\t\t\t\t<div class=\"pricing-list__item\">\n\t\t\t\t\t\t\t\t\t<span class=\"pricing-list__badge\">Mejor precio garantizado<\/span>\n\t\t\t\t\t\t\t\t<span class=\"pricing-list__title\">1-6 personas<\/span>\n\t\t\t\t<span class=\"pricing-list__line\"><\/span>\n\t\t\t\t<span class=\"pricing-list__price\">$380<\/span>\n\t\t\t\t\t\t\t\t\t<p class=\"pricing-list__description\">\n\t\t\t\t\t\tIncluye: bote con flybridge Bertram de 35 \u2032, capit\u00e1n profesional y primer compa\u00f1ero. Ducha y ba\u00f1o a bordo. Guacamole, Pico de Gallo y Tortilla Chips. Refrescos y agua embotellada. \t\t\t\t\t<\/p>\n\t\t\t\t\t\t\t<\/div>\n\t\t\t\t\t<div class=\"pricing-list__item\">\n\t\t\t\t\t\t\t\t<span class=\"pricing-list__title\">Persona adicional<\/span>\n\t\t\t\t<span class=\"pricing-list__line\"><\/span>\n\t\t\t\t<span class=\"pricing-list__price\">$30<\/span>\n\t\t\t\t\t\t\t\t\t<p class=\"pricing-list__description\">\n\t\t\t\t\t\tPrecio por persona. Hasta 16 pasajeros.\t\t\t\t\t<\/p>\n\t\t\t\t\t\t\t<\/div>\n\t\t\t\t\t<div class=\"pricing-list__item\">\n\t\t\t\t\t\t\t\t<span class=\"pricing-list__title\">Extensi\u00f3n de d\u00eda completo<\/span>\n\t\t\t\t<span class=\"pricing-list__line\"><\/span>\n\t\t\t\t<span class=\"pricing-list__price\">$280<\/span>\n\t\t\t\t\t\t\t\t\t<p class=\"pricing-list__description\">\n\t\t\t\t\t\t\u00a1Extienda su embarcaci\u00f3n hasta 4 horas m\u00e1s!\t\t\t\t\t<\/p>\n\t\t\t\t\t\t\t<\/div>\n\t\t\t<\/div>\n\n<\/div><\/div><div id=\"pgc-1944-0-1\"  class=\"panel-grid-cell\" ><div id=\"panel-1944-0-1-0\" class=\"so-panel widget widget_pw_pricing_list widget-pricing-list panel-first-child\" data-index=\"2\" >\n\t<div class=\"pricing-list\">\n\t\t\t\t\t<div class=\"pricing-list__widget-title\">\n\t\t\t\t<h3 class=\"widget-title\"><span class=\"widget-title__inline\">ADICIONES DE ACTIVIDAD<\/span><\/h3>\t\t\t<\/div>\n\t\t\t\t\t\t\t<div class=\"pricing-list__item\">\n\t\t\t\t\t\t\t\t\t<span class=\"pricing-list__badge\">Los m\u00e1s valorados<\/span>\n\t\t\t\t\t\t\t\t<span class=\"pricing-list__title\">Actividad de buceo: buceo de 2 tanques<\/span>\n\t\t\t\t<span class=\"pricing-list__line\"><\/span>\n\t\t\t\t<span class=\"pricing-list__price\">$50 por persona<\/span>\n\t\t\t\t\t\t\t\t\t<p class=\"pricing-list__description\">\n\t\t\t\t\t\tIncluye equipo completo de buceo, Dive Master y 2 tanques por persona. M\u00ednimo 4 personas.  \t\t\t\t\t<\/p>\n\t\t\t\t\t\t\t<\/div>\n\t\t\t\t\t<div class=\"pricing-list__item\">\n\t\t\t\t\t\t\t\t<span class=\"pricing-list__title\">Ca\u00f1as y equipo de pesca internacional de Penn<\/span>\n\t\t\t\t<span class=\"pricing-list__line\"><\/span>\n\t\t\t\t<span class=\"pricing-list__price\">$35 por barco<\/span>\n\t\t\t\t\t\t\t\t\t<p class=\"pricing-list__description\">\n\t\t\t\t\t\tAgregue 5 ca\u00f1as de pescar Penn International, downriggers, estabilizadores, carretes, plumas, se\u00f1uelos, plomadas, cebos y anzuelos. Licencia de pesca, todos los aparejos y equipo. \t\t\t\t\t<\/p>\n\t\t\t\t\t\t\t<\/div>\n\t\t\t\t\t<div class=\"pricing-list__item\">\n\t\t\t\t\t\t\t\t<span class=\"pricing-list__title\">Equipo completo de snorkel<\/span>\n\t\t\t\t<span class=\"pricing-list__line\"><\/span>\n\t\t\t\t<span class=\"pricing-list__price\">$35 por barco<\/span>\n\t\t\t\t\t\t\t\t\t<p class=\"pricing-list__description\">\n\t\t\t\t\t\t\u00a1Agregue equipo de snorkel para todos los que est\u00e1n a bordo! Incluye gu\u00eda de snorkel, tubo de snorkel, visera, aletas y chaleco salvavidas.\t\t\t\t\t<\/p>\n\t\t\t\t\t\t\t<\/div>\n\t\t\t<\/div>\n\n<\/div><div id=\"panel-1944-0-1-1\" class=\"widget_text so-panel widget widget_custom_html\" data-index=\"3\" ><div class=\"textwidget custom-html-widget\"><a class=\"btn  btn-primary  col-xs-12\" href=\"https:\/\/book.peek.com\/s\/b0f5a87f-d1e4-4354-9263-f31778a802a2\/lwYqp\" target=\"_self\"> Reservar<\/a><\/div><\/div><div id=\"panel-1944-0-1-2\" class=\"so-panel widget widget_pw_accordion widget-accordion panel-last-child\" data-index=\"4\" >\t<div class=\"accordion panel-group\" id=\"accordion-widget-0-1-2\" role=\"tablist\" aria-multiselectable=\"true\">\n\t\t\t<div class=\"accordion__panel  panel  panel-default\">\n\t\t\t<div class=\"accordion__heading  panel-heading\" role=\"tab\" id=\"heading-widget-0-1-2-1\">\n\t\t\t\t<h4 class=\"panel-title\">\n\t\t\t\t\t<a class=\"collapsed\" role=\"button\" data-toggle=\"collapse\" data-parent=\"#accordion-widget-0-1-2\" href=\"#collapse-widget-0-1-2-1\" aria-expanded=\"false\" aria-controls=\"collapse-widget-0-1-2-1\">\n\t\t\t\t\t\tHora de salida\t\t\t\t\t<\/a>\n\t\t\t\t<\/h4>\n\t\t\t<\/div>\n\t\t\t<div id=\"collapse-widget-0-1-2-1\" class=\"accordion__content  panel-collapse  collapse\" role=\"tabpanel\" aria-labelledby=\"heading-widget-0-1-2-1\">\n\t\t\t\t<div class=\"panel-body\">\n\t\t\t\t\tNuestra Carta de la ma\u00f1ana se puede programar cada hora de 6:45 a.m. a 11:45 a.m. Nuestra carta de la tarde se puede programar a las 12 p.m., 1 p.m. y 2 p.m. \t\t\t\t<\/div>\n\t\t\t<\/div>\n\t\t<\/div>\n\t\t\t<div class=\"accordion__panel  panel  panel-default\">\n\t\t\t<div class=\"accordion__heading  panel-heading\" role=\"tab\" id=\"heading-widget-0-1-2-2\">\n\t\t\t\t<h4 class=\"panel-title\">\n\t\t\t\t\t<a class=\"collapsed\" role=\"button\" data-toggle=\"collapse\" data-parent=\"#accordion-widget-0-1-2\" href=\"#collapse-widget-0-1-2-2\" aria-expanded=\"false\" aria-controls=\"collapse-widget-0-1-2-2\">\n\t\t\t\t\t\tInstrucciones de reunion\t\t\t\t\t<\/a>\n\t\t\t\t<\/h4>\n\t\t\t<\/div>\n\t\t\t<div id=\"collapse-widget-0-1-2-2\" class=\"accordion__content  panel-collapse  collapse\" role=\"tabpanel\" aria-labelledby=\"heading-widget-0-1-2-2\">\n\t\t\t\t<div class=\"panel-body\">\n\t\t\t\t\tSu barco privado en Cozumel sale de la tienda Beach Bum Cozumel ubicada en Main Ocean Road, junto a la tienda de alquiler Eagle Rider Harley Davidson, a unas 2 cuadras al norte del Park Royal Resort. Una vez que se registre, abordaremos justo al otro lado de la calle en un puerto deportivo privado en la playa. Recibir\u00e1 instrucciones detalladas por correo electr\u00f3nico al realizar la reserva. \t\t\t\t<\/div>\n\t\t\t<\/div>\n\t\t<\/div>\n\t\t\t<div class=\"accordion__panel  panel  panel-default\">\n\t\t\t<div class=\"accordion__heading  panel-heading\" role=\"tab\" id=\"heading-widget-0-1-2-3\">\n\t\t\t\t<h4 class=\"panel-title\">\n\t\t\t\t\t<a class=\"collapsed\" role=\"button\" data-toggle=\"collapse\" data-parent=\"#accordion-widget-0-1-2\" href=\"#collapse-widget-0-1-2-3\" aria-expanded=\"false\" aria-controls=\"collapse-widget-0-1-2-3\">\n\t\t\t\t\t\tT\u00e9rminos y Condiciones\t\t\t\t\t<\/a>\n\t\t\t\t<\/h4>\n\t\t\t<\/div>\n\t\t\t<div id=\"collapse-widget-0-1-2-3\" class=\"accordion__content  panel-collapse  collapse\" role=\"tabpanel\" aria-labelledby=\"heading-widget-0-1-2-3\">\n\t\t\t\t<div class=\"panel-body\">\n\t\t\t\t\tEste recorrido es muy agradable y sencillo. Aunque nuestros barcos no viajan a velocidades excesivas, este recorrido no se recomienda para personas con problemas card\u00edacos o respiratorios. Todos los menores deben estar acompa\u00f1ados por un adulto en todo momento para participar en la actividad. Este recorrido no puede acomodar a hu\u00e9spedes con problemas de espalda, rodilla u otros problemas de movilidad. El tour puede cancelarse debido al mal tiempo. Nuestros tours generalmente operan con lluvia ligera y otras condiciones clim\u00e1ticas moderadas; sin embargo, el tour puede cancelarse en caso de condiciones clim\u00e1ticas adversas o inseguras.\t\t\t\t<\/div>\n\t\t\t<\/div>\n\t\t<\/div>\n\t\t\t<div class=\"accordion__panel  panel  panel-default\">\n\t\t\t<div class=\"accordion__heading  panel-heading\" role=\"tab\" id=\"heading-widget-0-1-2-4\">\n\t\t\t\t<h4 class=\"panel-title\">\n\t\t\t\t\t<a class=\"collapsed\" role=\"button\" data-toggle=\"collapse\" data-parent=\"#accordion-widget-0-1-2\" href=\"#collapse-widget-0-1-2-4\" aria-expanded=\"false\" aria-controls=\"collapse-widget-0-1-2-4\">\n\t\t\t\t\t\tPolitica de reembolso\t\t\t\t\t<\/a>\n\t\t\t\t<\/h4>\n\t\t\t<\/div>\n\t\t\t<div id=\"collapse-widget-0-1-2-4\" class=\"accordion__content  panel-collapse  collapse\" role=\"tabpanel\" aria-labelledby=\"heading-widget-0-1-2-4\">\n\t\t\t\t<div class=\"panel-body\">\n\t\t\t\t\tPara cancelar su actividad, se debe enviar una notificaci\u00f3n por escrito a info@beachbumcozumel.com. Para obtener un reembolso completo, cancele hasta 7 d\u00edas antes de la salida programada. Las cancelaciones recibidas entre 6 y 4 d\u00edas antes de la fecha de salida programada incurrir\u00e1n en una tarifa de cancelaci\u00f3n 20%. Las cancelaciones 3 d\u00edas antes de la salida del tour incurrir\u00e1n en una tarifa de cancelaci\u00f3n 50%. Las cancelaciones o &quot;no presentaciones&quot; en el mismo d\u00eda no son reembolsables 100%.\t\t\t\t<\/div>\n\t\t\t<\/div>\n\t\t<\/div>\n\t\t\t<\/div>\n\n<\/div><\/div><\/div><\/div>","protected":false},"excerpt":{"rendered":"<p>\u00a1Renta un barco privado en Cozumel y disfrute de un fant\u00e1stico d\u00eda en el mar! USTED decide si bucear, pescar, bucear o simplemente \"pasar el rato en el cielo\" (El Cielo) para flotar en aguas cristalinas, relajarse, comer y beber y disfrutar de la belleza que lo rodea.<\/p>","protected":false},"author":2,"featured_media":2539,"parent":19,"menu_order":0,"comment_status":"closed","ping_status":"closed","template":"template-tour.php","meta":{"_acf_changed":false,"footnotes":""},"yst_prominent_words":[387,360,107,170,70,361,182,166,160,317,389,316,314,315,313,312,181,388,128,180],"class_list":["post-1944","page","type-page","status-publish","has-post-thumbnail","hentry","clearfix"],"acf":[],"yoast_head":"<!-- This site is optimized with the Yoast SEO Premium plugin v14.5 - https:\/\/yoast.com\/wordpress\/plugins\/seo\/ -->\n<title>PRIVATE BOAT CHARTER | Beach Bum Cozumel<\/title>\n<meta name=\"description\" content=\"Get a private boat charter to go diving, snorkiling or fishing wherever and whenever you want to. Enjoy a fantastiv day at SEA!\" \/>\n<meta name=\"robots\" content=\"index, follow\" \/>\n<meta name=\"googlebot\" content=\"index, follow, max-snippet:-1, max-image-preview:large, max-video-preview:-1\" \/>\n<meta name=\"bingbot\" content=\"index, follow, max-snippet:-1, max-image-preview:large, max-video-preview:-1\" \/>\n<link rel=\"canonical\" href=\"https:\/\/beachbumcozumel.mx\/es\/services\/boat-charters\/\" \/>\n<meta property=\"og:locale\" content=\"es_MX\" \/>\n<meta property=\"og:type\" content=\"article\" \/>\n<meta property=\"og:title\" content=\"PRIVATE BOAT CHARTER | Beach Bum Cozumel\" \/>\n<meta property=\"og:description\" content=\"Get a private boat charter to go diving, snorkiling or fishing wherever and whenever you want to. Enjoy a fantastiv day at SEA!\" \/>\n<meta property=\"og:url\" content=\"https:\/\/beachbumcozumel.mx\/es\/services\/boat-charters\/\" \/>\n<meta property=\"og:site_name\" content=\"Beach Bum Cozumel\" \/>\n<meta property=\"article:publisher\" content=\"https:\/\/www.facebook.com\/bbcozumelofficial\" \/>\n<meta property=\"article:modified_time\" content=\"2020-06-17T04:12:29+00:00\" \/>\n<meta property=\"og:image\" content=\"https:\/\/beachbumcozumel.mx\/wp-content\/uploads\/2019\/09\/DSC_2696-1.jpg\" \/>\n\t<meta property=\"og:image:width\" content=\"1920\" \/>\n\t<meta property=\"og:image:height\" content=\"960\" \/>\n<meta name=\"twitter:card\" content=\"summary_large_image\" \/>\n<script type=\"application\/ld+json\" class=\"yoast-schema-graph\">{\"@context\":\"https:\/\/schema.org\",\"@graph\":[{\"@type\":[\"Organization\",\"Place\"],\"@id\":\"https:\/\/beachbumcozumel.mx\/es\/#organization\",\"name\":\"Beach Bum Cozumel\",\"url\":\"https:\/\/beachbumcozumel.mx\/es\/\",\"sameAs\":[\"https:\/\/www.facebook.com\/bbcozumelofficial\",\"https:\/\/www.instagram.com\/beachbumbikescozumel\/\",\"https:\/\/www.youtube.com\/channel\/UCrIoFe5BInnVhMxbcGbjpXQ\"],\"logo\":{\"@type\":\"ImageObject\",\"@id\":\"https:\/\/beachbumcozumel.mx\/es\/#logo\",\"inLanguage\":\"es\",\"url\":\"https:\/\/beachbumcozumel.mx\/wp-content\/uploads\/2019\/08\/Logo-Beach-Bum-cozumel-3-700.png\",\"width\":700,\"height\":189,\"caption\":\"Beach Bum Cozumel\"},\"image\":{\"@id\":\"https:\/\/beachbumcozumel.mx\/es\/#logo\"},\"location\":{\"@id\":\"https:\/\/beachbumcozumel.mx\/services\/boat-charters\/#local-place\"},\"address\":{\"@id\":\"https:\/\/beachbumcozumel.mx\/services\/boat-charters\/#local-place-address\"}},{\"@type\":\"WebSite\",\"@id\":\"https:\/\/beachbumcozumel.mx\/es\/#website\",\"url\":\"https:\/\/beachbumcozumel.mx\/es\/\",\"name\":\"Beach Bum Cozumel\",\"description\":\"Best things to do in Cozumel\",\"publisher\":{\"@id\":\"https:\/\/beachbumcozumel.mx\/es\/#organization\"},\"potentialAction\":[{\"@type\":\"SearchAction\",\"target\":\"https:\/\/beachbumcozumel.mx\/es\/?s={search_term_string}\",\"query-input\":\"required name=search_term_string\"}],\"inLanguage\":\"es\"},{\"@type\":\"ImageObject\",\"@id\":\"https:\/\/beachbumcozumel.mx\/services\/boat-charters\/#primaryimage\",\"inLanguage\":\"es\",\"url\":\"https:\/\/beachbumcozumel.mx\/wp-content\/uploads\/2019\/09\/DSC_2696-1.jpg\",\"width\":1920,\"height\":960,\"caption\":\"La Victoria boat\"},{\"@type\":\"WebPage\",\"@id\":\"https:\/\/beachbumcozumel.mx\/services\/boat-charters\/#webpage\",\"url\":\"https:\/\/beachbumcozumel.mx\/services\/boat-charters\/\",\"name\":\"PRIVATE BOAT CHARTER | Beach Bum Cozumel\",\"isPartOf\":{\"@id\":\"https:\/\/beachbumcozumel.mx\/es\/#website\"},\"primaryImageOfPage\":{\"@id\":\"https:\/\/beachbumcozumel.mx\/services\/boat-charters\/#primaryimage\"},\"datePublished\":\"2019-08-07T02:04:30+00:00\",\"dateModified\":\"2020-06-17T04:12:29+00:00\",\"description\":\"Get a private boat charter to go diving, snorkiling or fishing wherever and whenever you want to. Enjoy a fantastiv day at SEA!\",\"inLanguage\":\"es\",\"potentialAction\":[{\"@type\":\"ReadAction\",\"target\":[\"https:\/\/beachbumcozumel.mx\/services\/boat-charters\/\"]}]},{\"@type\":\"Place\",\"@id\":\"https:\/\/beachbumcozumel.mx\/services\/boat-charters\/#local-place\",\"address\":{\"@type\":\"PostalAddress\",\"@id\":\"https:\/\/beachbumcozumel.mx\/services\/boat-charters\/#local-place-address\",\"streetAddress\":\"\",\"addressLocality\":\"\",\"postalCode\":\"\",\"addressRegion\":\"\",\"addressCountry\":\"\"},\"geo\":{\"@type\":\"GeoCoordinates\",\"latitude\":\"\",\"longitude\":\"\"},\"openingHoursSpecification\":[{\"@type\":\"OpeningHoursSpecification\",\"dayOfWeek\":[\"Monday\",\"Tuesday\",\"Wednesday\",\"Thursday\",\"Friday\",\"Saturday\",\"Sunday\"],\"opens\":\"09:00\",\"closes\":\"17:00\"}]}]}<\/script>\n<!-- \/ Yoast SEO Premium plugin. -->","_links":{"self":[{"href":"https:\/\/beachbumcozumel.mx\/es\/wp-json\/wp\/v2\/pages\/1944","targetHints":{"allow":["GET"]}}],"collection":[{"href":"https:\/\/beachbumcozumel.mx\/es\/wp-json\/wp\/v2\/pages"}],"about":[{"href":"https:\/\/beachbumcozumel.mx\/es\/wp-json\/wp\/v2\/types\/page"}],"author":[{"embeddable":true,"href":"https:\/\/beachbumcozumel.mx\/es\/wp-json\/wp\/v2\/users\/2"}],"replies":[{"embeddable":true,"href":"https:\/\/beachbumcozumel.mx\/es\/wp-json\/wp\/v2\/comments?post=1944"}],"version-history":[{"count":97,"href":"https:\/\/beachbumcozumel.mx\/es\/wp-json\/wp\/v2\/pages\/1944\/revisions"}],"predecessor-version":[{"id":3328,"href":"https:\/\/beachbumcozumel.mx\/es\/wp-json\/wp\/v2\/pages\/1944\/revisions\/3328"}],"up":[{"embeddable":true,"href":"https:\/\/beachbumcozumel.mx\/es\/wp-json\/wp\/v2\/pages\/19"}],"wp:featuredmedia":[{"embeddable":true,"href":"https:\/\/beachbumcozumel.mx\/es\/wp-json\/wp\/v2\/media\/2539"}],"wp:attachment":[{"href":"https:\/\/beachbumcozumel.mx\/es\/wp-json\/wp\/v2\/media?parent=1944"}],"wp:term":[{"taxonomy":"yst_prominent_words","embeddable":true,"href":"https:\/\/beachbumcozumel.mx\/es\/wp-json\/wp\/v2\/yst_prominent_words?post=1944"}],"curies":[{"name":"wp","href":"https:\/\/api.w.org\/{rel}","templated":true}]}}