{"id":2130,"date":"2019-08-15T02:25:46","date_gmt":"2019-08-15T02:25:46","guid":{"rendered":"http:\/\/beachbumcozumel.com\/?page_id=2130"},"modified":"2019-11-06T20:52:01","modified_gmt":"2019-11-06T20:52:01","slug":"mountain-bikes","status":"publish","type":"page","link":"https:\/\/beachbumcozumel.mx\/es\/mountain-bikes\/","title":{"rendered":"Bicicletas de monta\u00f1a"},"content":{"rendered":"<div id=\"pl-2130\"  class=\"panel-layout\" ><div id=\"pg-2130-0\"  class=\"panel-grid panel-no-style\" ><div id=\"pgc-2130-0-0\"  class=\"panel-grid-cell\" ><div id=\"panel-2130-0-0-0\" class=\"so-panel widget widget_pw_featured_bike widget-featured-bike panel-first-child panel-last-child\" data-index=\"0\" >\t\t\t<div class=\"featured-rental\">\n\t\t\t\t<div class=\"row\">\n\t\t\t\t\t<div class=\"col-lg-5\">\n\t\t\t\t\t\t<a href=\"https:\/\/beachbumcozumel.mx\/es\/rental\/trek-mountain-bike\/\" class=\"featured-rental__image\">\n\t\t\t\t\t\t\t<img decoding=\"async\" class=\"img-auto alignnone\" src=\"https:\/\/beachbumcozumel.mx\/wp-content\/uploads\/2019\/08\/Trek-Mountain-Bike@2x-300x225.jpg\" alt=\"\" title=\"\">\n\t\t\t\t\t\t<\/a>\n\t\t\t\t\t<\/div>\n\t\t\t\t\t<div class=\"col-lg-7\">\n\t\t\t\t\t\t<div class=\"featured-rental__content\">\n\t\t\t\t\t\t\t\n\t\t\t\t\t\t\t<h4 class=\"featured-rental__title\">\n\t\t\t\t\t\t\t\t<a href=\"https:\/\/beachbumcozumel.mx\/es\/rental\/trek-mountain-bike\/\">\n\t\t\t\t\t\t\t\t\tTrek Mountain Bike\t\t\t\t\t\t\t\t<\/a>\n\t\t\t\t\t\t\t<\/h4>\n\n\t\t\t\t\t\t\t<p class=\"featured-rental__excerpt\">\n\t\t\t\t\t\t\t\t\n\u00a1Renta una bicicleta de monta\u00f1a Trek de 26 \"y explore los caminos sin pavimentar de Cozumel! Tome esta incre\u00edble bicicleta de monta\u00f1a para una aventura en el parque ecol\u00f3gico Punta ...\t\t\t\t\t\t\t<\/p>\n\t\t\t\t\t\t\t\n\t\t\t\t\t\t\t\t\t\t\t\t\t\t\t<table class=\"table table-full featured-rental__features\">\n\t\t\t\t\t\t\t\t\t\t\t\t\t\t\t\t\t\t\t\t\t\t\t\t\t\t\t\t\t\t\t\t\t\t\t\t\t\t\t\t<tr>\n\t\t\t\t\t\t\t\t\t\t\t\t<td>\n\t\t\t\t\t\t\t\t\t\t\t\t\tTarifa por hora\t\t\t\t\t\t\t\t\t\t\t\t<\/td>\n\t\t\t\t\t\t\t\t\t\t\t\t<td>\n\t\t\t\t\t\t\t\t\t\t\t\t\t2 h min\t\t\t\t\t\t\t\t\t\t\t\t<\/td>\n\t\t\t\t\t\t\t\t\t\t\t\t<td>\n\t\t\t\t\t\t\t\t\t\t\t\t\t$7\t\t\t\t\t\t\t\t\t\t\t\t<\/td>\n\t\t\t\t\t\t\t\t\t\t\t<\/tr>\n\t\t\t\t\t\t\t\t\t\t\n\t\t\t\t\t\t\t\t\t\t\t\t\t\t\t\t\t\t\t\t\t\t\t\t\t\t\t\t\t\t\t\t\t\t\t\t\t\t\t\t<tr>\n\t\t\t\t\t\t\t\t\t\t\t\t<td>\n\t\t\t\t\t\t\t\t\t\t\t\t\tTarifa diaria\t\t\t\t\t\t\t\t\t\t\t\t<\/td>\n\t\t\t\t\t\t\t\t\t\t\t\t<td>\n\t\t\t\t\t\t\t\t\t\t\t\t\t1 d\u00eda min\t\t\t\t\t\t\t\t\t\t\t\t<\/td>\n\t\t\t\t\t\t\t\t\t\t\t\t<td>\n\t\t\t\t\t\t\t\t\t\t\t\t\t$25\t\t\t\t\t\t\t\t\t\t\t\t<\/td>\n\t\t\t\t\t\t\t\t\t\t\t<\/tr>\n\t\t\t\t\t\t\t\t\t\t\n\t\t\t\t\t\t\t\t\t\t\t\t\t\t\t\t\t\t\t\t\t\t\t\t\t\t\t\t\t\t\t\t\t\t\t\t\t\t\t\t<tr>\n\t\t\t\t\t\t\t\t\t\t\t\t<td>\n\t\t\t\t\t\t\t\t\t\t\t\t\tEspecial en l\u00ednea\t\t\t\t\t\t\t\t\t\t\t\t<\/td>\n\t\t\t\t\t\t\t\t\t\t\t\t<td>\n\t\t\t\t\t\t\t\t\t\t\t\t\t20%\t\t\t\t\t\t\t\t\t\t\t\t<\/td>\n\t\t\t\t\t\t\t\t\t\t\t\t<td>\n\t\t\t\t\t\t\t\t\t\t\t\t\t$20\t\t\t\t\t\t\t\t\t\t\t\t<\/td>\n\t\t\t\t\t\t\t\t\t\t\t<\/tr>\n\t\t\t\t\t\t\t\t\t\t\n\t\t\t\t\t\t\t\t\t\t\t\t\t\t\t\t\t<\/table>\n\t\t\t\t\t\t\t\t\t\t\t\t\t\t<div>\n\t\t\t\t\t\t\t\t<a href=\"https:\/\/book.peek.com\/s\/b0f5a87f-d1e4-4354-9263-f31778a802a2\/wXaA2?gaClientId=1189681682.1567561018\" class=\"btn btn-primary btn-sm mr-3\">Reservar<\/a>\n\t\t\t\t\t\t\t\t<a href=\"https:\/\/beachbumcozumel.mx\/es\/rental\/trek-mountain-bike\/\" class=\"btn btn-light btn-sm\">Ver detalles<\/a> \n\t\t\t\t\t\t\t<\/div>\n\t\t\t\t\t\t<\/div>\n\t\t\t\t\t<\/div>\n\t\t\t\t<\/div>\n\t\t\t<\/div>\n\t\t\t<\/div><\/div><\/div><div id=\"pg-2130-1\"  class=\"panel-grid panel-no-style\" ><div id=\"pgc-2130-1-0\"  class=\"panel-grid-cell\" ><div id=\"panel-2130-1-0-0\" class=\"so-panel widget widget_pw_featured_bike widget-featured-bike panel-first-child panel-last-child\" data-index=\"1\" >\t\t\t<div class=\"featured-rental\">\n\t\t\t\t<div class=\"row\">\n\t\t\t\t\t<div class=\"col-lg-5\">\n\t\t\t\t\t\t<a href=\"https:\/\/beachbumcozumel.mx\/es\/rental\/trek-step-thru-mountain-bike\/\" class=\"featured-rental__image\">\n\t\t\t\t\t\t\t<img decoding=\"async\" class=\"img-auto alignnone\" src=\"https:\/\/beachbumcozumel.mx\/wp-content\/uploads\/2019\/08\/Trek-Step-Thru-Mountain-Bike@2x-300x187.jpg\" alt=\"\" title=\"\">\n\t\t\t\t\t\t<\/a>\n\t\t\t\t\t<\/div>\n\t\t\t\t\t<div class=\"col-lg-7\">\n\t\t\t\t\t\t<div class=\"featured-rental__content\">\n\t\t\t\t\t\t\t\n\t\t\t\t\t\t\t<h4 class=\"featured-rental__title\">\n\t\t\t\t\t\t\t\t<a href=\"https:\/\/beachbumcozumel.mx\/es\/rental\/trek-step-thru-mountain-bike\/\">\n\t\t\t\t\t\t\t\t\tTrek Step Thru Mountain Bike\t\t\t\t\t\t\t\t<\/a>\n\t\t\t\t\t\t\t<\/h4>\n\n\t\t\t\t\t\t\t<p class=\"featured-rental__excerpt\">\n\t\t\t\t\t\t\t\t\n\u00bfSe hospeda en Cozumel o planea su pr\u00f3ximo viaje de un d\u00eda a la isla? Renta una c\u00f3moda bicicleta de monta\u00f1a Trek y d\u00e9le una vuelta a esta bicicleta ...\t\t\t\t\t\t\t<\/p>\n\t\t\t\t\t\t\t\n\t\t\t\t\t\t\t\t\t\t\t\t\t\t\t<table class=\"table table-full featured-rental__features\">\n\t\t\t\t\t\t\t\t\t\t\t\t\t\t\t\t\t\t\t\t\t\t\t\t\t\t\t\t\t\t\t\t\t\t\t\t\t\t\t\t<tr>\n\t\t\t\t\t\t\t\t\t\t\t\t<td>\n\t\t\t\t\t\t\t\t\t\t\t\t\tTarifa por hora\t\t\t\t\t\t\t\t\t\t\t\t<\/td>\n\t\t\t\t\t\t\t\t\t\t\t\t<td>\n\t\t\t\t\t\t\t\t\t\t\t\t\t2 h min\t\t\t\t\t\t\t\t\t\t\t\t<\/td>\n\t\t\t\t\t\t\t\t\t\t\t\t<td>\n\t\t\t\t\t\t\t\t\t\t\t\t\t$7\t\t\t\t\t\t\t\t\t\t\t\t<\/td>\n\t\t\t\t\t\t\t\t\t\t\t<\/tr>\n\t\t\t\t\t\t\t\t\t\t\n\t\t\t\t\t\t\t\t\t\t\t\t\t\t\t\t\t\t\t\t\t\t\t\t\t\t\t\t\t\t\t\t\t\t\t\t\t\t\t\t<tr>\n\t\t\t\t\t\t\t\t\t\t\t\t<td>\n\t\t\t\t\t\t\t\t\t\t\t\t\tTarifa diaria\t\t\t\t\t\t\t\t\t\t\t\t<\/td>\n\t\t\t\t\t\t\t\t\t\t\t\t<td>\n\t\t\t\t\t\t\t\t\t\t\t\t\t1 d\u00eda min\t\t\t\t\t\t\t\t\t\t\t\t<\/td>\n\t\t\t\t\t\t\t\t\t\t\t\t<td>\n\t\t\t\t\t\t\t\t\t\t\t\t\t$25\t\t\t\t\t\t\t\t\t\t\t\t<\/td>\n\t\t\t\t\t\t\t\t\t\t\t<\/tr>\n\t\t\t\t\t\t\t\t\t\t\n\t\t\t\t\t\t\t\t\t\t\t\t\t\t\t\t\t\t\t\t\t\t\t\t\t\t\t\t\t\t\t\t\t\t\t\t\t\t\t\t<tr>\n\t\t\t\t\t\t\t\t\t\t\t\t<td>\n\t\t\t\t\t\t\t\t\t\t\t\t\tEspecial en l\u00ednea\t\t\t\t\t\t\t\t\t\t\t\t<\/td>\n\t\t\t\t\t\t\t\t\t\t\t\t<td>\n\t\t\t\t\t\t\t\t\t\t\t\t\t20%\t\t\t\t\t\t\t\t\t\t\t\t<\/td>\n\t\t\t\t\t\t\t\t\t\t\t\t<td>\n\t\t\t\t\t\t\t\t\t\t\t\t\t$20\t\t\t\t\t\t\t\t\t\t\t\t<\/td>\n\t\t\t\t\t\t\t\t\t\t\t<\/tr>\n\t\t\t\t\t\t\t\t\t\t\n\t\t\t\t\t\t\t\t\t\t\t\t\t\t\t\t\t<\/table>\n\t\t\t\t\t\t\t\t\t\t\t\t\t\t<div>\n\t\t\t\t\t\t\t\t<a href=\"https:\/\/book.peek.com\/s\/b0f5a87f-d1e4-4354-9263-f31778a802a2\/v0BDe?gaClientId=1189681682.1567561018\" class=\"btn btn-primary btn-sm mr-3\">Reservar<\/a>\n\t\t\t\t\t\t\t\t<a href=\"https:\/\/beachbumcozumel.mx\/es\/rental\/trek-step-thru-mountain-bike\/\" class=\"btn btn-light btn-sm\">Ver detalles<\/a> \n\t\t\t\t\t\t\t<\/div>\n\t\t\t\t\t\t<\/div>\n\t\t\t\t\t<\/div>\n\t\t\t\t<\/div>\n\t\t\t<\/div>\n\t\t\t<\/div><\/div><\/div><\/div>","protected":false},"excerpt":{"rendered":"<p>Trek Mountain Bike Rent a 26&#8243; Trek Mountain Bike and explore the unpaved roads of Cozumel! Take this incredible mountain bike for an Adventure to Punta Sur Eco-Park, &#8230; Hourly Rate 2 hr min $7 Daily Rate 1 day min $25 Online Special 20% $20 Book Now See Details Trek Step Thru Mountain Bike Staying &hellip;<\/p>","protected":false},"author":2,"featured_media":0,"parent":0,"menu_order":0,"comment_status":"closed","ping_status":"closed","template":"","meta":{"_acf_changed":false,"footnotes":""},"yst_prominent_words":[386,385,344,343,72,70,94,384,380,383,379,83,277,71,73,382,303,381,378,86],"class_list":["post-2130","page","type-page","status-publish","hentry","clearfix"],"acf":[],"yoast_head":"<!-- This site is optimized with the Yoast SEO Premium plugin v14.5 - https:\/\/yoast.com\/wordpress\/plugins\/seo\/ -->\n<title>Mountain Bikes in Cozumel | Beach Bum Cozumel<\/title>\n<meta name=\"description\" content=\"Rent a 26&quot; Trek Mountain Bike and explore the unpaved roads of Cozumel! Take these incredible mountain bikes in Cozumel for an ride.\" \/>\n<meta name=\"robots\" content=\"index, follow\" \/>\n<meta name=\"googlebot\" content=\"index, follow, max-snippet:-1, max-image-preview:large, max-video-preview:-1\" \/>\n<meta name=\"bingbot\" content=\"index, follow, max-snippet:-1, max-image-preview:large, max-video-preview:-1\" \/>\n<link rel=\"canonical\" href=\"https:\/\/beachbumcozumel.mx\/es\/mountain-bikes\/\" \/>\n<meta property=\"og:locale\" content=\"es_MX\" \/>\n<meta property=\"og:type\" content=\"article\" \/>\n<meta property=\"og:title\" content=\"Mountain Bikes in Cozumel | Beach Bum Cozumel\" \/>\n<meta property=\"og:description\" content=\"Rent a 26&quot; Trek Mountain Bike and explore the unpaved roads of Cozumel! Take these incredible mountain bikes in Cozumel for an ride.\" \/>\n<meta property=\"og:url\" content=\"https:\/\/beachbumcozumel.mx\/es\/mountain-bikes\/\" \/>\n<meta property=\"og:site_name\" content=\"Beach Bum Cozumel\" \/>\n<meta property=\"article:publisher\" content=\"https:\/\/www.facebook.com\/bbcozumelofficial\" \/>\n<meta property=\"article:modified_time\" content=\"2019-11-06T20:52:01+00:00\" \/>\n<meta name=\"twitter:card\" content=\"summary_large_image\" \/>\n<script type=\"application\/ld+json\" class=\"yoast-schema-graph\">{\"@context\":\"https:\/\/schema.org\",\"@graph\":[{\"@type\":[\"Organization\",\"Place\"],\"@id\":\"https:\/\/beachbumcozumel.mx\/es\/#organization\",\"name\":\"Beach Bum Cozumel\",\"url\":\"https:\/\/beachbumcozumel.mx\/es\/\",\"sameAs\":[\"https:\/\/www.facebook.com\/bbcozumelofficial\",\"https:\/\/www.instagram.com\/beachbumbikescozumel\/\",\"https:\/\/www.youtube.com\/channel\/UCrIoFe5BInnVhMxbcGbjpXQ\"],\"logo\":{\"@type\":\"ImageObject\",\"@id\":\"https:\/\/beachbumcozumel.mx\/es\/#logo\",\"inLanguage\":\"es\",\"url\":\"https:\/\/beachbumcozumel.mx\/wp-content\/uploads\/2019\/08\/Logo-Beach-Bum-cozumel-3-700.png\",\"width\":700,\"height\":189,\"caption\":\"Beach Bum Cozumel\"},\"image\":{\"@id\":\"https:\/\/beachbumcozumel.mx\/es\/#logo\"},\"location\":{\"@id\":\"https:\/\/beachbumcozumel.mx\/mountain-bikes\/#local-place\"},\"address\":{\"@id\":\"https:\/\/beachbumcozumel.mx\/mountain-bikes\/#local-place-address\"}},{\"@type\":\"WebSite\",\"@id\":\"https:\/\/beachbumcozumel.mx\/es\/#website\",\"url\":\"https:\/\/beachbumcozumel.mx\/es\/\",\"name\":\"Beach Bum Cozumel\",\"description\":\"Best things to do in Cozumel\",\"publisher\":{\"@id\":\"https:\/\/beachbumcozumel.mx\/es\/#organization\"},\"potentialAction\":[{\"@type\":\"SearchAction\",\"target\":\"https:\/\/beachbumcozumel.mx\/es\/?s={search_term_string}\",\"query-input\":\"required name=search_term_string\"}],\"inLanguage\":\"es\"},{\"@type\":\"WebPage\",\"@id\":\"https:\/\/beachbumcozumel.mx\/mountain-bikes\/#webpage\",\"url\":\"https:\/\/beachbumcozumel.mx\/mountain-bikes\/\",\"name\":\"Mountain Bikes in Cozumel | Beach Bum Cozumel\",\"isPartOf\":{\"@id\":\"https:\/\/beachbumcozumel.mx\/es\/#website\"},\"datePublished\":\"2019-08-15T02:25:46+00:00\",\"dateModified\":\"2019-11-06T20:52:01+00:00\",\"description\":\"Rent a 26\\\" Trek Mountain Bike and explore the unpaved roads of Cozumel! Take these incredible mountain bikes in Cozumel for an ride.\",\"inLanguage\":\"es\",\"potentialAction\":[{\"@type\":\"ReadAction\",\"target\":[\"https:\/\/beachbumcozumel.mx\/mountain-bikes\/\"]}]},{\"@type\":\"Place\",\"@id\":\"https:\/\/beachbumcozumel.mx\/mountain-bikes\/#local-place\",\"address\":{\"@type\":\"PostalAddress\",\"@id\":\"https:\/\/beachbumcozumel.mx\/mountain-bikes\/#local-place-address\",\"streetAddress\":\"\",\"addressLocality\":\"\",\"postalCode\":\"\",\"addressRegion\":\"\",\"addressCountry\":\"\"},\"geo\":{\"@type\":\"GeoCoordinates\",\"latitude\":\"\",\"longitude\":\"\"},\"openingHoursSpecification\":[{\"@type\":\"OpeningHoursSpecification\",\"dayOfWeek\":[\"Monday\",\"Tuesday\",\"Wednesday\",\"Thursday\",\"Friday\",\"Saturday\",\"Sunday\"],\"opens\":\"09:00\",\"closes\":\"17:00\"}]}]}<\/script>\n<!-- \/ Yoast SEO Premium plugin. -->","_links":{"self":[{"href":"https:\/\/beachbumcozumel.mx\/es\/wp-json\/wp\/v2\/pages\/2130","targetHints":{"allow":["GET"]}}],"collection":[{"href":"https:\/\/beachbumcozumel.mx\/es\/wp-json\/wp\/v2\/pages"}],"about":[{"href":"https:\/\/beachbumcozumel.mx\/es\/wp-json\/wp\/v2\/types\/page"}],"author":[{"embeddable":true,"href":"https:\/\/beachbumcozumel.mx\/es\/wp-json\/wp\/v2\/users\/2"}],"replies":[{"embeddable":true,"href":"https:\/\/beachbumcozumel.mx\/es\/wp-json\/wp\/v2\/comments?post=2130"}],"version-history":[{"count":6,"href":"https:\/\/beachbumcozumel.mx\/es\/wp-json\/wp\/v2\/pages\/2130\/revisions"}],"predecessor-version":[{"id":2142,"href":"https:\/\/beachbumcozumel.mx\/es\/wp-json\/wp\/v2\/pages\/2130\/revisions\/2142"}],"wp:attachment":[{"href":"https:\/\/beachbumcozumel.mx\/es\/wp-json\/wp\/v2\/media?parent=2130"}],"wp:term":[{"taxonomy":"yst_prominent_words","embeddable":true,"href":"https:\/\/beachbumcozumel.mx\/es\/wp-json\/wp\/v2\/yst_prominent_words?post=2130"}],"curies":[{"name":"wp","href":"https:\/\/api.w.org\/{rel}","templated":true}]}}