{"id":2981,"date":"2019-09-30T02:02:17","date_gmt":"2019-09-30T02:02:17","guid":{"rendered":"https:\/\/beachbumcozumel.com\/?page_id=2981"},"modified":"2020-06-30T23:39:47","modified_gmt":"2020-06-30T23:39:47","slug":"boat-charters-in-cozumel","status":"publish","type":"page","link":"https:\/\/beachbumcozumel.mx\/es\/boat-charters-in-cozumel\/","title":{"rendered":"Renta de barcos en Cozumel"},"content":{"rendered":"<div id=\"pl-2981\"  class=\"panel-layout\" ><div id=\"pg-2981-0\"  class=\"panel-grid panel-no-style\" ><div id=\"pgc-2981-0-0\"  class=\"panel-grid-cell\" ><div id=\"panel-2981-0-0-0\" class=\"so-panel widget widget_sow-editor panel-first-child panel-last-child\" data-index=\"0\" ><div\n\t\t\t\n\t\t\tclass=\"so-widget-sow-editor so-widget-sow-editor-base\"\n\t\t\t\n\t\t><h3 class=\"widget-title\"><span class=\"widget-title__inline\">Renta de barcos en Cozumel<\/span><\/h3>\n<div class=\"siteorigin-widget-tinymce textwidget\">\n\t<p>Ofrecemos los mejores alquileres de barcos en Cozumel. Nuestro servicio de 5 estrellas y nuestro equipo profesional se asegurar\u00e1n de que obtenga la experiencia que se merece. Personalice su recorrido para que coincida con sus deseos navegando por la barrera de arrecifes m\u00e1s grande del hemisferio occidental. Disfruta un <a href=\"https:\/\/beachbumcozumel.mx\/es\/services\/scuba-diving\/\">buceo privado<\/a> y evite bucear con docenas de buzos al mismo tiempo y lugar. O disfruta de un <a href=\"https:\/\/beachbumcozumel.mx\/es\/services\/deep-sea-fishing-in-cozumel\/\">viaje de pesca en alta mar<\/a> y atrapa al Marlin azul con el que siempre has so\u00f1ado. \u00bfO por qu\u00e9 no mezclar tu <a href=\"https:\/\/beachbumcozumel.mx\/es\/services\/deep-sea-fishing-in-cozumel\/\">Viaje de Pesca<\/a> con un par de sesiones de snorkel en 2 arrecifes diferentes? Todo esto es posible con nuestro <a href=\"https:\/\/beachbumcozumel.mx\/es\/boat-charters-in-cozumel\/\">servicio de renta de barcos<\/a> !<\/p>\n<\/div>\n<\/div><\/div><\/div><\/div><div id=\"pg-2981-1\"  class=\"panel-grid panel-no-style\" ><div id=\"pgc-2981-1-0\"  class=\"panel-grid-cell\" ><div id=\"panel-2981-1-0-0\" class=\"so-panel widget widget_pw_featured_page widget-featured-page panel-first-child\" data-index=\"1\" >\n\t<div class=\"page-box  page-box--block\">\n\t\t\t\t\t\t<a class=\"page-box__picture\" href=\"https:\/\/beachbumcozumel.mx\/es\/services\/deep-sea-fishing-in-cozumel\/\">\n\t\t\t\t\t<img decoding=\"async\" src=\"https:\/\/beachbumcozumel.mx\/wp-content\/uploads\/2019\/09\/IMG_5295-1-e1592367277798-352x198.jpg\" width=\"352\" height=\"198\" srcset=\"https:\/\/beachbumcozumel.mx\/wp-content\/uploads\/2019\/09\/IMG_5295-1-e1592367277798-352x198.jpg 352w, https:\/\/beachbumcozumel.mx\/wp-content\/uploads\/2019\/09\/IMG_5295-1-e1592367277798.jpg 1417w\" sizes=\"(min-width: 1200px) 349px, (min-width: 992px) 282px, (min-width: 768px) 690px, calc(100vw - 30px)\" class=\"wp-post-image\" alt=\"Pesca de mar profundo\">\n\t\t\t\t\t\t\t\t\t<\/a>\n\t\t\t\t\t\t\t\t<div class=\"page-box__content\">\n\t\t\t<h4 class=\"page-box__title\"><a href=\"https:\/\/beachbumcozumel.mx\/es\/services\/deep-sea-fishing-in-cozumel\/\">Pesca de mar profundo<\/a><\/h4>\n\t\t\t<p class=\"page-box__text\">Rel\u00e1jese y disfrute de una divertida pesca en alta mar en la costa de Cozumel. Durante todo el a\u00f1o, Cozumel es el para\u00edso de los pescadores. Siempre es una aventura ...<\/p>\n\t\t\t\t\t\t\t<a href=\"https:\/\/beachbumcozumel.mx\/es\/services\/deep-sea-fishing-in-cozumel\/\" class=\"page-box__more-link btn btn-primary btn-block btn-sm\">RESERVAR AHORA<\/a>\n\t\t\t\t\t<\/div>\n\t<\/div>\n\n<\/div><div id=\"panel-2981-1-0-1\" class=\"so-panel widget widget_pw_featured_page widget-featured-page panel-last-child\" data-index=\"2\" >\n\t<div class=\"page-box  page-box--block\">\n\t\t\t\t\t\t<a class=\"page-box__picture\" href=\"https:\/\/beachbumcozumel.mx\/es\/services\/boat-charters\/\">\n\t\t\t\t\t<img decoding=\"async\" src=\"https:\/\/beachbumcozumel.mx\/wp-content\/uploads\/2019\/09\/DSC_2696-1-352x198.jpg\" width=\"352\" height=\"198\" srcset=\"https:\/\/beachbumcozumel.mx\/wp-content\/uploads\/2019\/09\/DSC_2696-1-352x198.jpg 352w, https:\/\/beachbumcozumel.mx\/wp-content\/uploads\/2019\/09\/DSC_2696-1.jpg 1920w\" sizes=\"(min-width: 1200px) 349px, (min-width: 992px) 282px, (min-width: 768px) 690px, calc(100vw - 30px)\" class=\"wp-post-image\" alt=\"CH\u00c1RTER PRIVADO DE BARCOS\">\n\t\t\t\t\t\t\t\t\t<\/a>\n\t\t\t\t\t\t\t\t<div class=\"page-box__content\">\n\t\t\t<h4 class=\"page-box__title\"><a href=\"https:\/\/beachbumcozumel.mx\/es\/services\/boat-charters\/\">CH\u00c1RTER PRIVADO DE BARCOS<\/a><\/h4>\n\t\t\t<p class=\"page-box__text\">\u00a1Alquile un barco privado en Cozumel y disfrute de un fant\u00e1stico d\u00eda en el mar! USTED decide si bucear, pescar, bucear o simplemente &quot;pasar el rato en ...<\/p>\n\t\t\t\t\t\t\t<a href=\"https:\/\/beachbumcozumel.mx\/es\/services\/boat-charters\/\" class=\"page-box__more-link btn btn-primary btn-block btn-sm\">RESERVAR AHORA<\/a>\n\t\t\t\t\t<\/div>\n\t<\/div>\n\n<\/div><\/div><div id=\"pgc-2981-1-1\"  class=\"panel-grid-cell\" ><div id=\"panel-2981-1-1-0\" class=\"so-panel widget widget_pw_featured_page widget-featured-page panel-first-child\" data-index=\"3\" >\n\t<div class=\"page-box  page-box--block\">\n\t\t\t\t\t\t<a class=\"page-box__picture\" href=\"https:\/\/beachbumcozumel.mx\/es\/services\/snorkeling-trips\/\">\n\t\t\t\t\t<img decoding=\"async\" src=\"https:\/\/beachbumcozumel.mx\/wp-content\/uploads\/2019\/09\/Snorkeling-with-Big-Daddy-Diving-1-352x198.jpg\" width=\"352\" height=\"198\" srcset=\"https:\/\/beachbumcozumel.mx\/wp-content\/uploads\/2019\/09\/Snorkeling-with-Big-Daddy-Diving-1-352x198.jpg 352w, https:\/\/beachbumcozumel.mx\/wp-content\/uploads\/2019\/09\/Snorkeling-with-Big-Daddy-Diving-1.jpg 2500w\" sizes=\"(min-width: 1200px) 349px, (min-width: 992px) 282px, (min-width: 768px) 690px, calc(100vw - 30px)\" class=\"wp-post-image\" alt=\"Viaje privado de snorkel\">\n\t\t\t\t\t\t\t\t\t<\/a>\n\t\t\t\t\t\t\t\t<div class=\"page-box__content\">\n\t\t\t<h4 class=\"page-box__title\"><a href=\"https:\/\/beachbumcozumel.mx\/es\/services\/snorkeling-trips\/\">Viaje privado de snorkel<\/a><\/h4>\n\t\t\t<p class=\"page-box__text\">Nuestros viajes de snorkel son para personas que desean ver y explorar los arrecifes de Cozumel sin bucear. Si el grupo a bordo es de todos los buceadores ...<\/p>\n\t\t\t\t\t\t\t<a href=\"https:\/\/beachbumcozumel.mx\/es\/services\/snorkeling-trips\/\" class=\"page-box__more-link btn btn-primary btn-block btn-sm\">RESERVAR AHORA<\/a>\n\t\t\t\t\t<\/div>\n\t<\/div>\n\n<\/div><div id=\"panel-2981-1-1-1\" class=\"so-panel widget widget_pw_featured_page widget-featured-page panel-last-child\" data-index=\"4\" >\n\t<div class=\"page-box  page-box--block\">\n\t\t\t\t\t\t<a class=\"page-box__picture\" href=\"https:\/\/beachbumcozumel.mx\/es\/boat-charters-in-cozumel\/private-scuba-diving\/\">\n\t\t\t\t\t<img decoding=\"async\" src=\"https:\/\/beachbumcozumel.mx\/wp-content\/uploads\/2019\/09\/big-daddy-diving-two-tank-cozumel-352x198.jpg\" width=\"352\" height=\"198\" srcset=\"https:\/\/beachbumcozumel.mx\/wp-content\/uploads\/2019\/09\/big-daddy-diving-two-tank-cozumel-352x198.jpg 352w, https:\/\/beachbumcozumel.mx\/wp-content\/uploads\/2019\/09\/big-daddy-diving-two-tank-cozumel.jpg 1920w\" sizes=\"(min-width: 1200px) 349px, (min-width: 992px) 282px, (min-width: 768px) 690px, calc(100vw - 30px)\" class=\"wp-post-image\" alt=\"Buceo Privado\">\n\t\t\t\t\t\t\t\t\t<\/a>\n\t\t\t\t\t\t\t\t<div class=\"page-box__content\">\n\t\t\t<h4 class=\"page-box__title\"><a href=\"https:\/\/beachbumcozumel.mx\/es\/boat-charters-in-cozumel\/private-scuba-diving\/\">Buceo Privado<\/a><\/h4>\n\t\t\t<p class=\"page-box__text\">Buceo en Cozumel Hay una multitud de lugares deslumbrantes para bucear y tantas opciones para elegir, donde bucear comienza con sus deseos. ...<\/p>\n\t\t\t\t\t\t\t<a href=\"https:\/\/beachbumcozumel.mx\/es\/boat-charters-in-cozumel\/private-scuba-diving\/\" class=\"page-box__more-link btn btn-primary btn-block btn-sm\">RESERVAR AHORA<\/a>\n\t\t\t\t\t<\/div>\n\t<\/div>\n\n<\/div><\/div><div id=\"pgc-2981-1-2\"  class=\"panel-grid-cell\" ><div id=\"panel-2981-1-2-0\" class=\"so-panel widget widget_pw_featured_page widget-featured-page panel-first-child panel-last-child\" data-index=\"5\" >\n\t<div class=\"page-box  page-box--block\">\n\t\t\t\t\t\t<a class=\"page-box__picture\" href=\"https:\/\/beachbumcozumel.mx\/es\/services\/boat-charters\/trips-to-el-cielo\/\">\n\t\t\t\t\t<img decoding=\"async\" src=\"https:\/\/beachbumcozumel.mx\/wp-content\/uploads\/2019\/09\/G0672404-352x198.jpg\" width=\"352\" height=\"198\" srcset=\"https:\/\/beachbumcozumel.mx\/wp-content\/uploads\/2019\/09\/G0672404-352x198.jpg 352w, https:\/\/beachbumcozumel.mx\/wp-content\/uploads\/2019\/09\/G0672404.jpg 1920w\" sizes=\"(min-width: 1200px) 349px, (min-width: 992px) 282px, (min-width: 768px) 690px, calc(100vw - 30px)\" class=\"wp-post-image\" alt=\"Viajes a &quot;El Cielo&quot;\">\n\t\t\t\t\t\t\t\t\t<\/a>\n\t\t\t\t\t\t\t\t<div class=\"page-box__content\">\n\t\t\t<h4 class=\"page-box__title\"><a href=\"https:\/\/beachbumcozumel.mx\/es\/services\/boat-charters\/trips-to-el-cielo\/\">Viajes a &quot;El Cielo&quot;<\/a><\/h4>\n\t\t\t<p class=\"page-box__text\">RESUMEN Prep\u00e1rate para disfrutar del secreto mejor guardado de Cozumel y disfruta de la piscina natural m\u00e1s pr\u00edstina y transparente de &quot;El Cielo&quot;, que significa ...<\/p>\n\t\t\t\t\t\t\t<a href=\"https:\/\/beachbumcozumel.mx\/es\/services\/boat-charters\/trips-to-el-cielo\/\" class=\"page-box__more-link btn btn-primary btn-block btn-sm\">RESERVAR AHORA<\/a>\n\t\t\t\t\t<\/div>\n\t<\/div>\n\n<\/div><\/div><\/div><\/div>","protected":false},"excerpt":{"rendered":"<p>Rel\u00e1jese y disfrute de una divertida pesca en alta mar en la costa de Cozumel. Durante todo el a\u00f1o, Cozumel es el para\u00edso de los pescadores. Siempre es una aventura, \u00a1nunca sabes lo que vas a atrapar!<\/p>","protected":false},"author":2,"featured_media":2539,"parent":0,"menu_order":0,"comment_status":"closed","ping_status":"closed","template":"","meta":{"_acf_changed":false,"footnotes":""},"yst_prominent_words":[165,170,174,172,132,70,173,94,155,161,157,147,163,89,158,156,92,85,159,69],"class_list":["post-2981","page","type-page","status-publish","has-post-thumbnail","hentry","clearfix"],"acf":[],"yoast_head":"<!-- This site is optimized with the Yoast SEO Premium plugin v14.5 - https:\/\/yoast.com\/wordpress\/plugins\/seo\/ -->\n<title>Boat Charters in Cozumel | Boat Charters | Beach Bum Cozumel<\/title>\n<meta name=\"description\" content=\"Boat charters in Cozumel, book to enjoy a fantastic day at sea! YOU decide whether to scuba dive, fish, snorkel or just \u201chang out in heaven\u201d (El Cielo).\" \/>\n<meta name=\"robots\" content=\"index, follow\" \/>\n<meta name=\"googlebot\" content=\"index, follow, max-snippet:-1, max-image-preview:large, max-video-preview:-1\" \/>\n<meta name=\"bingbot\" content=\"index, follow, max-snippet:-1, max-image-preview:large, max-video-preview:-1\" \/>\n<link rel=\"canonical\" href=\"https:\/\/beachbumcozumel.mx\/es\/boat-charters-in-cozumel\/\" \/>\n<meta property=\"og:locale\" content=\"es_MX\" \/>\n<meta property=\"og:type\" content=\"article\" \/>\n<meta property=\"og:title\" content=\"Boat Charters in Cozumel | Boat Charters | Beach Bum Cozumel\" \/>\n<meta property=\"og:description\" content=\"Boat charters in Cozumel, book to enjoy a fantastic day at sea! YOU decide whether to scuba dive, fish, snorkel or just \u201chang out in heaven\u201d (El Cielo).\" \/>\n<meta property=\"og:url\" content=\"https:\/\/beachbumcozumel.mx\/es\/boat-charters-in-cozumel\/\" \/>\n<meta property=\"og:site_name\" content=\"Beach Bum Cozumel\" \/>\n<meta property=\"article:publisher\" content=\"https:\/\/www.facebook.com\/bbcozumelofficial\" \/>\n<meta property=\"article:modified_time\" content=\"2020-06-30T23:39:47+00:00\" \/>\n<meta property=\"og:image\" content=\"https:\/\/beachbumcozumel.mx\/wp-content\/uploads\/2019\/09\/DSC_2696-1.jpg\" \/>\n\t<meta property=\"og:image:width\" content=\"1920\" \/>\n\t<meta property=\"og:image:height\" content=\"960\" \/>\n<meta name=\"twitter:card\" content=\"summary_large_image\" \/>\n<script type=\"application\/ld+json\" class=\"yoast-schema-graph\">{\"@context\":\"https:\/\/schema.org\",\"@graph\":[{\"@type\":[\"Organization\",\"Place\"],\"@id\":\"https:\/\/beachbumcozumel.mx\/es\/#organization\",\"name\":\"Beach Bum Cozumel\",\"url\":\"https:\/\/beachbumcozumel.mx\/es\/\",\"sameAs\":[\"https:\/\/www.facebook.com\/bbcozumelofficial\",\"https:\/\/www.instagram.com\/beachbumbikescozumel\/\",\"https:\/\/www.youtube.com\/channel\/UCrIoFe5BInnVhMxbcGbjpXQ\"],\"logo\":{\"@type\":\"ImageObject\",\"@id\":\"https:\/\/beachbumcozumel.mx\/es\/#logo\",\"inLanguage\":\"es\",\"url\":\"https:\/\/beachbumcozumel.mx\/wp-content\/uploads\/2019\/08\/Logo-Beach-Bum-cozumel-3-700.png\",\"width\":700,\"height\":189,\"caption\":\"Beach Bum Cozumel\"},\"image\":{\"@id\":\"https:\/\/beachbumcozumel.mx\/es\/#logo\"},\"location\":{\"@id\":\"https:\/\/beachbumcozumel.mx\/boat-charters-in-cozumel\/#local-place\"},\"address\":{\"@id\":\"https:\/\/beachbumcozumel.mx\/boat-charters-in-cozumel\/#local-place-address\"}},{\"@type\":\"WebSite\",\"@id\":\"https:\/\/beachbumcozumel.mx\/es\/#website\",\"url\":\"https:\/\/beachbumcozumel.mx\/es\/\",\"name\":\"Beach Bum Cozumel\",\"description\":\"Best things to do in Cozumel\",\"publisher\":{\"@id\":\"https:\/\/beachbumcozumel.mx\/es\/#organization\"},\"potentialAction\":[{\"@type\":\"SearchAction\",\"target\":\"https:\/\/beachbumcozumel.mx\/es\/?s={search_term_string}\",\"query-input\":\"required name=search_term_string\"}],\"inLanguage\":\"es\"},{\"@type\":\"ImageObject\",\"@id\":\"https:\/\/beachbumcozumel.mx\/boat-charters-in-cozumel\/#primaryimage\",\"inLanguage\":\"es\",\"url\":\"https:\/\/beachbumcozumel.mx\/wp-content\/uploads\/2019\/09\/DSC_2696-1.jpg\",\"width\":1920,\"height\":960,\"caption\":\"La Victoria boat\"},{\"@type\":\"WebPage\",\"@id\":\"https:\/\/beachbumcozumel.mx\/boat-charters-in-cozumel\/#webpage\",\"url\":\"https:\/\/beachbumcozumel.mx\/boat-charters-in-cozumel\/\",\"name\":\"Boat Charters in Cozumel | Boat Charters | Beach Bum Cozumel\",\"isPartOf\":{\"@id\":\"https:\/\/beachbumcozumel.mx\/es\/#website\"},\"primaryImageOfPage\":{\"@id\":\"https:\/\/beachbumcozumel.mx\/boat-charters-in-cozumel\/#primaryimage\"},\"datePublished\":\"2019-09-30T02:02:17+00:00\",\"dateModified\":\"2020-06-30T23:39:47+00:00\",\"description\":\"Boat charters in Cozumel, book to enjoy a fantastic day at sea! YOU decide whether to scuba dive, fish, snorkel or just \\u201chang out in heaven\\u201d (El Cielo).\",\"inLanguage\":\"es\",\"potentialAction\":[{\"@type\":\"ReadAction\",\"target\":[\"https:\/\/beachbumcozumel.mx\/boat-charters-in-cozumel\/\"]}]},{\"@type\":\"Place\",\"@id\":\"https:\/\/beachbumcozumel.mx\/boat-charters-in-cozumel\/#local-place\",\"address\":{\"@type\":\"PostalAddress\",\"@id\":\"https:\/\/beachbumcozumel.mx\/boat-charters-in-cozumel\/#local-place-address\",\"streetAddress\":\"\",\"addressLocality\":\"\",\"postalCode\":\"\",\"addressRegion\":\"\",\"addressCountry\":\"\"},\"geo\":{\"@type\":\"GeoCoordinates\",\"latitude\":\"\",\"longitude\":\"\"},\"openingHoursSpecification\":[{\"@type\":\"OpeningHoursSpecification\",\"dayOfWeek\":[\"Monday\",\"Tuesday\",\"Wednesday\",\"Thursday\",\"Friday\",\"Saturday\",\"Sunday\"],\"opens\":\"09:00\",\"closes\":\"17:00\"}]}]}<\/script>\n<!-- \/ Yoast SEO Premium plugin. -->","_links":{"self":[{"href":"https:\/\/beachbumcozumel.mx\/es\/wp-json\/wp\/v2\/pages\/2981","targetHints":{"allow":["GET"]}}],"collection":[{"href":"https:\/\/beachbumcozumel.mx\/es\/wp-json\/wp\/v2\/pages"}],"about":[{"href":"https:\/\/beachbumcozumel.mx\/es\/wp-json\/wp\/v2\/types\/page"}],"author":[{"embeddable":true,"href":"https:\/\/beachbumcozumel.mx\/es\/wp-json\/wp\/v2\/users\/2"}],"replies":[{"embeddable":true,"href":"https:\/\/beachbumcozumel.mx\/es\/wp-json\/wp\/v2\/comments?post=2981"}],"version-history":[{"count":21,"href":"https:\/\/beachbumcozumel.mx\/es\/wp-json\/wp\/v2\/pages\/2981\/revisions"}],"predecessor-version":[{"id":3377,"href":"https:\/\/beachbumcozumel.mx\/es\/wp-json\/wp\/v2\/pages\/2981\/revisions\/3377"}],"wp:featuredmedia":[{"embeddable":true,"href":"https:\/\/beachbumcozumel.mx\/es\/wp-json\/wp\/v2\/media\/2539"}],"wp:attachment":[{"href":"https:\/\/beachbumcozumel.mx\/es\/wp-json\/wp\/v2\/media?parent=2981"}],"wp:term":[{"taxonomy":"yst_prominent_words","embeddable":true,"href":"https:\/\/beachbumcozumel.mx\/es\/wp-json\/wp\/v2\/yst_prominent_words?post=2981"}],"curies":[{"name":"wp","href":"https:\/\/api.w.org\/{rel}","templated":true}]}}