{"id":3224,"date":"2020-06-08T21:55:05","date_gmt":"2020-06-08T21:55:05","guid":{"rendered":"https:\/\/beachbumcozumel.com\/?page_id=3224"},"modified":"2020-07-06T16:13:15","modified_gmt":"2020-07-06T16:13:15","slug":"covid-19-update","status":"publish","type":"page","link":"https:\/\/beachbumcozumel.mx\/es\/covid-19-update\/","title":{"rendered":"Covid 19 Update"},"content":{"rendered":"<div id=\"pl-3224\"  class=\"panel-layout\" ><div id=\"pg-3224-0\"  class=\"panel-grid panel-no-style\" ><div id=\"pgc-3224-0-0\"  class=\"panel-grid-cell\" ><div id=\"panel-3224-0-0-0\" class=\"so-panel widget widget_pw_image_banner widget-image-banner panel-first-child panel-last-child\" data-index=\"0\" >\t\t\t\t<a href=\"#\" target=\"_self\" class=\"image-banner\">\n\t\t\t\t\t<img decoding=\"async\" class=\"img-fluid  image-banner__image\" src=\"https:\/\/beachbumcozumel.mx\/wp-content\/uploads\/2020\/06\/Asset-2bbc.png\" alt=\"Estamos listos para ti!\">\n\t\t\t\t\t<div class=\"image-banner__text  image-banner__text--normal\" style=\"color: #ffffff\">\n\t\t\t\t\t\tEstamos listos para ti!\t\t\t\t\t<\/div>\n\t\t\t\t<\/a>\n\t\t\t<\/div><\/div><\/div><div id=\"pg-3224-1\"  class=\"panel-grid panel-no-style\" ><div id=\"pgc-3224-1-0\"  class=\"panel-grid-cell\" ><div id=\"panel-3224-1-0-0\" class=\"so-panel widget widget_sow-editor panel-first-child panel-last-child\" data-index=\"1\" ><div\n\t\t\t\n\t\t\tclass=\"so-widget-sow-editor so-widget-sow-editor-base\"\n\t\t\t\n\t\t>\n<div class=\"siteorigin-widget-tinymce textwidget\">\n\t<h2><span data-preserver-spaces=\"true\">Desde el estallido de Covid-19 ...<\/span><\/h2>\n<p><span data-preserver-spaces=\"true\">Continuamente hemos estado monitoreando los impactos locales y globales de la pandemia y estamos actualizando nuestras pol\u00edticas y acciones en consecuencia. Como resultado, nuestra prioridad n\u00famero uno es la seguridad de nuestro personal e clientes. Por esa raz\u00f3n, hemos tomado los pasos necesarios para garantizar una reapertura segura, y queremos guiarlo a trav\u00e9s de estos pasos:<\/span><\/p>\n<h2><span data-preserver-spaces=\"true\">Certificaci\u00f3n<\/span><\/h2>\n<p><span data-preserver-spaces=\"true\">En primer lugar, desde principios de junio, la Secretar\u00eda de Turismo de M\u00e9xico lanz\u00f3 una certificaci\u00f3n obligatoria para garantizar que todas las empresas tur\u00edsticas cumplan con los nuevos protocolos de salud para la reapertura. Beach Bum Cozumel ahora est\u00e1 totalmente certificado y cumple con todos los procedimientos sanitarios y de salud establecidos por la Secretar\u00eda de Turismo, lo que significa que nuestro personal est\u00e1 certificado y capacitado en consecuencia para mantener los m\u00e1s altos niveles de higiene en el lugar de trabajo y durante la ejecuci\u00f3n de nuestras excursiones.\u00a0<\/span><\/p>\n<p><span data-preserver-spaces=\"true\">Esta certificaci\u00f3n cumple con los niveles m\u00e1s altos de protocolos sanitarios aprobados por la OMS (Organizaci\u00f3n Mundial de la Salud) y los CDC (Centros para el Control de Enfermedades) en los Estados Unidos. Para leer m\u00e1s sobre esta certificaci\u00f3n,\u00a0<\/span><a class=\"_e75a791d-denali-editor-page-rtfLink broken_link\" href=\"https:\/\/qroo.gob.mx\/cppsit?fbclid=IwAR2afip5HfjBriXKD_fLCl5ikSwWVSoONtBYnqpyjskaJaOvjNNtw0opgyE\" target=\"_blank\" rel=\"noopener\"><span data-preserver-spaces=\"true\">haga clic aqu\u00ed<\/span><\/a><span data-preserver-spaces=\"true\">.\u00a0<\/span><\/p>\n<h2><span data-preserver-spaces=\"true\">Protocolo sanitario<\/span><\/h2>\n<p><span data-preserver-spaces=\"true\">Hemos implementado un protocolo sanitario coherente para mantener un entorno seguro y libre de virus. Nuestras medidas incluyen lo siguiente:<\/span><\/p>\n<h3><span data-preserver-spaces=\"true\">Para renta de <a href=\"https:\/\/beachbumcozumel.mx\/es\/electric-bikes\/\">Bicicletas Electricas<\/a> y<a href=\"https:\/\/beachbumcozumel.mx\/es\/bike-tours-cozumel\/\"> Excursiones<\/a>:<\/span><\/h3>\n<ul>\n<li><span data-preserver-spaces=\"true\">Bicicletas y cascos: se desinfectar\u00e1n diariamente y despu\u00e9s de cada uso con un aerosol desinfectante de grado m\u00e9dico.<\/span><\/li>\n<li><span data-preserver-spaces=\"true\">Desinfectaremos todas las superficies de la tienda cada hora y despu\u00e9s de la visita de cada cliente\u00a0<\/span><\/li>\n<li><span data-preserver-spaces=\"true\">Proporcionaremos a los hu\u00e9spedes un gel antibacteriano (70% a base de alcohol) en la recepci\u00f3n<\/span><\/li>\n<li><span data-preserver-spaces=\"true\">Como requisito estatal, todos los clientes deben controlar su temperatura en la recepci\u00f3n<\/span><\/li>\n<li><span data-preserver-spaces=\"true\">El personal debe usar cubrebocas durante la ejecuci\u00f3n del recorrido y dentro del \u00e1rea de trabajo.<\/span><\/li>\n<li>Hemos actualizado nuestro proceso de registro para garantizar un procedimiento de &quot;contacto cero&quot;<\/li>\n<\/ul>\n<h3><span data-preserver-spaces=\"true\">Para actividades de <a href=\"https:\/\/beachbumcozumel.mx\/es\/services\/deep-sea-fishing-in-cozumel\/\">Pesca,<\/a> <a href=\"https:\/\/beachbumcozumel.mx\/es\/services\/scuba-diving\/\">Buceo,<\/a> y <a href=\"https:\/\/beachbumcozumel.mx\/es\/services\/snorkeling-trips\/\">Snorkel<\/a> :<\/span><\/h3>\n<ul>\n<li><span data-preserver-spaces=\"true\">Los cubrebocas o los pa\u00f1uelos son obligatorios para el personal y los clientes en todo momento mientras est\u00e1n en el barco<\/span><\/li>\n<li><span data-preserver-spaces=\"true\">El equipo de buceo y snorkel de renta se desinfectar\u00e1 con un antis\u00e9ptico de grado m\u00e9dico antes de cada uso<\/span><\/li>\n<li><span data-preserver-spaces=\"true\">Cubrebocas desechables estar\u00e1n disponibles para su compra<\/span><\/li>\n<li><span data-preserver-spaces=\"true\">Todas las superficies a bordo se desinfectar\u00e1n diariamente antes de la llegada de los clientes y continuamente durante todo el recorrido.\u00a0<\/span><\/li>\n<li><span data-preserver-spaces=\"true\">Se reducir\u00e1n los grupos a bordo y se marcar\u00e1n los asientos para permitir una sana distancia entre cada cliente<\/span><\/li>\n<li><span data-preserver-spaces=\"true\">Desinfectaremos todas las superficies de la tienda cada hora y despu\u00e9s de la visita de cada cliente\u00a0<\/span><\/li>\n<li><span data-preserver-spaces=\"true\">Proporcionaremos a los hu\u00e9spedes un gel antibacteriano (70% a base de alcohol) en la recepci\u00f3n<\/span><\/li>\n<li><span data-preserver-spaces=\"true\">Como requisito estatal, todos los clientes deben controlar su temperatura en la recepci\u00f3n<\/span><\/li>\n<li><span data-preserver-spaces=\"true\">El personal debe usar cubrebocas durante la ejecuci\u00f3n del recorrido y dentro del \u00e1rea de trabajo.<\/span><\/li>\n<li><span data-preserver-spaces=\"true\">Nuestros instructores se actualizan con las \u00faltimas pautas de RCP por DAN y han completado el curso de capacitaci\u00f3n First Response Airborne Pathogen\u00a0<\/span><\/li>\n<\/ul>\n<h2><span data-preserver-spaces=\"true\">N\u00famero reducido de participantes.<\/span><\/h2>\n<p><span data-preserver-spaces=\"true\">Para reducir el riesgo de aglomeraciones, hemos decidido limitar nuestro grupo tur\u00edstico a un m\u00e1ximo de 12 personas. Cada vez que superamos ese n\u00famero, abriremos un nuevo grupo y enviaremos una nueva gu\u00eda. Nos encantan los viajes en grupos peque\u00f1os de todos modos y ahora m\u00e1s que nunca. <\/span><\/p>\n<h2>Mant\u00e9nganse al tanto<\/h2>\n<p>Continuamos evaluando m\u00e1s soluciones y medidas para implementar las en nuestros servicios. Por lo tanto, les invitamos a estar atento a nuestras cuentas de redes sociales para obtener actualizaciones y noticias de lo que est\u00e1 sucediendo en nuestra hermosa isla. Dale Me gusta a nuestra p\u00e1gina de Facebook y s\u00edguenos en Instagram.<\/p>\n<\/div>\n<\/div><\/div><\/div><\/div><\/div>","protected":false},"excerpt":{"rendered":"<p>Since the outbreak of Covid-19&#8230; We continuously have been monitoring the local and global impacts of the pandemic and are updating our policies and actions accordingly. As a result, our number one priority is the safety of our staff and guests. For that reason, we have taken the necessary steps to ensure a safe reopening, &hellip;<\/p>","protected":false},"author":2,"featured_media":0,"parent":0,"menu_order":0,"comment_status":"closed","ping_status":"closed","template":"","meta":{"_acf_changed":false,"footnotes":""},"yst_prominent_words":[104,108,101,126,115,114,109,100,125,122,110,124,121,117,116,105,111,123,106,103],"class_list":["post-3224","page","type-page","status-publish","hentry","clearfix"],"acf":[],"yoast_head":"<!-- This site is optimized with the Yoast SEO Premium plugin v14.5 - https:\/\/yoast.com\/wordpress\/plugins\/seo\/ -->\n<title>Covid 19: Sanitary Protocol | Beach Bum Cozumel<\/title>\n<meta name=\"description\" content=\"Since the outbreak of Covid-19, we have taken the necessary steps to ensure a safe reopening, and we want to walk you through these steps.\" \/>\n<meta name=\"robots\" content=\"index, follow\" \/>\n<meta name=\"googlebot\" content=\"index, follow, max-snippet:-1, max-image-preview:large, max-video-preview:-1\" \/>\n<meta name=\"bingbot\" content=\"index, follow, max-snippet:-1, max-image-preview:large, max-video-preview:-1\" \/>\n<link rel=\"canonical\" href=\"https:\/\/beachbumcozumel.mx\/es\/covid-19-update\/\" \/>\n<meta property=\"og:locale\" content=\"es_MX\" \/>\n<meta property=\"og:type\" content=\"article\" \/>\n<meta property=\"og:title\" content=\"Covid 19: Sanitary Protocol | Beach Bum Cozumel\" \/>\n<meta property=\"og:description\" content=\"Since the outbreak of Covid-19, we have taken the necessary steps to ensure a safe reopening, and we want to walk you through these steps.\" \/>\n<meta property=\"og:url\" content=\"https:\/\/beachbumcozumel.mx\/es\/covid-19-update\/\" \/>\n<meta property=\"og:site_name\" content=\"Beach Bum Cozumel\" \/>\n<meta property=\"article:publisher\" content=\"https:\/\/www.facebook.com\/bbcozumelofficial\" \/>\n<meta property=\"article:modified_time\" content=\"2020-07-06T16:13:15+00:00\" \/>\n<meta name=\"twitter:card\" content=\"summary_large_image\" \/>\n<script type=\"application\/ld+json\" class=\"yoast-schema-graph\">{\"@context\":\"https:\/\/schema.org\",\"@graph\":[{\"@type\":[\"Organization\",\"Place\"],\"@id\":\"https:\/\/beachbumcozumel.mx\/es\/#organization\",\"name\":\"Beach Bum Cozumel\",\"url\":\"https:\/\/beachbumcozumel.mx\/es\/\",\"sameAs\":[\"https:\/\/www.facebook.com\/bbcozumelofficial\",\"https:\/\/www.instagram.com\/beachbumbikescozumel\/\",\"https:\/\/www.youtube.com\/channel\/UCrIoFe5BInnVhMxbcGbjpXQ\"],\"logo\":{\"@type\":\"ImageObject\",\"@id\":\"https:\/\/beachbumcozumel.mx\/es\/#logo\",\"inLanguage\":\"es\",\"url\":\"https:\/\/beachbumcozumel.mx\/wp-content\/uploads\/2019\/08\/Logo-Beach-Bum-cozumel-3-700.png\",\"width\":700,\"height\":189,\"caption\":\"Beach Bum Cozumel\"},\"image\":{\"@id\":\"https:\/\/beachbumcozumel.mx\/es\/#logo\"},\"location\":{\"@id\":\"https:\/\/beachbumcozumel.mx\/covid-19-update\/#local-place\"},\"address\":{\"@id\":\"https:\/\/beachbumcozumel.mx\/covid-19-update\/#local-place-address\"}},{\"@type\":\"WebSite\",\"@id\":\"https:\/\/beachbumcozumel.mx\/es\/#website\",\"url\":\"https:\/\/beachbumcozumel.mx\/es\/\",\"name\":\"Beach Bum Cozumel\",\"description\":\"Best things to do in Cozumel\",\"publisher\":{\"@id\":\"https:\/\/beachbumcozumel.mx\/es\/#organization\"},\"potentialAction\":[{\"@type\":\"SearchAction\",\"target\":\"https:\/\/beachbumcozumel.mx\/es\/?s={search_term_string}\",\"query-input\":\"required name=search_term_string\"}],\"inLanguage\":\"es\"},{\"@type\":\"WebPage\",\"@id\":\"https:\/\/beachbumcozumel.mx\/covid-19-update\/#webpage\",\"url\":\"https:\/\/beachbumcozumel.mx\/covid-19-update\/\",\"name\":\"Covid 19: Sanitary Protocol | Beach Bum Cozumel\",\"isPartOf\":{\"@id\":\"https:\/\/beachbumcozumel.mx\/es\/#website\"},\"datePublished\":\"2020-06-08T21:55:05+00:00\",\"dateModified\":\"2020-07-06T16:13:15+00:00\",\"description\":\"Since the outbreak of Covid-19, we have taken the necessary steps to ensure a safe reopening, and we want to walk you through these steps.\",\"inLanguage\":\"es\",\"potentialAction\":[{\"@type\":\"ReadAction\",\"target\":[\"https:\/\/beachbumcozumel.mx\/covid-19-update\/\"]}]},{\"@type\":\"Place\",\"@id\":\"https:\/\/beachbumcozumel.mx\/covid-19-update\/#local-place\",\"address\":{\"@type\":\"PostalAddress\",\"@id\":\"https:\/\/beachbumcozumel.mx\/covid-19-update\/#local-place-address\",\"streetAddress\":\"\",\"addressLocality\":\"\",\"postalCode\":\"\",\"addressRegion\":\"\",\"addressCountry\":\"\"},\"geo\":{\"@type\":\"GeoCoordinates\",\"latitude\":\"\",\"longitude\":\"\"},\"openingHoursSpecification\":[{\"@type\":\"OpeningHoursSpecification\",\"dayOfWeek\":[\"Monday\",\"Tuesday\",\"Wednesday\",\"Thursday\",\"Friday\",\"Saturday\",\"Sunday\"],\"opens\":\"09:00\",\"closes\":\"17:00\"}]}]}<\/script>\n<!-- \/ Yoast SEO Premium plugin. -->","_links":{"self":[{"href":"https:\/\/beachbumcozumel.mx\/es\/wp-json\/wp\/v2\/pages\/3224","targetHints":{"allow":["GET"]}}],"collection":[{"href":"https:\/\/beachbumcozumel.mx\/es\/wp-json\/wp\/v2\/pages"}],"about":[{"href":"https:\/\/beachbumcozumel.mx\/es\/wp-json\/wp\/v2\/types\/page"}],"author":[{"embeddable":true,"href":"https:\/\/beachbumcozumel.mx\/es\/wp-json\/wp\/v2\/users\/2"}],"replies":[{"embeddable":true,"href":"https:\/\/beachbumcozumel.mx\/es\/wp-json\/wp\/v2\/comments?post=3224"}],"version-history":[{"count":56,"href":"https:\/\/beachbumcozumel.mx\/es\/wp-json\/wp\/v2\/pages\/3224\/revisions"}],"predecessor-version":[{"id":3410,"href":"https:\/\/beachbumcozumel.mx\/es\/wp-json\/wp\/v2\/pages\/3224\/revisions\/3410"}],"wp:attachment":[{"href":"https:\/\/beachbumcozumel.mx\/es\/wp-json\/wp\/v2\/media?parent=3224"}],"wp:term":[{"taxonomy":"yst_prominent_words","embeddable":true,"href":"https:\/\/beachbumcozumel.mx\/es\/wp-json\/wp\/v2\/yst_prominent_words?post=3224"}],"curies":[{"name":"wp","href":"https:\/\/api.w.org\/{rel}","templated":true}]}}